{"id":1198,"date":"2023-04-24T06:48:52","date_gmt":"2023-04-24T06:48:52","guid":{"rendered":"http:\/\/mmis.ca\/?page_id=1198"},"modified":"2026-05-06T16:31:53","modified_gmt":"2026-05-06T16:31:53","slug":"walsroder-fibrous-casings","status":"publish","type":"page","link":"https:\/\/mmis.ca\/fr\/boyaux-fibreux-de-walsroder\/","title":{"rendered":"Boyaux fibreux Viskase"},"content":{"rendered":"<div data-elementor-type=\"wp-page\" data-elementor-id=\"1198\" class=\"elementor elementor-1198\" data-elementor-post-type=\"page\">\n\t\t\t\t\t\t<section class=\"elementor-section elementor-top-section elementor-element elementor-element-8443908 elementor-section-boxed elementor-section-height-default elementor-section-height-default\" data-id=\"8443908\" data-element_type=\"section\">\n\t\t\t\t\t\t<div class=\"elementor-container elementor-column-gap-default\">\n\t\t\t\t\t<div class=\"elementor-column elementor-col-50 elementor-top-column elementor-element elementor-element-b62c72d\" data-id=\"b62c72d\" data-element_type=\"column\">\n\t\t\t<div class=\"elementor-widget-wrap elementor-element-populated\">\n\t\t\t\t\t\t<div class=\"elementor-element elementor-element-a4ec009 elementor-widget elementor-widget-image\" data-id=\"a4ec009\" data-element_type=\"widget\" data-widget_type=\"image.default\">\n\t\t\t\t<div class=\"elementor-widget-container\">\n\t\t\t\t\t\t\t\t\t\t\t\t\t\t\t<img fetchpriority=\"high\" decoding=\"async\" width=\"2487\" height=\"1330\" src=\"https:\/\/mmis.ca\/wp-content\/uploads\/2017\/04\/INSERT.jpg\" class=\"attachment-full size-full wp-image-676\" alt=\"\" srcset=\"https:\/\/mmis.ca\/wp-content\/uploads\/2017\/04\/INSERT.jpg 2487w, https:\/\/mmis.ca\/wp-content\/uploads\/2017\/04\/INSERT-300x160.jpg 300w, https:\/\/mmis.ca\/wp-content\/uploads\/2017\/04\/INSERT-768x411.jpg 768w, https:\/\/mmis.ca\/wp-content\/uploads\/2017\/04\/INSERT-1024x548.jpg 1024w, https:\/\/mmis.ca\/wp-content\/uploads\/2017\/04\/INSERT-24x13.jpg 24w, https:\/\/mmis.ca\/wp-content\/uploads\/2017\/04\/INSERT-36x19.jpg 36w, https:\/\/mmis.ca\/wp-content\/uploads\/2017\/04\/INSERT-48x26.jpg 48w\" sizes=\"(max-width: 2487px) 100vw, 2487px\" \/>\t\t\t\t\t\t\t\t\t\t\t\t\t\t\t<\/div>\n\t\t\t\t<\/div>\n\t\t\t\t\t<\/div>\n\t\t<\/div>\n\t\t\t\t<div class=\"elementor-column elementor-col-50 elementor-top-column elementor-element elementor-element-31502ad\" data-id=\"31502ad\" data-element_type=\"column\">\n\t\t\t<div class=\"elementor-widget-wrap elementor-element-populated\">\n\t\t\t\t\t\t<div class=\"elementor-element elementor-element-fd2f280 elementor-widget__width-initial elementor-widget elementor-widget-text-editor\" data-id=\"fd2f280\" data-element_type=\"widget\" data-widget_type=\"text-editor.default\">\n\t\t\t\t<div class=\"elementor-widget-container\">\n\t\t\t\t\t\t\t\t\t<p>Viskase\u00a0Fibrous\u00a0<a style=\"background-color: #ffffff;\" href=\"https:\/\/mmis.ca\/fr\/boitiers-en-plastique-walsroder\/\">Casings<\/a>\u00a0Les gaines fibreuses Viskase (anciennement Walsroder) ont fait leurs preuves depuis des d\u00e9cennies. Perm\u00e9ables \u00e0 la fum\u00e9e et respirantes, elles pr\u00e9sentent d'excellentes caract\u00e9ristiques\u00a0: grande r\u00e9gularit\u00e9 dimensionnelle, bonne usinabilit\u00e9 et haute r\u00e9sistance m\u00e9canique. Elles offrent des propri\u00e9t\u00e9s de vulcanisation optimales et un fini satin\u00e9 mat naturel.<\/p>\t\t\t\t\t\t\t\t<\/div>\n\t\t\t\t<\/div>\n\t\t\t\t\t<\/div>\n\t\t<\/div>\n\t\t\t\t\t<\/div>\n\t\t<\/section>\n\t\t\t\t<section class=\"elementor-section elementor-top-section elementor-element elementor-element-10aba06b elementor-section-boxed elementor-section-height-default elementor-section-height-default\" data-id=\"10aba06b\" data-element_type=\"section\">\n\t\t\t\t\t\t<div class=\"elementor-container elementor-column-gap-default\">\n\t\t\t\t\t<div class=\"elementor-column elementor-col-100 elementor-top-column elementor-element elementor-element-75e9fa01\" data-id=\"75e9fa01\" data-element_type=\"column\">\n\t\t\t<div class=\"elementor-widget-wrap elementor-element-populated\">\n\t\t\t\t\t\t<div class=\"elementor-element elementor-element-25464333 elementor-widget elementor-widget-text-editor\" data-id=\"25464333\" data-element_type=\"widget\" data-widget_type=\"text-editor.default\">\n\t\t\t\t<div class=\"elementor-widget-container\">\n\t\t\t\t\t\t\t\t\t<p><strong>Applications:<\/strong> Les boyaux fibreux Viskase ont \u00e9t\u00e9 sp\u00e9cialement d\u00e9velopp\u00e9s pour la production de tous types de saucisses s\u00e8ches, cuites ou \u00e9chaud\u00e9es, semi-s\u00e8ches et fum\u00e9es, ainsi que pour les produits de charcuterie cuits ou crus, emboss\u00e9s sous pression. Des niveaux d'impr\u00e9gnation gradu\u00e9s conf\u00e8rent \u00e0 chaque gamme de produits des propri\u00e9t\u00e9s d'adh\u00e9rence \u00e0 la viande parfaitement contr\u00f4l\u00e9es. Cette gamme propose le boyau id\u00e9al pour chaque type de saucisse \u2014 qu'elle soit destin\u00e9e \u00e0 \u00eatre tranch\u00e9e ou tartin\u00e9e : le salami, la Teewurst et la saucisse au jambon fum\u00e9 n'en sont que quelques exemples. Au cours des \u00e9tapes de fumage et de s\u00e9chage, le boyau \u00e9pouse parfaitement les \u00e9volutions de la m\u00eal\u00e9e, conf\u00e9rant ainsi aux saucisses leur aspect fermement emboss\u00e9.<\/p><p>Les boyaux fibreux Viskase r\u00e9sistent \u00e0 toutes les contraintes et sollicitations auxquelles ils sont soumis. Cela facilite leur transformation, qu'elle soit effectu\u00e9e manuellement, \u00e0 la machine ou sur des \u00e9quipements automatis\u00e9s, et ce, m\u00eame \u00e0 grande vitesse. Ces boyaux supportent sans difficult\u00e9 le clippage, le poin\u00e7onnage et le pr\u00e9-collage, tout en conservant leurs dimensions exactes. La gamme de boyaux fibreux Viskase propose des solutions adapt\u00e9es \u00e0 une infinit\u00e9 de vari\u00e9t\u00e9s de saucisses, y compris des sp\u00e9cialit\u00e9s uniques. Il est possible de s\u00e9lectionner le degr\u00e9 d'adh\u00e9rence \u00e0 la viande appropri\u00e9 gr\u00e2ce \u00e0 un syst\u00e8me ing\u00e9nieux et soigneusement gradu\u00e9, garantissant des caract\u00e9ristiques d'\u00e9pluchage optimales pour chaque type de saucisse.<\/p><p>Les boyaux fibreux Viskase constituent un choix privil\u00e9gi\u00e9 pour les fabricants de saucisses du monde entier. Ces boyaux sont compos\u00e9s d'une combinaison de papier et de fibres synth\u00e9tiques, ce qui leur conf\u00e8re une excellente r\u00e9sistance, une grande durabilit\u00e9 et une remarquable \u00e9lasticit\u00e9. Ainsi, les saucisses \u00e9labor\u00e9es avec des boyaux fibreux Viskase pr\u00e9sentent une forme uniforme, se tranchent ais\u00e9ment et r\u00e9sistent aux contraintes inh\u00e9rentes aux processus de transformation et de conditionnement.<\/p><h3><strong>Les avantages des boyaux fibreux Viskase<\/strong><\/h3><p>L'un des principaux atouts des boyaux fibreux Viskase r\u00e9side dans leur polyvalence. Disponibles dans une vaste gamme de diam\u00e8tres, de longueurs et de couleurs, ils permettent d'\u00e9laborer des saucisses de tailles et de formes vari\u00e9es. Ils sont par ailleurs adapt\u00e9s \u00e0 divers proc\u00e9d\u00e9s de transformation, notamment le fumage, la cuisson et le s\u00e9chage. De plus, leur facilit\u00e9 d'\u00e9pluchage en fait un choix privil\u00e9gi\u00e9 pour les produits n\u00e9cessitant un conditionnement individuel.<\/p><p>Un autre avantage des boyaux fibreux Viskase est qu'ils sont fabriqu\u00e9s \u00e0 partir de mat\u00e9riaux biod\u00e9gradables. Le \u00ab papier \u00bb en voile fibreux utilis\u00e9 pour la production de ces boyaux provient de ressources renouvelables et se composte naturellement au fil du temps.<\/p><p><strong>Dans l'ensemble, les boyaux fibreux Viskase constituent un choix fiable et polyvalent pour les fabricants de saucisses \u00e0 la recherche de boyaux durables et de haute qualit\u00e9, capables de r\u00e9sister aux exigences des proc\u00e9d\u00e9s modernes de transformation et de conditionnement. Que vous fabriquiez des saucisses pour votre consommation personnelle ou pour la vente commerciale, les boyaux fibreux Viskase repr\u00e9sentent un excellent choix.<\/strong><\/p>\t\t\t\t\t\t\t\t<\/div>\n\t\t\t\t<\/div>\n\t\t\t\t\t<\/div>\n\t\t<\/div>\n\t\t\t\t\t<\/div>\n\t\t<\/section>\n\t\t\t\t<section class=\"elementor-section elementor-top-section elementor-element elementor-element-05de5c8 elementor-section-full_width elementor-section-height-default elementor-section-height-default\" data-id=\"05de5c8\" data-element_type=\"section\">\n\t\t\t\t\t\t<div class=\"elementor-container elementor-column-gap-default\">\n\t\t\t\t\t<div class=\"elementor-column elementor-col-100 elementor-top-column elementor-element elementor-element-df7b877\" data-id=\"df7b877\" data-element_type=\"column\">\n\t\t\t<div class=\"elementor-widget-wrap elementor-element-populated\">\n\t\t\t\t\t\t<div class=\"elementor-element elementor-element-bb32ee2 elementor-widget elementor-widget-shortcode\" data-id=\"bb32ee2\" data-element_type=\"widget\" data-widget_type=\"shortcode.default\">\n\t\t\t\t<div class=\"elementor-widget-container\">\n\t\t\t\t\t\t\t<div class=\"elementor-shortcode\">\t\t<div data-elementor-type=\"wp-post\" data-elementor-id=\"1005\" class=\"elementor elementor-1005\" data-elementor-post-type=\"elementor-hf\">\n\t\t\t\t\t\t<footer class=\"elementor-section elementor-top-section elementor-element elementor-element-1adf6c3 elementor-section-full_width elementor-section-height-default elementor-section-height-default\" data-id=\"1adf6c3\" data-element_type=\"section\" data-settings=\"{&quot;background_background&quot;:&quot;gradient&quot;}\">\n\t\t\t\t\t\t<div class=\"elementor-container elementor-column-gap-default\">\n\t\t\t\t\t<div class=\"elementor-column elementor-col-33 elementor-top-column elementor-element elementor-element-f375590\" data-id=\"f375590\" data-element_type=\"column\">\n\t\t\t<div class=\"elementor-widget-wrap elementor-element-populated\">\n\t\t\t\t\t\t<div class=\"elementor-element elementor-element-4aa5181 elementor-widget elementor-widget-text-editor\" data-id=\"4aa5181\" data-element_type=\"widget\" data-widget_type=\"text-editor.default\">\n\t\t\t\t<div class=\"elementor-widget-container\">\n\t\t\t\t\t\t\t\t\t<p>Notre emplacement: 151 King Street,<br \/>Barrie, Ontario, L4N 6B5<br \/>Servir le Canada et l'Am\u00e9rique du Nord<\/p>\t\t\t\t\t\t\t\t<\/div>\n\t\t\t\t<\/div>\n\t\t\t\t\t<\/div>\n\t\t<\/div>\n\t\t\t\t<div class=\"elementor-column elementor-col-33 elementor-top-column elementor-element elementor-element-bfb550a\" data-id=\"bfb550a\" data-element_type=\"column\">\n\t\t\t<div class=\"elementor-widget-wrap elementor-element-populated\">\n\t\t\t\t\t\t<div class=\"elementor-element elementor-element-458c3b4 elementor-widget elementor-widget-image\" data-id=\"458c3b4\" data-element_type=\"widget\" data-widget_type=\"image.default\">\n\t\t\t\t<div class=\"elementor-widget-container\">\n\t\t\t\t\t\t\t\t\t\t\t\t\t\t\t<img decoding=\"async\" width=\"300\" height=\"78\" src=\"https:\/\/mmis.ca\/wp-content\/uploads\/2017\/04\/newlogos-300x78.png\" class=\"attachment-medium size-medium wp-image-390\" alt=\"\" srcset=\"https:\/\/mmis.ca\/wp-content\/uploads\/2017\/04\/newlogos-300x78.png 300w, https:\/\/mmis.ca\/wp-content\/uploads\/2017\/04\/newlogos-768x200.png 768w, https:\/\/mmis.ca\/wp-content\/uploads\/2017\/04\/newlogos-1024x267.png 1024w, https:\/\/mmis.ca\/wp-content\/uploads\/2017\/04\/newlogos.png 1037w\" sizes=\"(max-width: 300px) 100vw, 300px\" \/>\t\t\t\t\t\t\t\t\t\t\t\t\t\t\t<\/div>\n\t\t\t\t<\/div>\n\t\t\t\t\t<\/div>\n\t\t<\/div>\n\t\t\t\t<div class=\"elementor-column elementor-col-33 elementor-top-column elementor-element elementor-element-d152e93\" data-id=\"d152e93\" data-element_type=\"column\">\n\t\t\t<div class=\"elementor-widget-wrap elementor-element-populated\">\n\t\t\t\t\t\t<div class=\"elementor-element elementor-element-eeedc57 elementor-widget elementor-widget-text-editor\" data-id=\"eeedc57\" data-element_type=\"widget\" data-widget_type=\"text-editor.default\">\n\t\t\t\t<div class=\"elementor-widget-container\">\n\t\t\t\t\t\t\t\t\t<p>E-mail: <a href=\"mailto:inquiry@mmis.ca\">inquiry@mmis.ca<\/a><br \/>T\u00e9l\u00e9phone #: <a href=\"Tel:9058411717\">905 841 1717<\/a><br \/>Gratuit: <a href=\"Tel:1-877-873-6647\">1-877-873-6647<\/a><\/p>\t\t\t\t\t\t\t\t<\/div>\n\t\t\t\t<\/div>\n\t\t\t\t\t<\/div>\n\t\t<\/div>\n\t\t\t\t\t<\/div>\n\t\t<\/footer>\n\t\t\t\t<\/div>\n\t\t<\/div>\n\t\t\t\t\t\t<\/div>\n\t\t\t\t<\/div>\n\t\t\t\t\t<\/div>\n\t\t<\/div>\n\t\t\t\t\t<\/div>\n\t\t<\/section>\n\t\t\t\t<\/div>","protected":false},"excerpt":{"rendered":"<p>Viskase\u00a0Fibrous\u00a0Casings\u00a0(formerly named Walsroder) have stood the test of time through many decades. They are smoke-permeable and breathable, and the\u00a0superb features include high size consistency, good machinability and high mechanical strength. Viskase Fibrous Casings have optimum curing properties and a natural satin-matte finish. Applications: Viskase Fibrous Casings were specially developed for the production of all types [&hellip;]<\/p>","protected":false},"author":2,"featured_media":0,"parent":0,"menu_order":0,"comment_status":"closed","ping_status":"closed","template":"","meta":{"footnotes":""},"class_list":["post-1198","page","type-page","status-publish","hentry"],"aioseo_notices":[],"_links":{"self":[{"href":"https:\/\/mmis.ca\/fr\/wp-json\/wp\/v2\/pages\/1198","targetHints":{"allow":["GET"]}}],"collection":[{"href":"https:\/\/mmis.ca\/fr\/wp-json\/wp\/v2\/pages"}],"about":[{"href":"https:\/\/mmis.ca\/fr\/wp-json\/wp\/v2\/types\/page"}],"author":[{"embeddable":true,"href":"https:\/\/mmis.ca\/fr\/wp-json\/wp\/v2\/users\/2"}],"replies":[{"embeddable":true,"href":"https:\/\/mmis.ca\/fr\/wp-json\/wp\/v2\/comments?post=1198"}],"version-history":[{"count":61,"href":"https:\/\/mmis.ca\/fr\/wp-json\/wp\/v2\/pages\/1198\/revisions"}],"predecessor-version":[{"id":5808,"href":"https:\/\/mmis.ca\/fr\/wp-json\/wp\/v2\/pages\/1198\/revisions\/5808"}],"wp:attachment":[{"href":"https:\/\/mmis.ca\/fr\/wp-json\/wp\/v2\/media?parent=1198"}],"curies":[{"name":"wp","href":"https:\/\/api.w.org\/{rel}","templated":true}]}}