{"id":1203,"date":"2023-04-24T07:21:02","date_gmt":"2023-04-24T07:21:02","guid":{"rendered":"http:\/\/mmis.ca\/?page_id=1203"},"modified":"2026-04-09T18:36:08","modified_gmt":"2026-04-09T18:36:08","slug":"walsroder-high-barrier-casings","status":"publish","type":"page","link":"https:\/\/mmis.ca\/fr\/walsroder-boitiers-a-barriere-haute\/","title":{"rendered":"Boyaux haute barri\u00e8re F Plus"},"content":{"rendered":"<div data-elementor-type=\"wp-page\" data-elementor-id=\"1203\" class=\"elementor elementor-1203\" data-elementor-post-type=\"page\">\n\t\t\t\t\t\t<section class=\"elementor-section elementor-top-section elementor-element elementor-element-38f2cb4a elementor-section-boxed elementor-section-height-default elementor-section-height-default\" data-id=\"38f2cb4a\" data-element_type=\"section\">\n\t\t\t\t\t\t<div class=\"elementor-container elementor-column-gap-default\">\n\t\t\t\t\t<div class=\"elementor-column elementor-col-100 elementor-top-column elementor-element elementor-element-41c6d4ba\" data-id=\"41c6d4ba\" data-element_type=\"column\">\n\t\t\t<div class=\"elementor-widget-wrap elementor-element-populated\">\n\t\t\t\t\t\t<div class=\"elementor-element elementor-element-410fbb20 elementor-widget elementor-widget-text-editor\" data-id=\"410fbb20\" data-element_type=\"widget\" data-widget_type=\"text-editor.default\">\n\t\t\t\t<div class=\"elementor-widget-container\">\n\t\t\t\t\t\t\t\t\t<div class=\"pum-content popmake-content\"><img fetchpriority=\"high\" decoding=\"async\" class=\"alignright wp-image-678 size-medium\" src=\"http:\/\/www.mmis.ca\/wp-content\/uploads\/2017\/06\/INSERT-1-300x221.jpg\" sizes=\"(max-width: 300px) 100vw, 300px\" srcset=\"https:\/\/mmis.ca\/wp-content\/uploads\/2017\/06\/INSERT-1-300x221.jpg 300w, https:\/\/mmis.ca\/wp-content\/uploads\/2017\/06\/INSERT-1-768x565.jpg 768w, https:\/\/mmis.ca\/wp-content\/uploads\/2017\/06\/INSERT-1-1024x754.jpg 1024w, https:\/\/mmis.ca\/wp-content\/uploads\/2017\/06\/INSERT-1-24x18.jpg 24w, https:\/\/mmis.ca\/wp-content\/uploads\/2017\/06\/INSERT-1-36x26.jpg 36w, https:\/\/mmis.ca\/wp-content\/uploads\/2017\/06\/INSERT-1-48x35.jpg 48w, https:\/\/mmis.ca\/wp-content\/uploads\/2017\/06\/INSERT-1.jpg 1280w\" alt=\"\" width=\"300\" height=\"221\" \/><p>Boyaux F Plus \u00e0 haute barri\u00e8re : F Plus allie les avantages des boyaux fibreux \u2014 tels qu'une surface satin\u00e9e-mate et une excellente capacit\u00e9 de r\u00e9traction \u2014 aux propri\u00e9t\u00e9s exceptionnelles de barri\u00e8re et d'adh\u00e9rence \u00e0 la viande g\u00e9n\u00e9ralement associ\u00e9es aux boyaux plastiques. F Plus est dot\u00e9, sur sa face interne, d'un rev\u00eatement barri\u00e8re d'une grande efficacit\u00e9. Il pr\u00e9sente une tr\u00e8s forte imperm\u00e9abilit\u00e9 \u00e0 la vapeur d'eau, \u00e0 l'oxyg\u00e8ne et aux ar\u00f4mes, tout en \u00e9tant r\u00e9sistant aux graisses. Ses caract\u00e9ristiques remarquables, telles qu'une texture facilitant la manipulation et une excellente aptitude au fa\u00e7onnage m\u00e9canique, rendent ce boyau tout aussi attrayant pour le secteur de la boucherie artisanale que pour l'industrie de la transformation de la viande.<\/p><p>\u00a0<\/p><p><strong>Applications<\/strong>F plus est id\u00e9al pour les saucisses cuites et \u00e9chaud\u00e9es non fum\u00e9es. Leur couleur et leur qualit\u00e9 sont pr\u00e9serv\u00e9es gr\u00e2ce \u00e0 F plus. Un atout majeur en point de vente est l'aspect naturel et la longue dur\u00e9e de conservation des saucisses. Les saucisses sous F plus restent fra\u00eeches et conservent leur saveur. Correctement conserv\u00e9es, elles se gardent plusieurs semaines sans alt\u00e9rer leur qualit\u00e9. Gr\u00e2ce \u00e0 son excellente tenue au r\u00e9tr\u00e9cissement \u2013 \u200b\u200btr\u00e8s appr\u00e9ci\u00e9e des professionnels du secteur \u2013 F plus garantit que les saucisses conservent leur enveloppe bien serr\u00e9e. <a href=\"https:\/\/mmis.ca\/fr\/\">produit de saucisse<\/a> Tr\u00e8s adh\u00e9rente et sans plis, elle assure une excellente adh\u00e9rence \u00e0 la viande. La F plus peut \u00eatre remplie exactement au diam\u00e8tre de remplissage recommand\u00e9, r\u00e9pondant ainsi aux pr\u00e9requis pour le conditionnement de saucisses coup\u00e9es en deux ou portionn\u00e9es destin\u00e9es \u00e0 la vente au d\u00e9tail en libre-service.<\/p><p>\u00a0<\/p><h2>FVP<\/h2><p>L'alternative FVP brillante \u00e0 rev\u00eatement barri\u00e8re est un boyau fibreux dot\u00e9 d'un rev\u00eatement barri\u00e8re externe qui, associ\u00e9 \u00e0 la surface naturelle, conf\u00e8re \u00e0 la saucisse son aspect brillant. Ce rev\u00eatement barri\u00e8re garantit aux saucisses une dur\u00e9e de conservation fiable et assure que la couche fibreuse interne du boyau reste constamment humide. En termes pratiques, cela se r\u00e9sume \u00e0 : aucune r\u00e9tractation, aucun \u00e9clatement et aucun traitement par fumage. Lorsque la saucisse est finalement tranch\u00e9e, l'\u00e9mulsion cuite ne suinte pas ; en d'autres termes, c'est le boyau id\u00e9al pour toutes les vari\u00e9t\u00e9s de saucisses de foie.<\/p><p>\u00a0<\/p><p><strong>Applications:<\/strong> Le FVP constitue le choix id\u00e9al pour les saucisses cuites ou \u00e9chaud\u00e9es non fum\u00e9es, les produits de charcuterie cuits et les produits carn\u00e9s reconstitu\u00e9s cuits, y compris les produits \u00e0 base de volaille. C\u2019est l\u2019enveloppe parfaite pour toutes les vari\u00e9t\u00e9s de saucisses de foie. Le FVP est pratiquement imperm\u00e9able \u00e0 la vapeur d\u2019eau, \u00e0 l\u2019oxyg\u00e8ne et aux ar\u00f4mes, tout en \u00e9tant \u00e9tanche aux graisses. Les saucisses acqui\u00e8rent un aspect ext\u00e9rieur brillant et conservent leur fra\u00eecheur pendant tr\u00e8s longtemps. De plus, les saucisses produites sous FVP sont adapt\u00e9es \u00e0 la surg\u00e9lation. Le FVP peut \u00eatre rempli sans difficult\u00e9 jusqu\u2019au diam\u00e8tre sp\u00e9cifi\u00e9 : gr\u00e2ce \u00e0 une pression de poussage ad\u00e9quate, les saucisses adopteront des contours parfaitement arrondis.<\/p><p>\u00a0<\/p><p>De plus, le FVP peut d\u00e9sormais \u00eatre utilis\u00e9 pour transf\u00e9rer du colorant caramel et\/ou de l'ar\u00f4me de fum\u00e9e vers un produit alimentaire, tout en restant \u00e0 l'int\u00e9rieur d'un boyau \u00e9tanche \u00e0 l'humidit\u00e9. Id\u00e9ale pour les applications \u00e0 base de viande ou de fromage, cette nouvelle innovation permet d'\u00e9viter les applications salissantes et co\u00fbteuses de colorant caramel ou de fum\u00e9e liquide. Les rendements de production peuvent \u00e9galement \u00eatre maximis\u00e9s gr\u00e2ce au boyau FVP \u00e9tanche \u00e0 l'humidit\u00e9, par rapport \u00e0 un boyau traditionnel en fibres ou en collag\u00e8ne. \u00a0<\/p><p><strong>Notre \u00e9quipe technique est disponible pour discuter des derniers traitements \/ rev\u00eatements pour vos applications.<\/strong><\/p><\/div>\t\t\t\t\t\t\t\t<\/div>\n\t\t\t\t<\/div>\n\t\t\t\t\t<\/div>\n\t\t<\/div>\n\t\t\t\t\t<\/div>\n\t\t<\/section>\n\t\t\t\t<section class=\"elementor-section elementor-top-section elementor-element elementor-element-cb86dbe elementor-section-full_width elementor-section-height-default elementor-section-height-default\" data-id=\"cb86dbe\" data-element_type=\"section\">\n\t\t\t\t\t\t<div class=\"elementor-container elementor-column-gap-default\">\n\t\t\t\t\t<div class=\"elementor-column elementor-col-100 elementor-top-column elementor-element elementor-element-5d80d3a\" data-id=\"5d80d3a\" data-element_type=\"column\">\n\t\t\t<div class=\"elementor-widget-wrap elementor-element-populated\">\n\t\t\t\t\t\t<div class=\"elementor-element elementor-element-90e3beb elementor-widget elementor-widget-shortcode\" data-id=\"90e3beb\" data-element_type=\"widget\" data-widget_type=\"shortcode.default\">\n\t\t\t\t<div class=\"elementor-widget-container\">\n\t\t\t\t\t\t\t<div class=\"elementor-shortcode\">\t\t<div data-elementor-type=\"wp-post\" data-elementor-id=\"1005\" class=\"elementor elementor-1005\" data-elementor-post-type=\"elementor-hf\">\n\t\t\t\t\t\t<footer class=\"elementor-section elementor-top-section elementor-element elementor-element-1adf6c3 elementor-section-full_width elementor-section-height-default elementor-section-height-default\" data-id=\"1adf6c3\" data-element_type=\"section\" data-settings=\"{&quot;background_background&quot;:&quot;gradient&quot;}\">\n\t\t\t\t\t\t<div class=\"elementor-container elementor-column-gap-default\">\n\t\t\t\t\t<div class=\"elementor-column elementor-col-33 elementor-top-column elementor-element elementor-element-f375590\" data-id=\"f375590\" data-element_type=\"column\">\n\t\t\t<div class=\"elementor-widget-wrap elementor-element-populated\">\n\t\t\t\t\t\t<div class=\"elementor-element elementor-element-4aa5181 elementor-widget elementor-widget-text-editor\" data-id=\"4aa5181\" data-element_type=\"widget\" data-widget_type=\"text-editor.default\">\n\t\t\t\t<div class=\"elementor-widget-container\">\n\t\t\t\t\t\t\t\t\t<p>Notre emplacement: 151 King Street,<br \/>Barrie, Ontario, L4N 6B5<br \/>Servir le Canada et l'Am\u00e9rique du Nord<\/p>\t\t\t\t\t\t\t\t<\/div>\n\t\t\t\t<\/div>\n\t\t\t\t\t<\/div>\n\t\t<\/div>\n\t\t\t\t<div class=\"elementor-column elementor-col-33 elementor-top-column elementor-element elementor-element-bfb550a\" data-id=\"bfb550a\" data-element_type=\"column\">\n\t\t\t<div class=\"elementor-widget-wrap elementor-element-populated\">\n\t\t\t\t\t\t<div class=\"elementor-element elementor-element-458c3b4 elementor-widget elementor-widget-image\" data-id=\"458c3b4\" data-element_type=\"widget\" data-widget_type=\"image.default\">\n\t\t\t\t<div class=\"elementor-widget-container\">\n\t\t\t\t\t\t\t\t\t\t\t\t\t\t\t<img decoding=\"async\" width=\"300\" height=\"78\" src=\"https:\/\/mmis.ca\/wp-content\/uploads\/2017\/04\/newlogos-300x78.png\" class=\"attachment-medium size-medium wp-image-390\" alt=\"\" srcset=\"https:\/\/mmis.ca\/wp-content\/uploads\/2017\/04\/newlogos-300x78.png 300w, https:\/\/mmis.ca\/wp-content\/uploads\/2017\/04\/newlogos-768x200.png 768w, https:\/\/mmis.ca\/wp-content\/uploads\/2017\/04\/newlogos-1024x267.png 1024w, https:\/\/mmis.ca\/wp-content\/uploads\/2017\/04\/newlogos.png 1037w\" sizes=\"(max-width: 300px) 100vw, 300px\" \/>\t\t\t\t\t\t\t\t\t\t\t\t\t\t\t<\/div>\n\t\t\t\t<\/div>\n\t\t\t\t\t<\/div>\n\t\t<\/div>\n\t\t\t\t<div class=\"elementor-column elementor-col-33 elementor-top-column elementor-element elementor-element-d152e93\" data-id=\"d152e93\" data-element_type=\"column\">\n\t\t\t<div class=\"elementor-widget-wrap elementor-element-populated\">\n\t\t\t\t\t\t<div class=\"elementor-element elementor-element-eeedc57 elementor-widget elementor-widget-text-editor\" data-id=\"eeedc57\" data-element_type=\"widget\" data-widget_type=\"text-editor.default\">\n\t\t\t\t<div class=\"elementor-widget-container\">\n\t\t\t\t\t\t\t\t\t<p>E-mail: <a href=\"mailto:inquiry@mmis.ca\">inquiry@mmis.ca<\/a><br \/>T\u00e9l\u00e9phone #: <a href=\"Tel:9058411717\">905 841 1717<\/a><br \/>Gratuit: <a href=\"Tel:1-877-873-6647\">1-877-873-6647<\/a><\/p>\t\t\t\t\t\t\t\t<\/div>\n\t\t\t\t<\/div>\n\t\t\t\t\t<\/div>\n\t\t<\/div>\n\t\t\t\t\t<\/div>\n\t\t<\/footer>\n\t\t\t\t<\/div>\n\t\t<\/div>\n\t\t\t\t\t\t<\/div>\n\t\t\t\t<\/div>\n\t\t\t\t\t<\/div>\n\t\t<\/div>\n\t\t\t\t\t<\/div>\n\t\t<\/section>\n\t\t\t\t<\/div>","protected":false},"excerpt":{"rendered":"<p>F plus couples the benefits of fibrous casings, such as satin-matt surface and excellent shrink capability, with the superb barrier and meat cling properties associated with plastic casings.\u00a0F plus has a highly effective barrier coating on the inside. It is highly impermeable to water vapour, oxygen and aromas as well as being greaseproof. Outstanding features [&hellip;]<\/p>","protected":false},"author":2,"featured_media":0,"parent":0,"menu_order":0,"comment_status":"closed","ping_status":"closed","template":"","meta":{"footnotes":""},"class_list":["post-1203","page","type-page","status-publish","hentry"],"aioseo_notices":[],"_links":{"self":[{"href":"https:\/\/mmis.ca\/fr\/wp-json\/wp\/v2\/pages\/1203","targetHints":{"allow":["GET"]}}],"collection":[{"href":"https:\/\/mmis.ca\/fr\/wp-json\/wp\/v2\/pages"}],"about":[{"href":"https:\/\/mmis.ca\/fr\/wp-json\/wp\/v2\/types\/page"}],"author":[{"embeddable":true,"href":"https:\/\/mmis.ca\/fr\/wp-json\/wp\/v2\/users\/2"}],"replies":[{"embeddable":true,"href":"https:\/\/mmis.ca\/fr\/wp-json\/wp\/v2\/comments?post=1203"}],"version-history":[{"count":32,"href":"https:\/\/mmis.ca\/fr\/wp-json\/wp\/v2\/pages\/1203\/revisions"}],"predecessor-version":[{"id":5727,"href":"https:\/\/mmis.ca\/fr\/wp-json\/wp\/v2\/pages\/1203\/revisions\/5727"}],"wp:attachment":[{"href":"https:\/\/mmis.ca\/fr\/wp-json\/wp\/v2\/media?parent=1203"}],"curies":[{"name":"wp","href":"https:\/\/api.w.org\/{rel}","templated":true}]}}