{"id":1222,"date":"2023-04-24T08:02:31","date_gmt":"2023-04-24T08:02:31","guid":{"rendered":"http:\/\/mmis.ca\/?page_id=1222"},"modified":"2025-04-21T15:02:20","modified_gmt":"2025-04-21T15:02:20","slug":"additional-products","status":"publish","type":"page","link":"https:\/\/mmis.ca\/fr\/produits-supplementaires\/","title":{"rendered":"Produits Suppl\u00e9mentaires"},"content":{"rendered":"<div data-elementor-type=\"wp-page\" data-elementor-id=\"1222\" class=\"elementor elementor-1222\" data-elementor-post-type=\"page\">\n\t\t\t\t\t\t<section class=\"elementor-section elementor-top-section elementor-element elementor-element-89327cf elementor-section-boxed elementor-section-height-default elementor-section-height-default\" data-id=\"89327cf\" data-element_type=\"section\">\n\t\t\t\t\t\t<div class=\"elementor-container elementor-column-gap-default\">\n\t\t\t\t\t<div class=\"elementor-column elementor-col-100 elementor-top-column elementor-element elementor-element-7f95fb0e\" data-id=\"7f95fb0e\" data-element_type=\"column\">\n\t\t\t<div class=\"elementor-widget-wrap elementor-element-populated\">\n\t\t\t\t\t\t<div class=\"elementor-element elementor-element-4085b3ed elementor-widget elementor-widget-text-editor\" data-id=\"4085b3ed\" data-element_type=\"widget\" data-widget_type=\"text-editor.default\">\n\t\t\t\t<div class=\"elementor-widget-container\">\n\t\t\t\t\t\t\t\t\t<div class=\"pum-content popmake-content\"><img fetchpriority=\"high\" decoding=\"async\" class=\"wp-image-638 size-full alignright\" src=\"http:\/\/www.mmis.ca\/wp-content\/uploads\/2017\/06\/pate.jpg\" sizes=\"(max-width: 300px) 100vw, 300px\" srcset=\"https:\/\/mmis.ca\/wp-content\/uploads\/2017\/06\/pate.jpg 300w, https:\/\/mmis.ca\/wp-content\/uploads\/2017\/06\/pate-150x150.jpg 150w, https:\/\/mmis.ca\/wp-content\/uploads\/2017\/06\/pate-24x24.jpg 24w, https:\/\/mmis.ca\/wp-content\/uploads\/2017\/06\/pate-36x36.jpg 36w, https:\/\/mmis.ca\/wp-content\/uploads\/2017\/06\/pate-48x48.jpg 48w\" alt=\"\" width=\"300\" height=\"300\" \/><p>MMIS Inc. surveille continuellement les nouveaux d\u00e9veloppements et innovations dans l'industrie des emballages alimentaires. Nous portons actuellement plusieurs gammes de produits suppl\u00e9mentaires et compl\u00e9mentaires comme suit:<\/p><p class=\"translation-block\">Sacs \u00e0 vide - Nous portons un grand bouillon de sacs \u00e0 vide de 3, 4 et 5 mm d'\u00e9paisseur. De nombreuses tailles au choix! Les sacs sont produits en utilisant une technique de coextrusion de sept couches, offrant une excellente dur\u00e9e de conservation et des propri\u00e9t\u00e9s de barri\u00e8re sup\u00e9rieures. Les sacs ont un niveau \u00e9lev\u00e9 de clart\u00e9, sont doux, souples, forts et tr\u00e8s durables. Des impressions de surface multiples simples de 1 couleur ou complexes sont possibles.<\/p><p class=\"translation-block\"><strong>Formulaires en plastique Pat\u00e9 -<\/strong> Les formes en plastique pour les pattes de viande, les pains de viande et d'autres produits sont disponibles en diff\u00e9rentes tailles et couleurs. Ces produits peuvent \u00eatre r\u00e9utilis\u00e9s \u00e0 plusieurs reprises, r\u00e9duisant vos co\u00fbts et votre impact environnemental.<\/p><\/div>\t\t\t\t\t\t\t\t<\/div>\n\t\t\t\t<\/div>\n\t\t\t\t\t<\/div>\n\t\t<\/div>\n\t\t\t\t\t<\/div>\n\t\t<\/section>\n\t\t\t\t<section class=\"elementor-section elementor-top-section elementor-element elementor-element-05fe368 elementor-section-full_width elementor-section-height-default elementor-section-height-default\" data-id=\"05fe368\" data-element_type=\"section\">\n\t\t\t\t\t\t<div class=\"elementor-container elementor-column-gap-default\">\n\t\t\t\t\t<div class=\"elementor-column elementor-col-100 elementor-top-column elementor-element elementor-element-74600ad\" data-id=\"74600ad\" data-element_type=\"column\">\n\t\t\t<div class=\"elementor-widget-wrap elementor-element-populated\">\n\t\t\t\t\t\t<div class=\"elementor-element elementor-element-a87179d elementor-widget elementor-widget-shortcode\" data-id=\"a87179d\" data-element_type=\"widget\" data-widget_type=\"shortcode.default\">\n\t\t\t\t<div class=\"elementor-widget-container\">\n\t\t\t\t\t\t\t<div class=\"elementor-shortcode\">\t\t<div data-elementor-type=\"wp-post\" data-elementor-id=\"1005\" class=\"elementor elementor-1005\" data-elementor-post-type=\"elementor-hf\">\n\t\t\t\t\t\t<footer class=\"elementor-section elementor-top-section elementor-element elementor-element-1adf6c3 elementor-section-full_width elementor-section-height-default elementor-section-height-default\" data-id=\"1adf6c3\" data-element_type=\"section\" data-settings=\"{&quot;background_background&quot;:&quot;gradient&quot;}\">\n\t\t\t\t\t\t<div class=\"elementor-container elementor-column-gap-default\">\n\t\t\t\t\t<div class=\"elementor-column elementor-col-33 elementor-top-column elementor-element elementor-element-f375590\" data-id=\"f375590\" data-element_type=\"column\">\n\t\t\t<div class=\"elementor-widget-wrap elementor-element-populated\">\n\t\t\t\t\t\t<div class=\"elementor-element elementor-element-4aa5181 elementor-widget elementor-widget-text-editor\" data-id=\"4aa5181\" data-element_type=\"widget\" data-widget_type=\"text-editor.default\">\n\t\t\t\t<div class=\"elementor-widget-container\">\n\t\t\t\t\t\t\t\t\t<p>Notre emplacement: 151 King Street,<br \/>Barrie, Ontario, L4N 6B5<br \/>Servir le Canada et l'Am\u00e9rique du Nord<\/p>\t\t\t\t\t\t\t\t<\/div>\n\t\t\t\t<\/div>\n\t\t\t\t\t<\/div>\n\t\t<\/div>\n\t\t\t\t<div class=\"elementor-column elementor-col-33 elementor-top-column elementor-element elementor-element-bfb550a\" data-id=\"bfb550a\" data-element_type=\"column\">\n\t\t\t<div class=\"elementor-widget-wrap elementor-element-populated\">\n\t\t\t\t\t\t<div class=\"elementor-element elementor-element-458c3b4 elementor-widget elementor-widget-image\" data-id=\"458c3b4\" data-element_type=\"widget\" data-widget_type=\"image.default\">\n\t\t\t\t<div class=\"elementor-widget-container\">\n\t\t\t\t\t\t\t\t\t\t\t\t\t\t\t<img decoding=\"async\" width=\"300\" height=\"78\" src=\"https:\/\/mmis.ca\/wp-content\/uploads\/2017\/04\/newlogos-300x78.png\" class=\"attachment-medium size-medium wp-image-390\" alt=\"\" srcset=\"https:\/\/mmis.ca\/wp-content\/uploads\/2017\/04\/newlogos-300x78.png 300w, https:\/\/mmis.ca\/wp-content\/uploads\/2017\/04\/newlogos-768x200.png 768w, https:\/\/mmis.ca\/wp-content\/uploads\/2017\/04\/newlogos-1024x267.png 1024w, https:\/\/mmis.ca\/wp-content\/uploads\/2017\/04\/newlogos.png 1037w\" sizes=\"(max-width: 300px) 100vw, 300px\" \/>\t\t\t\t\t\t\t\t\t\t\t\t\t\t\t<\/div>\n\t\t\t\t<\/div>\n\t\t\t\t\t<\/div>\n\t\t<\/div>\n\t\t\t\t<div class=\"elementor-column elementor-col-33 elementor-top-column elementor-element elementor-element-d152e93\" data-id=\"d152e93\" data-element_type=\"column\">\n\t\t\t<div class=\"elementor-widget-wrap elementor-element-populated\">\n\t\t\t\t\t\t<div class=\"elementor-element elementor-element-eeedc57 elementor-widget elementor-widget-text-editor\" data-id=\"eeedc57\" data-element_type=\"widget\" data-widget_type=\"text-editor.default\">\n\t\t\t\t<div class=\"elementor-widget-container\">\n\t\t\t\t\t\t\t\t\t<p>E-mail: <a href=\"mailto:inquiry@mmis.ca\">inquiry@mmis.ca<\/a><br \/>T\u00e9l\u00e9phone #: <a href=\"Tel:9058411717\">905 841 1717<\/a><br \/>Gratuit: <a href=\"Tel:1-877-873-6647\">1-877-873-6647<\/a><\/p>\t\t\t\t\t\t\t\t<\/div>\n\t\t\t\t<\/div>\n\t\t\t\t\t<\/div>\n\t\t<\/div>\n\t\t\t\t\t<\/div>\n\t\t<\/footer>\n\t\t\t\t<\/div>\n\t\t<\/div>\n\t\t\t\t\t\t<\/div>\n\t\t\t\t<\/div>\n\t\t\t\t\t<\/div>\n\t\t<\/div>\n\t\t\t\t\t<\/div>\n\t\t<\/section>\n\t\t\t\t<\/div>","protected":false},"excerpt":{"rendered":"<p>MMIS Inc. is continuously monitoring new developments and innovations in the food packaging industry. We currently carry several additional, complimentary product lines as follows: Vacuum Bags &#8211; We carry a large stock of 3, 4, and 5 mm thick vacuum bags. Many sizes to choose from! \u00a0Bags are produced using a seven layer co-extrusion technique, [&hellip;]<\/p>","protected":false},"author":2,"featured_media":0,"parent":0,"menu_order":0,"comment_status":"closed","ping_status":"closed","template":"","meta":{"footnotes":""},"class_list":["post-1222","page","type-page","status-publish","hentry"],"aioseo_notices":[],"_links":{"self":[{"href":"https:\/\/mmis.ca\/fr\/wp-json\/wp\/v2\/pages\/1222","targetHints":{"allow":["GET"]}}],"collection":[{"href":"https:\/\/mmis.ca\/fr\/wp-json\/wp\/v2\/pages"}],"about":[{"href":"https:\/\/mmis.ca\/fr\/wp-json\/wp\/v2\/types\/page"}],"author":[{"embeddable":true,"href":"https:\/\/mmis.ca\/fr\/wp-json\/wp\/v2\/users\/2"}],"replies":[{"embeddable":true,"href":"https:\/\/mmis.ca\/fr\/wp-json\/wp\/v2\/comments?post=1222"}],"version-history":[{"count":39,"href":"https:\/\/mmis.ca\/fr\/wp-json\/wp\/v2\/pages\/1222\/revisions"}],"predecessor-version":[{"id":4554,"href":"https:\/\/mmis.ca\/fr\/wp-json\/wp\/v2\/pages\/1222\/revisions\/4554"}],"wp:attachment":[{"href":"https:\/\/mmis.ca\/fr\/wp-json\/wp\/v2\/media?parent=1222"}],"curies":[{"name":"wp","href":"https:\/\/api.w.org\/{rel}","templated":true}]}}