{"id":1233,"date":"2023-04-24T08:41:13","date_gmt":"2023-04-24T08:41:13","guid":{"rendered":"http:\/\/mmis.ca\/?page_id=1233"},"modified":"2025-03-07T02:07:16","modified_gmt":"2025-03-07T02:07:16","slug":"binders","status":"publish","type":"page","link":"https:\/\/mmis.ca\/fr\/liants\/","title":{"rendered":"Liants"},"content":{"rendered":"<div data-elementor-type=\"wp-page\" data-elementor-id=\"1233\" class=\"elementor elementor-1233\" data-elementor-post-type=\"page\">\n\t\t\t\t\t\t<section class=\"elementor-section elementor-top-section elementor-element elementor-element-a432279 elementor-section-boxed elementor-section-height-default elementor-section-height-default\" data-id=\"a432279\" data-element_type=\"section\">\n\t\t\t\t\t\t<div class=\"elementor-container elementor-column-gap-default\">\n\t\t\t\t\t<div class=\"elementor-column elementor-col-100 elementor-top-column elementor-element elementor-element-c962c26\" data-id=\"c962c26\" data-element_type=\"column\">\n\t\t\t<div class=\"elementor-widget-wrap elementor-element-populated\">\n\t\t\t\t\t\t<section class=\"elementor-section elementor-inner-section elementor-element elementor-element-365718b elementor-section-boxed elementor-section-height-default elementor-section-height-default\" data-id=\"365718b\" data-element_type=\"section\">\n\t\t\t\t\t\t<div class=\"elementor-container elementor-column-gap-default\">\n\t\t\t\t\t<div class=\"elementor-column elementor-col-50 elementor-inner-column elementor-element elementor-element-c250929\" data-id=\"c250929\" data-element_type=\"column\">\n\t\t\t<div class=\"elementor-widget-wrap elementor-element-populated\">\n\t\t\t\t\t\t<div class=\"elementor-element elementor-element-bbef95d elementor-widget elementor-widget-image\" data-id=\"bbef95d\" data-element_type=\"widget\" data-widget_type=\"image.default\">\n\t\t\t\t<div class=\"elementor-widget-container\">\n\t\t\t\t\t\t\t\t\t\t\t\t\t\t\t<img fetchpriority=\"high\" decoding=\"async\" width=\"1365\" height=\"2048\" src=\"https:\/\/mmis.ca\/wp-content\/uploads\/2023\/07\/fried-delicious-sausages-1-1365x2048.jpg\" class=\"attachment-2048x2048 size-2048x2048 wp-image-2051\" alt=\"\" srcset=\"https:\/\/mmis.ca\/wp-content\/uploads\/2023\/07\/fried-delicious-sausages-1-1365x2048.jpg 1365w, https:\/\/mmis.ca\/wp-content\/uploads\/2023\/07\/fried-delicious-sausages-1-200x300.jpg 200w, https:\/\/mmis.ca\/wp-content\/uploads\/2023\/07\/fried-delicious-sausages-1-683x1024.jpg 683w, https:\/\/mmis.ca\/wp-content\/uploads\/2023\/07\/fried-delicious-sausages-1-768x1152.jpg 768w, https:\/\/mmis.ca\/wp-content\/uploads\/2023\/07\/fried-delicious-sausages-1-1024x1536.jpg 1024w, https:\/\/mmis.ca\/wp-content\/uploads\/2023\/07\/fried-delicious-sausages-1-16x24.jpg 16w, https:\/\/mmis.ca\/wp-content\/uploads\/2023\/07\/fried-delicious-sausages-1-24x36.jpg 24w, https:\/\/mmis.ca\/wp-content\/uploads\/2023\/07\/fried-delicious-sausages-1-32x48.jpg 32w, https:\/\/mmis.ca\/wp-content\/uploads\/2023\/07\/fried-delicious-sausages-1-scaled.jpg 1707w\" sizes=\"(max-width: 1365px) 100vw, 1365px\" \/>\t\t\t\t\t\t\t\t\t\t\t\t\t\t\t<\/div>\n\t\t\t\t<\/div>\n\t\t\t\t\t<\/div>\n\t\t<\/div>\n\t\t\t\t<div class=\"elementor-column elementor-col-50 elementor-inner-column elementor-element elementor-element-a33118a\" data-id=\"a33118a\" data-element_type=\"column\">\n\t\t\t<div class=\"elementor-widget-wrap elementor-element-populated\">\n\t\t\t\t\t\t<div class=\"elementor-element elementor-element-aebda08 elementor-widget elementor-widget-heading\" data-id=\"aebda08\" data-element_type=\"widget\" data-widget_type=\"heading.default\">\n\t\t\t\t<div class=\"elementor-widget-container\">\n\t\t\t\t\t<h2 class=\"elementor-heading-title elementor-size-default\"><h2 data-elementor-setting-key=\"title\" data-pen-placeholder=\"Type Here...\" style=\"font-family: var( --e-global-typography-primary-font-family ), Sans-serif;font-weight: var( --e-global-typography-primary-font-weight )\">Bonnes \u00e0 viande \u00e0 toutes fins<\/h2><\/h2>\t\t\t\t<\/div>\n\t\t\t\t<\/div>\n\t\t\t\t<div class=\"elementor-element elementor-element-a7c6b25 elementor-widget elementor-widget-text-editor\" data-id=\"a7c6b25\" data-element_type=\"widget\" data-widget_type=\"text-editor.default\">\n\t\t\t\t<div class=\"elementor-widget-container\">\n\t\t\t\t\t\t\t\t\t<p>Que vous produisiez des hamburgers, des saucisses fra\u00eeches ou des boules de viande,\u00a0<strong>MMIS Mondo<\/strong>\u00a0a le classeur appropri\u00e9 pour vous. Nous avons une gamme compl\u00e8te d'unit\u00e9s sans gluten et sommes \u00e9galement en mesure de r\u00e9pondre \u00e0 la plupart des demandes sans allerg\u00e8ne - vous permettant de fournir un produit s\u00fbr, savoureux et fonctionnel \u00e0 vos clients. Am\u00e9liorez la vitesse de production et r\u00e9duisez la quantit\u00e9 d'ingr\u00e9dients dans votre inventaire en s\u00e9lectionnant l'un de nos m\u00e9langes tout-en-un. Une vari\u00e9t\u00e9 de tailles de packs sont disponibles pour correspondre \u00e0 la taille de votre lot.\u00a0<\/p><h2>Liants \u00e0 saucisses Canada<\/h2><p><strong>MMIS Mondo<\/strong> M\u00e9lange toutes nos unit\u00e9s pour commander, maximisant la fra\u00eecheur des produits.\u00a0<strong>Notre laboratoire sur place nous permet de faire correspondre toute unit\u00e9 que vous utilisez actuellement, vous n'avez donc pas \u00e0 apporter des modifications co\u00fbteuses \u00e0 votre \u00e9tiquette de produit finie.<\/strong><\/p><p><strong>\u00a0<\/strong><\/p>\t\t\t\t\t\t\t\t<\/div>\n\t\t\t\t<\/div>\n\t\t\t\t\t<\/div>\n\t\t<\/div>\n\t\t\t\t\t<\/div>\n\t\t<\/section>\n\t\t\t\t\t<\/div>\n\t\t<\/div>\n\t\t\t\t\t<\/div>\n\t\t<\/section>\n\t\t\t\t<section class=\"elementor-section elementor-top-section elementor-element elementor-element-4014f9d elementor-section-full_width elementor-section-height-default elementor-section-height-default\" data-id=\"4014f9d\" data-element_type=\"section\">\n\t\t\t\t\t\t<div class=\"elementor-container elementor-column-gap-default\">\n\t\t\t\t\t<div class=\"elementor-column elementor-col-100 elementor-top-column elementor-element elementor-element-c5341de\" data-id=\"c5341de\" data-element_type=\"column\">\n\t\t\t<div class=\"elementor-widget-wrap elementor-element-populated\">\n\t\t\t\t\t\t<div class=\"elementor-element elementor-element-61cb52f elementor-widget elementor-widget-shortcode\" data-id=\"61cb52f\" data-element_type=\"widget\" data-widget_type=\"shortcode.default\">\n\t\t\t\t<div class=\"elementor-widget-container\">\n\t\t\t\t\t\t\t<div class=\"elementor-shortcode\">\t\t<div data-elementor-type=\"wp-post\" data-elementor-id=\"1005\" class=\"elementor elementor-1005\" data-elementor-post-type=\"elementor-hf\">\n\t\t\t\t\t\t<footer class=\"elementor-section elementor-top-section elementor-element elementor-element-1adf6c3 elementor-section-full_width elementor-section-height-default elementor-section-height-default\" data-id=\"1adf6c3\" data-element_type=\"section\" data-settings=\"{&quot;background_background&quot;:&quot;gradient&quot;}\">\n\t\t\t\t\t\t<div class=\"elementor-container elementor-column-gap-default\">\n\t\t\t\t\t<div class=\"elementor-column elementor-col-33 elementor-top-column elementor-element elementor-element-f375590\" data-id=\"f375590\" data-element_type=\"column\">\n\t\t\t<div class=\"elementor-widget-wrap elementor-element-populated\">\n\t\t\t\t\t\t<div class=\"elementor-element elementor-element-4aa5181 elementor-widget elementor-widget-text-editor\" data-id=\"4aa5181\" data-element_type=\"widget\" data-widget_type=\"text-editor.default\">\n\t\t\t\t<div class=\"elementor-widget-container\">\n\t\t\t\t\t\t\t\t\t<p>Notre emplacement: 151 King Street,<br \/>Barrie, Ontario, L4N 6B5<br \/>Servir le Canada et l'Am\u00e9rique du Nord<\/p>\t\t\t\t\t\t\t\t<\/div>\n\t\t\t\t<\/div>\n\t\t\t\t\t<\/div>\n\t\t<\/div>\n\t\t\t\t<div class=\"elementor-column elementor-col-33 elementor-top-column elementor-element elementor-element-bfb550a\" data-id=\"bfb550a\" data-element_type=\"column\">\n\t\t\t<div class=\"elementor-widget-wrap elementor-element-populated\">\n\t\t\t\t\t\t<div class=\"elementor-element elementor-element-458c3b4 elementor-widget elementor-widget-image\" data-id=\"458c3b4\" data-element_type=\"widget\" data-widget_type=\"image.default\">\n\t\t\t\t<div class=\"elementor-widget-container\">\n\t\t\t\t\t\t\t\t\t\t\t\t\t\t\t<img decoding=\"async\" width=\"300\" height=\"78\" src=\"https:\/\/mmis.ca\/wp-content\/uploads\/2017\/04\/newlogos-300x78.png\" class=\"attachment-medium size-medium wp-image-390\" alt=\"\" srcset=\"https:\/\/mmis.ca\/wp-content\/uploads\/2017\/04\/newlogos-300x78.png 300w, https:\/\/mmis.ca\/wp-content\/uploads\/2017\/04\/newlogos-768x200.png 768w, https:\/\/mmis.ca\/wp-content\/uploads\/2017\/04\/newlogos-1024x267.png 1024w, https:\/\/mmis.ca\/wp-content\/uploads\/2017\/04\/newlogos.png 1037w\" sizes=\"(max-width: 300px) 100vw, 300px\" \/>\t\t\t\t\t\t\t\t\t\t\t\t\t\t\t<\/div>\n\t\t\t\t<\/div>\n\t\t\t\t\t<\/div>\n\t\t<\/div>\n\t\t\t\t<div class=\"elementor-column elementor-col-33 elementor-top-column elementor-element elementor-element-d152e93\" data-id=\"d152e93\" data-element_type=\"column\">\n\t\t\t<div class=\"elementor-widget-wrap elementor-element-populated\">\n\t\t\t\t\t\t<div class=\"elementor-element elementor-element-eeedc57 elementor-widget elementor-widget-text-editor\" data-id=\"eeedc57\" data-element_type=\"widget\" data-widget_type=\"text-editor.default\">\n\t\t\t\t<div class=\"elementor-widget-container\">\n\t\t\t\t\t\t\t\t\t<p>E-mail: <a href=\"mailto:inquiry@mmis.ca\">inquiry@mmis.ca<\/a><br \/>T\u00e9l\u00e9phone #: <a href=\"Tel:9058411717\">905 841 1717<\/a><br \/>Gratuit: <a href=\"Tel:1-877-873-6647\">1-877-873-6647<\/a><\/p>\t\t\t\t\t\t\t\t<\/div>\n\t\t\t\t<\/div>\n\t\t\t\t\t<\/div>\n\t\t<\/div>\n\t\t\t\t\t<\/div>\n\t\t<\/footer>\n\t\t\t\t<\/div>\n\t\t<\/div>\n\t\t\t\t\t\t<\/div>\n\t\t\t\t<\/div>\n\t\t\t\t\t<\/div>\n\t\t<\/div>\n\t\t\t\t\t<\/div>\n\t\t<\/section>\n\t\t\t\t<\/div>","protected":false},"excerpt":{"rendered":"<p>Meat Binders for All Purposes Whether you are producing hamburgers, fresh sausage, or meat balls,\u00a0MMIS Mondo\u00a0has the appropriate binder for you. \u00a0We have a full line of Gluten Free units, and are also able to accommodate most Allergen Free requests \u2013 allowing you to provide a safe, flavourful, and functional product to your customers. \u00a0Improve [&hellip;]<\/p>","protected":false},"author":2,"featured_media":0,"parent":0,"menu_order":0,"comment_status":"closed","ping_status":"closed","template":"","meta":{"footnotes":""},"class_list":["post-1233","page","type-page","status-publish","hentry"],"aioseo_notices":[],"_links":{"self":[{"href":"https:\/\/mmis.ca\/fr\/wp-json\/wp\/v2\/pages\/1233","targetHints":{"allow":["GET"]}}],"collection":[{"href":"https:\/\/mmis.ca\/fr\/wp-json\/wp\/v2\/pages"}],"about":[{"href":"https:\/\/mmis.ca\/fr\/wp-json\/wp\/v2\/types\/page"}],"author":[{"embeddable":true,"href":"https:\/\/mmis.ca\/fr\/wp-json\/wp\/v2\/users\/2"}],"replies":[{"embeddable":true,"href":"https:\/\/mmis.ca\/fr\/wp-json\/wp\/v2\/comments?post=1233"}],"version-history":[{"count":76,"href":"https:\/\/mmis.ca\/fr\/wp-json\/wp\/v2\/pages\/1233\/revisions"}],"predecessor-version":[{"id":4291,"href":"https:\/\/mmis.ca\/fr\/wp-json\/wp\/v2\/pages\/1233\/revisions\/4291"}],"wp:attachment":[{"href":"https:\/\/mmis.ca\/fr\/wp-json\/wp\/v2\/media?parent=1233"}],"curies":[{"name":"wp","href":"https:\/\/api.w.org\/{rel}","templated":true}]}}