{"id":1236,"date":"2023-04-24T08:42:13","date_gmt":"2023-04-24T08:42:13","guid":{"rendered":"http:\/\/mmis.ca\/?page_id=1236"},"modified":"2025-09-01T08:38:29","modified_gmt":"2025-09-01T08:38:29","slug":"marinades","status":"publish","type":"page","link":"https:\/\/mmis.ca\/fr\/marinades\/","title":{"rendered":"Sausage Marinades"},"content":{"rendered":"<div data-elementor-type=\"wp-page\" data-elementor-id=\"1236\" class=\"elementor elementor-1236\" data-elementor-post-type=\"page\">\n\t\t\t\t\t\t<section class=\"elementor-section elementor-top-section elementor-element elementor-element-573f80bd elementor-section-boxed elementor-section-height-default elementor-section-height-default\" data-id=\"573f80bd\" data-element_type=\"section\">\n\t\t\t\t\t\t<div class=\"elementor-container elementor-column-gap-default\">\n\t\t\t\t\t<div class=\"elementor-column elementor-col-100 elementor-top-column elementor-element elementor-element-1fdf6fdd\" data-id=\"1fdf6fdd\" data-element_type=\"column\">\n\t\t\t<div class=\"elementor-widget-wrap elementor-element-populated\">\n\t\t\t\t\t\t<div class=\"elementor-element elementor-element-6c0f3b9f elementor-widget elementor-widget-text-editor\" data-id=\"6c0f3b9f\" data-element_type=\"widget\" data-widget_type=\"text-editor.default\">\n\t\t\t\t<div class=\"elementor-widget-container\">\n\t\t\t\t\t\t\t\t\t<div class=\"pum-content popmake-content\"><p><img fetchpriority=\"high\" decoding=\"async\" class=\"wp-image-700 size-medium alignleft\" src=\"http:\/\/www.mmis.ca\/wp-content\/uploads\/2017\/06\/marinades_2-300x200.jpg\" sizes=\"(max-width: 300px) 100vw, 300px\" srcset=\"https:\/\/mmis.ca\/wp-content\/uploads\/2017\/06\/marinades_2-300x200.jpg 300w, https:\/\/mmis.ca\/wp-content\/uploads\/2017\/06\/marinades_2-24x16.jpg 24w, https:\/\/mmis.ca\/wp-content\/uploads\/2017\/06\/marinades_2-36x24.jpg 36w, https:\/\/mmis.ca\/wp-content\/uploads\/2017\/06\/marinades_2-48x32.jpg 48w, https:\/\/mmis.ca\/wp-content\/uploads\/2017\/06\/marinades_2.jpg 450w\" alt=\"\" width=\"300\" height=\"200\" \/><\/p><p class=\"translation-block\">Une marinade passionnante et savoureuse peut \u00eatre vitale pour faire briller votre viande pendant la saison du barbecue. MMIS Mondo porte une gamme compl\u00e8te de saveurs traditionnelles et \u00e0 la mode pour r\u00e9pondre aux besoins de tout client. Des produits sans allerg\u00e8nes sont \u00e9galement disponibles, permettant \u00e0 tous les clients de profiter de vos produits en toute s\u00e9curit\u00e9. Avec l'ajout de phosphates Brifisol\u00ae haut de gamme - vous pouvez \u00eatre assur\u00e9 que vos produits marin\u00e9s resteront juteux et tendres, quelle que soit la m\u00e9thode de cuisson.<\/p><p>Toutes les marinades sont disponibles sous forme s\u00e8che, r\u00e9duisant les co\u00fbts d'exp\u00e9dition et l'espace de stockage tout en augmentant la dur\u00e9e de vie de produit; Ajoutez simplement de l'eau! Une vari\u00e9t\u00e9 de tailles de packs sont possibles pour correspondre \u00e0 la taille de votre lot. Si nous ne produisons pas actuellement une saveur dont vous avez besoin, cela peut facilement \u00eatre d\u00e9velopp\u00e9 par nos techniciens qualifi\u00e9s.<\/p><p>Ici au MMIS <span style=\"font-weight: 400;\">Mondo<\/span>, we boast of being your ideal supplier of a wide range of sausage marinades in Canada to meet your exclusive cooking needs. We offer a selection of sausage marinades which created purposely for making your sausage juicy and explode with rich taste that your palate will craving for.<\/p><p>Marinating sausage in Canada involves the use of attractive combinations of raw materials to create a ideal blend of tastes and smells. Being a traditional marinade company, we want to remain the authority on comforting, rich flavors and be a pioneer for extraordinary, avant-garde combinations complementing the rich essence of your sausages. That\u2019s why our sausage marinades are developed with both traditional tastes and innovative profiles in mind.<\/p><p>Nos marinades comprennent une gamme de produits, id\u00e9ale pour de nombreux plats et types de viande, y compris la cuisson au gril. La qualit\u00e9 est une marque de fabrique tr\u00e8s pris\u00e9e, et c'est pourquoi tous les produits d\u00e9velopp\u00e9s chez MMIS sont de v\u00e9ritables atouts. <span style=\"font-weight: 400;\">Mondo<\/span> undergo a rigorous quality check before being released in the market. Our sausage marinades beyond tasty are also very convenient to use and can guarantee you a perfect marinating result.<\/p><p>Profitez de votre visite sur notre site web pour d\u00e9couvrir toutes nos marinades au Canada. Go\u00fbtez la diff\u00e9rence que peuvent apporter des marinades pour saucisses haut de gamme et rehaussez vos plats avec MMIS. <span style=\"font-weight: 400;\">Mondo<\/span>.<\/p><p><strong>Notre laboratoire sur place nous permet de faire correspondre le profil de couleur et de saveur de tout produit que vous utilisez actuellement.<\/strong><\/p><\/div>\t\t\t\t\t\t\t\t<\/div>\n\t\t\t\t<\/div>\n\t\t\t\t\t<\/div>\n\t\t<\/div>\n\t\t\t\t\t<\/div>\n\t\t<\/section>\n\t\t\t\t<section class=\"elementor-section elementor-top-section elementor-element elementor-element-44c2ef0 elementor-section-full_width elementor-section-height-default elementor-section-height-default\" data-id=\"44c2ef0\" data-element_type=\"section\">\n\t\t\t\t\t\t<div class=\"elementor-container elementor-column-gap-default\">\n\t\t\t\t\t<div class=\"elementor-column elementor-col-100 elementor-top-column elementor-element elementor-element-5baa618\" data-id=\"5baa618\" data-element_type=\"column\">\n\t\t\t<div class=\"elementor-widget-wrap elementor-element-populated\">\n\t\t\t\t\t\t<div class=\"elementor-element elementor-element-f561c8f elementor-widget elementor-widget-shortcode\" data-id=\"f561c8f\" data-element_type=\"widget\" data-widget_type=\"shortcode.default\">\n\t\t\t\t<div class=\"elementor-widget-container\">\n\t\t\t\t\t\t\t<div class=\"elementor-shortcode\">\t\t<div data-elementor-type=\"wp-post\" data-elementor-id=\"1005\" class=\"elementor elementor-1005\" data-elementor-post-type=\"elementor-hf\">\n\t\t\t\t\t\t<footer class=\"elementor-section elementor-top-section elementor-element elementor-element-1adf6c3 elementor-section-full_width elementor-section-height-default elementor-section-height-default\" data-id=\"1adf6c3\" data-element_type=\"section\" data-settings=\"{&quot;background_background&quot;:&quot;gradient&quot;}\">\n\t\t\t\t\t\t<div class=\"elementor-container elementor-column-gap-default\">\n\t\t\t\t\t<div class=\"elementor-column elementor-col-33 elementor-top-column elementor-element elementor-element-f375590\" data-id=\"f375590\" data-element_type=\"column\">\n\t\t\t<div class=\"elementor-widget-wrap elementor-element-populated\">\n\t\t\t\t\t\t<div class=\"elementor-element elementor-element-4aa5181 elementor-widget elementor-widget-text-editor\" data-id=\"4aa5181\" data-element_type=\"widget\" data-widget_type=\"text-editor.default\">\n\t\t\t\t<div class=\"elementor-widget-container\">\n\t\t\t\t\t\t\t\t\t<p>Notre emplacement: 151 King Street,<br \/>Barrie, Ontario, L4N 6B5<br \/>Servir le Canada et l'Am\u00e9rique du Nord<\/p>\t\t\t\t\t\t\t\t<\/div>\n\t\t\t\t<\/div>\n\t\t\t\t\t<\/div>\n\t\t<\/div>\n\t\t\t\t<div class=\"elementor-column elementor-col-33 elementor-top-column elementor-element elementor-element-bfb550a\" data-id=\"bfb550a\" data-element_type=\"column\">\n\t\t\t<div class=\"elementor-widget-wrap elementor-element-populated\">\n\t\t\t\t\t\t<div class=\"elementor-element elementor-element-458c3b4 elementor-widget elementor-widget-image\" data-id=\"458c3b4\" data-element_type=\"widget\" data-widget_type=\"image.default\">\n\t\t\t\t<div class=\"elementor-widget-container\">\n\t\t\t\t\t\t\t\t\t\t\t\t\t\t\t<img decoding=\"async\" width=\"300\" height=\"78\" src=\"https:\/\/mmis.ca\/wp-content\/uploads\/2017\/04\/newlogos-300x78.png\" class=\"attachment-medium size-medium wp-image-390\" alt=\"\" srcset=\"https:\/\/mmis.ca\/wp-content\/uploads\/2017\/04\/newlogos-300x78.png 300w, https:\/\/mmis.ca\/wp-content\/uploads\/2017\/04\/newlogos-768x200.png 768w, https:\/\/mmis.ca\/wp-content\/uploads\/2017\/04\/newlogos-1024x267.png 1024w, https:\/\/mmis.ca\/wp-content\/uploads\/2017\/04\/newlogos.png 1037w\" sizes=\"(max-width: 300px) 100vw, 300px\" \/>\t\t\t\t\t\t\t\t\t\t\t\t\t\t\t<\/div>\n\t\t\t\t<\/div>\n\t\t\t\t\t<\/div>\n\t\t<\/div>\n\t\t\t\t<div class=\"elementor-column elementor-col-33 elementor-top-column elementor-element elementor-element-d152e93\" data-id=\"d152e93\" data-element_type=\"column\">\n\t\t\t<div class=\"elementor-widget-wrap elementor-element-populated\">\n\t\t\t\t\t\t<div class=\"elementor-element elementor-element-eeedc57 elementor-widget elementor-widget-text-editor\" data-id=\"eeedc57\" data-element_type=\"widget\" data-widget_type=\"text-editor.default\">\n\t\t\t\t<div class=\"elementor-widget-container\">\n\t\t\t\t\t\t\t\t\t<p>E-mail: <a href=\"mailto:inquiry@mmis.ca\">inquiry@mmis.ca<\/a><br \/>T\u00e9l\u00e9phone #: <a href=\"Tel:9058411717\">905 841 1717<\/a><br \/>Gratuit: <a href=\"Tel:1-877-873-6647\">1-877-873-6647<\/a><\/p>\t\t\t\t\t\t\t\t<\/div>\n\t\t\t\t<\/div>\n\t\t\t\t\t<\/div>\n\t\t<\/div>\n\t\t\t\t\t<\/div>\n\t\t<\/footer>\n\t\t\t\t<\/div>\n\t\t<\/div>\n\t\t\t\t\t\t<\/div>\n\t\t\t\t<\/div>\n\t\t\t\t\t<\/div>\n\t\t<\/div>\n\t\t\t\t\t<\/div>\n\t\t<\/section>\n\t\t\t\t<\/div>","protected":false},"excerpt":{"rendered":"<p>An exciting and flavourful marinade can be vital in making your meat shine during the BBQ season. \u00a0MMIS Mondo\u00a0carries a full line of traditional and trendy flavours to meet the needs of any client. \u00a0Allergen free\u00a0products are also available, allowing all customers to enjoy your products safely.\u00a0With the addition of top-of-the-line\u00a0Brifisol\u00ae phosphates \u2013 you can [&hellip;]<\/p>","protected":false},"author":2,"featured_media":0,"parent":0,"menu_order":0,"comment_status":"closed","ping_status":"closed","template":"","meta":{"footnotes":""},"class_list":["post-1236","page","type-page","status-publish","hentry"],"aioseo_notices":[],"_links":{"self":[{"href":"https:\/\/mmis.ca\/fr\/wp-json\/wp\/v2\/pages\/1236","targetHints":{"allow":["GET"]}}],"collection":[{"href":"https:\/\/mmis.ca\/fr\/wp-json\/wp\/v2\/pages"}],"about":[{"href":"https:\/\/mmis.ca\/fr\/wp-json\/wp\/v2\/types\/page"}],"author":[{"embeddable":true,"href":"https:\/\/mmis.ca\/fr\/wp-json\/wp\/v2\/users\/2"}],"replies":[{"embeddable":true,"href":"https:\/\/mmis.ca\/fr\/wp-json\/wp\/v2\/comments?post=1236"}],"version-history":[{"count":52,"href":"https:\/\/mmis.ca\/fr\/wp-json\/wp\/v2\/pages\/1236\/revisions"}],"predecessor-version":[{"id":5120,"href":"https:\/\/mmis.ca\/fr\/wp-json\/wp\/v2\/pages\/1236\/revisions\/5120"}],"wp:attachment":[{"href":"https:\/\/mmis.ca\/fr\/wp-json\/wp\/v2\/media?parent=1236"}],"curies":[{"name":"wp","href":"https:\/\/api.w.org\/{rel}","templated":true}]}}