{"id":170,"date":"2017-03-16T00:00:33","date_gmt":"2017-03-16T00:00:33","guid":{"rendered":"http:\/\/www.mmis.ca\/wordpress\/?page_id=170"},"modified":"2026-04-10T17:48:08","modified_gmt":"2026-04-10T17:48:08","slug":"packaging-materials","status":"publish","type":"page","link":"https:\/\/mmis.ca\/fr\/materiaux-demballage\/","title":{"rendered":"Meat &#038; Sausage Packaging Materials"},"content":{"rendered":"<div data-elementor-type=\"wp-page\" data-elementor-id=\"170\" class=\"elementor elementor-170\" data-elementor-post-type=\"page\">\n\t\t\t\t\t\t<section class=\"elementor-section elementor-top-section elementor-element elementor-element-438805a5 elementor-section-boxed elementor-section-height-default elementor-section-height-default\" data-id=\"438805a5\" data-element_type=\"section\">\n\t\t\t\t\t\t<div class=\"elementor-container elementor-column-gap-default\">\n\t\t\t\t\t<div class=\"elementor-column elementor-col-100 elementor-top-column elementor-element elementor-element-67961e48\" data-id=\"67961e48\" data-element_type=\"column\">\n\t\t\t<div class=\"elementor-widget-wrap elementor-element-populated\">\n\t\t\t\t\t\t<div class=\"elementor-element elementor-element-834d6eb elementor-widget elementor-widget-heading\" data-id=\"834d6eb\" data-element_type=\"widget\" data-widget_type=\"heading.default\">\n\t\t\t\t<div class=\"elementor-widget-container\">\n\t\t\t\t\t<h2 class=\"elementor-heading-title elementor-size-default\">Une histoire de fourniture de mat\u00e9riaux d'emballage pour saucisses <\/h2>\t\t\t\t<\/div>\n\t\t\t\t<\/div>\n\t\t\t\t<section class=\"elementor-section elementor-inner-section elementor-element elementor-element-f2ee9d5 elementor-section-boxed elementor-section-height-default elementor-section-height-default\" data-id=\"f2ee9d5\" data-element_type=\"section\">\n\t\t\t\t\t\t<div class=\"elementor-container elementor-column-gap-default\">\n\t\t\t\t\t<div class=\"elementor-column elementor-col-50 elementor-inner-column elementor-element elementor-element-3b38335\" data-id=\"3b38335\" data-element_type=\"column\">\n\t\t\t<div class=\"elementor-widget-wrap elementor-element-populated\">\n\t\t\t\t\t\t<div class=\"elementor-element elementor-element-ae4aafc elementor-widget__width-initial elementor-widget elementor-widget-text-editor\" data-id=\"ae4aafc\" data-element_type=\"widget\" data-widget_type=\"text-editor.default\">\n\t\t\t\t<div class=\"elementor-widget-container\">\n\t\t\t\t\t\t\t\t\t<p>Depuis 1979,<span style=\"font-weight: bold;\">\u00a0MMIS Inc<\/span>. a \u00e9t\u00e9 la source canadienne exclusive de haute qualit\u00e9\u00a0<span style=\"font-weight: bold;\">Walsr\u00f6der<\/span>\u00a0brand of artificial casings (now part of <span style=\"font-weight: bold;\">Viskase<\/span> Companies, Inc.).\u00a0From traditional types of sausage casings to the new high tech plastic casings, we can supply you with a full range of casings to suit your every application. A complete range in calibre and lengths of reel stock, pieces or shirred casings. Endless possibilities in printed casings using all the latest technologies in graphic design to create a picture perfect presentation on all of your products. Technical and applications support is available to help solve any filling or processing problems. Give us a call or\u00a0<a style=\"background-color: #ffffff;\" href=\"https:\/\/mmis.ca\/fr\/contact\/\" rel=\"noopener noreferrer\">https:\/\/mmis.ca\/fr\/contact\/<\/a>. Nous sommes ici pour aider!<\/p>\t\t\t\t\t\t\t\t<\/div>\n\t\t\t\t<\/div>\n\t\t\t\t\t<\/div>\n\t\t<\/div>\n\t\t\t\t<div class=\"elementor-column elementor-col-50 elementor-inner-column elementor-element elementor-element-5caf48d\" data-id=\"5caf48d\" data-element_type=\"column\">\n\t\t\t<div class=\"elementor-widget-wrap elementor-element-populated\">\n\t\t\t\t\t\t<div class=\"elementor-element elementor-element-c75e0dc elementor-widget__width-initial elementor-widget elementor-widget-image\" data-id=\"c75e0dc\" data-element_type=\"widget\" data-widget_type=\"image.default\">\n\t\t\t\t<div class=\"elementor-widget-container\">\n\t\t\t\t\t\t\t\t\t\t\t\t\t\t\t<img fetchpriority=\"high\" decoding=\"async\" width=\"500\" height=\"500\" src=\"https:\/\/mmis.ca\/wp-content\/uploads\/2026\/04\/unnamed.jpg\" class=\"attachment-large size-large wp-image-5729\" alt=\"\" srcset=\"https:\/\/mmis.ca\/wp-content\/uploads\/2026\/04\/unnamed.jpg 500w, https:\/\/mmis.ca\/wp-content\/uploads\/2026\/04\/unnamed-300x300.jpg 300w, https:\/\/mmis.ca\/wp-content\/uploads\/2026\/04\/unnamed-150x150.jpg 150w, https:\/\/mmis.ca\/wp-content\/uploads\/2026\/04\/unnamed-12x12.jpg 12w, https:\/\/mmis.ca\/wp-content\/uploads\/2026\/04\/unnamed-24x24.jpg 24w, https:\/\/mmis.ca\/wp-content\/uploads\/2026\/04\/unnamed-36x36.jpg 36w, https:\/\/mmis.ca\/wp-content\/uploads\/2026\/04\/unnamed-48x48.jpg 48w\" sizes=\"(max-width: 500px) 100vw, 500px\" \/>\t\t\t\t\t\t\t\t\t\t\t\t\t\t\t<\/div>\n\t\t\t\t<\/div>\n\t\t\t\t\t<\/div>\n\t\t<\/div>\n\t\t\t\t\t<\/div>\n\t\t<\/section>\n\t\t\t\t<div class=\"elementor-element elementor-element-0063d84 elementor-widget elementor-widget-heading\" data-id=\"0063d84\" data-element_type=\"widget\" data-widget_type=\"heading.default\">\n\t\t\t\t<div class=\"elementor-widget-container\">\n\t\t\t\t\t<h2 class=\"elementor-heading-title elementor-size-default\">Supplying Sausage Casings Canada<\/h2>\t\t\t\t<\/div>\n\t\t\t\t<\/div>\n\t\t\t\t<div class=\"elementor-element elementor-element-c87cd2f elementor-widget elementor-widget-text-editor\" data-id=\"c87cd2f\" data-element_type=\"widget\" data-widget_type=\"text-editor.default\">\n\t\t\t\t<div class=\"elementor-widget-container\">\n\t\t\t\t\t\t\t\t\t<p>Chez MMIS, nous sommes le guichet unique pour les meilleures fournitures d'emballage au Canada et des boyaux \u00e0 saucisses de qualit\u00e9 sup\u00e9rieure. Pour nos clients commerciaux qui utilisent de grandes quantit\u00e9s et les petits producteurs qui appr\u00e9cient le caract\u00e8re unique de la fabrication de leurs propres saucisses, nous proposons une vari\u00e9t\u00e9 de boyaux pour r\u00e9pondre \u00e0 tous vos besoins d'emballage.<\/p><p>Notre catalogue de produits est vaste, proposant diff\u00e9rents types de boyaux destin\u00e9s \u00e0 divers types de saucisses et autres applications. <span style=\"font-weight: 400;\">Quel que soit le type de bo\u00eetier dont vous avez besoin, fibreux, plastique, cellulosique ou r\u00e9sistant \u00e0 l'humidit\u00e9, nous avons une solution pour vous.\u00a0 <\/span><\/p>\t\t\t\t\t\t\t\t<\/div>\n\t\t\t\t<\/div>\n\t\t\t\t<div class=\"elementor-element elementor-element-0517e2d elementor-widget elementor-widget-heading\" data-id=\"0517e2d\" data-element_type=\"widget\" data-widget_type=\"heading.default\">\n\t\t\t\t<div class=\"elementor-widget-container\">\n\t\t\t\t\t<h2 class=\"elementor-heading-title elementor-size-default\">Meat and Sausage Casings Suppliers\n<\/h2>\t\t\t\t<\/div>\n\t\t\t\t<\/div>\n\t\t\t\t<div class=\"elementor-element elementor-element-39f7552 elementor-widget__width-initial elementor-widget elementor-widget-text-editor\" data-id=\"39f7552\" data-element_type=\"widget\" data-widget_type=\"text-editor.default\">\n\t\t\t\t<div class=\"elementor-widget-container\">\n\t\t\t\t\t\t\t\t\t<p><span style=\"font-weight: 400;\">Nous sommes fiers d'utiliser uniquement des bo\u00eetiers de haute qualit\u00e9, fabriqu\u00e9s selon les exigences les plus strictes. <\/span>Si vous avez besoin de boyaux de viande \u00e0 des fins commerciales \u00e0 grande \u00e9chelle, MMIS est votre partenaire id\u00e9al.<\/p><p>D\u00e9couvrez nos boyaux \u00e0 saucisses au Canada et constatez leur facilit\u00e9 d'utilisation et leur fiabilit\u00e9. MMIS propose une vaste gamme de produits, offrant un rapport qualit\u00e9-prix exceptionnel \u00e0 des prix abordables et garantissant d'excellentes solutions d'emballage. Contactez-nous pour vous procurer des emballages industriels de haute qualit\u00e9 pour l'industrie alimentaire et am\u00e9liorer vos processus de transformation de la viande gr\u00e2ce \u00e0 nos boyaux de qualit\u00e9 sup\u00e9rieure.<\/p><p>\u00a0<\/p>\t\t\t\t\t\t\t\t<\/div>\n\t\t\t\t<\/div>\n\t\t\t\t<div class=\"elementor-element elementor-element-301c6146 elementor-widget elementor-widget-text-editor\" data-id=\"301c6146\" data-element_type=\"widget\" data-widget_type=\"text-editor.default\">\n\t\t\t\t<div class=\"elementor-widget-container\">\n\t\t\t\t\t\t\t\t\t<div class=\"gallery-container row\">\n\n<div class=\"magee-shortcode magee-column col-md-4\" id=\"\" style=\"text-align:left;\">\n\n<p style=\"text-align: center; margin-bottom: 0;\">Boyaux Fibreux<\/p>\n<p style=\"margin-bottom: 0;\"><a href=\"https:\/\/mmis.ca\/fr\/boyaux-fibreux-de-walsroder\/\"><img decoding=\"async\" class=\"gall-unit alignnone wp-image-61\" title=\"artificial salami casings\" src=\"https:\/\/www.mmis.ca\/wp-content\/uploads\/2017\/03\/Fibrous-casings-salami250v-e1496849811912.jpg\" alt=\"artificial salami casings\" width=\"602\" height=\"602\" \/><\/a><\/p>\n\n<\/div> \n<div class=\"magee-shortcode magee-column col-md-4\" id=\"\" style=\"text-align:left;\">\n\n<p class=\"reduced\" style=\"margin-bottom: 0px; text-align: center;\"><span style=\"font-weight: 400;\">Boyaux \u00e0 haute barri\u00e8re<\/span><\/p>\n<p style=\"margin-bottom: 0;\"><a href=\"https:\/\/mmis.ca\/fr\/walsroder-boitiers-a-barriere-haute\/\"><img decoding=\"async\" class=\"gall-unit alignnone wp-image-59\" title=\"artificial high barrier casings\" src=\"https:\/\/www.mmis.ca\/wp-content\/uploads\/2017\/03\/F-casings250-e1496850131674.jpg\" alt=\"artificial high barrier casings\" width=\"607\" height=\"607\" srcset=\"https:\/\/mmis.ca\/wp-content\/uploads\/2017\/03\/F-casings250-e1496850131674.jpg 166w, https:\/\/mmis.ca\/wp-content\/uploads\/2017\/03\/F-casings250-e1496850131674-150x150.jpg 150w, https:\/\/mmis.ca\/wp-content\/uploads\/2017\/03\/F-casings250-e1496850131674-24x24.jpg 24w, https:\/\/mmis.ca\/wp-content\/uploads\/2017\/03\/F-casings250-e1496850131674-36x36.jpg 36w, https:\/\/mmis.ca\/wp-content\/uploads\/2017\/03\/F-casings250-e1496850131674-48x48.jpg 48w\" sizes=\"(max-width: 607px) 100vw, 607px\" \/><\/a><\/p>\n\n<\/div> \n<div class=\"magee-shortcode magee-column col-md-4\" id=\"\" style=\"text-align:left;\">\n\n<p style=\"text-align: center; margin-bottom: 0;\">Boyaux en plastique<\/p>\n<p style=\"margin-bottom: 0;\"><a href=\"https:\/\/mmis.ca\/fr\/boitiers-en-plastique-walsroder\/\"><img loading=\"lazy\" decoding=\"async\" class=\"gall-unit alignnone wp-image-681\" title=\"plastic casings\" src=\"https:\/\/www.mmis.ca\/wp-content\/uploads\/2017\/03\/MAIN-K-plus-e1496850364419-300x300.jpg\" alt=\"plastic casings\" width=\"610\" height=\"610\" srcset=\"https:\/\/mmis.ca\/wp-content\/uploads\/2017\/03\/MAIN-K-plus-e1496850364419-300x300.jpg 300w, https:\/\/mmis.ca\/wp-content\/uploads\/2017\/03\/MAIN-K-plus-e1496850364419-150x150.jpg 150w, https:\/\/mmis.ca\/wp-content\/uploads\/2017\/03\/MAIN-K-plus-e1496850364419-768x768.jpg 768w, https:\/\/mmis.ca\/wp-content\/uploads\/2017\/03\/MAIN-K-plus-e1496850364419-24x24.jpg 24w, https:\/\/mmis.ca\/wp-content\/uploads\/2017\/03\/MAIN-K-plus-e1496850364419-36x36.jpg 36w, https:\/\/mmis.ca\/wp-content\/uploads\/2017\/03\/MAIN-K-plus-e1496850364419-48x48.jpg 48w, https:\/\/mmis.ca\/wp-content\/uploads\/2017\/03\/MAIN-K-plus-e1496850364419.jpg 1000w\" sizes=\"(max-width: 610px) 100vw, 610px\" \/><\/a><\/p>\n\n<\/div> \n<div class=\"magee-shortcode magee-column col-md-4\" id=\"\" style=\"text-align:left;\">\n\n<p style=\"text-align: center; margin-bottom: 0;\"><strong>Produits sp\u00e9cialis\u00e9s<\/strong><\/p>\n<p style=\"margin-bottom: 0;\"><a href=\"https:\/\/mmis.ca\/fr\/produits-specialises\/\"><img loading=\"lazy\" decoding=\"async\" class=\"gall-unit alignnone wp-image-3008 size-medium\" title=\"salami fibrous casings\" src=\"https:\/\/mmis.ca\/wp-content\/uploads\/2024\/02\/Thi-e1496850489643-768x767-1-300x300.jpg\" alt=\"\" width=\"300\" height=\"300\" srcset=\"https:\/\/mmis.ca\/wp-content\/uploads\/2024\/02\/Thi-e1496850489643-768x767-1-300x300.jpg 300w, https:\/\/mmis.ca\/wp-content\/uploads\/2024\/02\/Thi-e1496850489643-768x767-1-150x150.jpg 150w, https:\/\/mmis.ca\/wp-content\/uploads\/2024\/02\/Thi-e1496850489643-768x767-1-12x12.jpg 12w, https:\/\/mmis.ca\/wp-content\/uploads\/2024\/02\/Thi-e1496850489643-768x767-1-24x24.jpg 24w, https:\/\/mmis.ca\/wp-content\/uploads\/2024\/02\/Thi-e1496850489643-768x767-1-36x36.jpg 36w, https:\/\/mmis.ca\/wp-content\/uploads\/2024\/02\/Thi-e1496850489643-768x767-1-48x48.jpg 48w, https:\/\/mmis.ca\/wp-content\/uploads\/2024\/02\/Thi-e1496850489643-768x767-1.jpg 700w\" sizes=\"(max-width: 300px) 100vw, 300px\" \/><\/a><\/p>\n\n<\/div> \n<div class=\"magee-shortcode magee-column col-md-4\" id=\"\" style=\"text-align:left;\">\n\n<p style=\"text-align: center; margin-bottom: 0;\"><strong>Filets<\/strong><\/p>\n<p style=\"margin-bottom: 0;\"><a href=\"https:\/\/mmis.ca\/fr\/enveloppes-en-filet\/\"><img loading=\"lazy\" decoding=\"async\" class=\"gall-unit alignnone wp-image-2157 size-medium\" title=\"salami casings\" src=\"https:\/\/mmis.ca\/wp-content\/uploads\/2023\/08\/PCM_NET_BL_24QHEXRS30_AGR-ZIP-1-300x300.jpg\" alt=\"\" width=\"300\" height=\"300\" srcset=\"https:\/\/mmis.ca\/wp-content\/uploads\/2023\/08\/PCM_NET_BL_24QHEXRS30_AGR-ZIP-1-300x300.jpg 300w, https:\/\/mmis.ca\/wp-content\/uploads\/2023\/08\/PCM_NET_BL_24QHEXRS30_AGR-ZIP-1-1024x1024.jpg 1024w, https:\/\/mmis.ca\/wp-content\/uploads\/2023\/08\/PCM_NET_BL_24QHEXRS30_AGR-ZIP-1-150x150.jpg 150w, https:\/\/mmis.ca\/wp-content\/uploads\/2023\/08\/PCM_NET_BL_24QHEXRS30_AGR-ZIP-1-768x768.jpg 768w, https:\/\/mmis.ca\/wp-content\/uploads\/2023\/08\/PCM_NET_BL_24QHEXRS30_AGR-ZIP-1-1536x1536.jpg 1536w, https:\/\/mmis.ca\/wp-content\/uploads\/2023\/08\/PCM_NET_BL_24QHEXRS30_AGR-ZIP-1-24x24.jpg 24w, https:\/\/mmis.ca\/wp-content\/uploads\/2023\/08\/PCM_NET_BL_24QHEXRS30_AGR-ZIP-1-36x36.jpg 36w, https:\/\/mmis.ca\/wp-content\/uploads\/2023\/08\/PCM_NET_BL_24QHEXRS30_AGR-ZIP-1-48x48.jpg 48w, https:\/\/mmis.ca\/wp-content\/uploads\/2023\/08\/PCM_NET_BL_24QHEXRS30_AGR-ZIP-1.jpg 2000w\" sizes=\"(max-width: 300px) 100vw, 300px\" \/><\/a><\/p>\n\n<\/div> \n<div class=\"magee-shortcode magee-column col-md-4\" id=\"\" style=\"text-align:left;\">\n\n<p style=\"text-align: center;\"><strong>Produits Suppl\u00e9mentaires<\/strong><a href=\"https:\/\/mmis.ca\/fr\/produits-supplementaires\/\"><img loading=\"lazy\" decoding=\"async\" class=\"gall-unit alignnone wp-image-638\" title=\"vacuum bags and plastic pate forms\" src=\"https:\/\/www.mmis.ca\/wp-content\/uploads\/2017\/06\/pate.jpg\" alt=\"vacuum bags and plastic pate forms\" width=\"636\" height=\"636\" srcset=\"https:\/\/mmis.ca\/wp-content\/uploads\/2017\/06\/pate.jpg 300w, https:\/\/mmis.ca\/wp-content\/uploads\/2017\/06\/pate-150x150.jpg 150w, https:\/\/mmis.ca\/wp-content\/uploads\/2017\/06\/pate-24x24.jpg 24w, https:\/\/mmis.ca\/wp-content\/uploads\/2017\/06\/pate-36x36.jpg 36w, https:\/\/mmis.ca\/wp-content\/uploads\/2017\/06\/pate-48x48.jpg 48w\" sizes=\"(max-width: 636px) 100vw, 636px\" \/><\/a><\/p>\n\n<\/div>\n\n<\/div>\t\t\t\t\t\t\t\t<\/div>\n\t\t\t\t<\/div>\n\t\t\t\t<div class=\"elementor-element elementor-element-dabe6dd elementor-widget elementor-widget-heading\" data-id=\"dabe6dd\" data-element_type=\"widget\" data-widget_type=\"heading.default\">\n\t\t\t\t<div class=\"elementor-widget-container\">\n\t\t\t\t\t<h2 class=\"elementor-heading-title elementor-size-default\">Sausage Packaging Materials Types &amp; Variations<\/h2>\t\t\t\t<\/div>\n\t\t\t\t<\/div>\n\t\t\t\t<div class=\"elementor-element elementor-element-fe9174d elementor-widget elementor-widget-text-editor\" data-id=\"fe9174d\" data-element_type=\"widget\" data-widget_type=\"text-editor.default\">\n\t\t\t\t<div class=\"elementor-widget-container\">\n\t\t\t\t\t\t\t\t\t<p>Les boyaux \u00e0 saucisses en plastique jouent un r\u00f4le important dans l'industrie alimentaire, notamment dans la production de saucisses.<\/p><p><span class=\"text-with-replacments\">La gamme de choix est vaste et vari\u00e9e, allant des boyaux \u00e0 saucisses \u00e0 haute barri\u00e8re qui offrent protection et longue dur\u00e9e de vie aux boyaux \u00e0 saucisses fibreux qui permettent un pelage facile.<\/span><\/p><p><span class=\"text-with-replacments\">De plus, les sacs sous vide ont gagn\u00e9 en popularit\u00e9 en tant que solution d\u2019emballage permettant de conserver la fra\u00eecheur des aliments et de prolonger leur dur\u00e9e de conservation.<\/span><span class=\"text-with-replacments\">\u00a0Et qu\u2019en est-il des moules \u00e0 p\u00e2t\u00e9 en plastique\u00a0: ce sont tout simplement d\u2019excellents outils polyvalents pour pr\u00e9parer de d\u00e9licieuses p\u00e2tes \u00e0 tartiner.<\/span><\/p><p>En fin de compte, que vous soyez un petit boucher ou une grande entreprise de l\u2019industrie alimentaire, une compr\u00e9hension approfondie des diff\u00e9rents mat\u00e9riaux de boyau vous offrira des opportunit\u00e9s d\u2019innover et de r\u00e9pondre aux besoins changeants des consommateurs.<\/p>\t\t\t\t\t\t\t\t<\/div>\n\t\t\t\t<\/div>\n\t\t\t\t\t<\/div>\n\t\t<\/div>\n\t\t\t\t\t<\/div>\n\t\t<\/section>\n\t\t\t\t<section class=\"elementor-section elementor-top-section elementor-element elementor-element-86fbae0 elementor-section-full_width elementor-section-height-default elementor-section-height-default\" data-id=\"86fbae0\" data-element_type=\"section\">\n\t\t\t\t\t\t<div class=\"elementor-container elementor-column-gap-default\">\n\t\t\t\t\t<div class=\"elementor-column elementor-col-100 elementor-top-column elementor-element elementor-element-9427aaf\" data-id=\"9427aaf\" data-element_type=\"column\">\n\t\t\t<div class=\"elementor-widget-wrap elementor-element-populated\">\n\t\t\t\t\t\t<div class=\"elementor-element elementor-element-8cad703 elementor-widget elementor-widget-shortcode\" data-id=\"8cad703\" data-element_type=\"widget\" data-widget_type=\"shortcode.default\">\n\t\t\t\t<div class=\"elementor-widget-container\">\n\t\t\t\t\t\t\t<div class=\"elementor-shortcode\">\t\t<div data-elementor-type=\"wp-post\" data-elementor-id=\"1005\" class=\"elementor elementor-1005\" data-elementor-post-type=\"elementor-hf\">\n\t\t\t\t\t\t<footer class=\"elementor-section elementor-top-section elementor-element elementor-element-1adf6c3 elementor-section-full_width elementor-section-height-default elementor-section-height-default\" data-id=\"1adf6c3\" data-element_type=\"section\" data-settings=\"{&quot;background_background&quot;:&quot;gradient&quot;}\">\n\t\t\t\t\t\t<div class=\"elementor-container elementor-column-gap-default\">\n\t\t\t\t\t<div class=\"elementor-column elementor-col-33 elementor-top-column elementor-element elementor-element-f375590\" data-id=\"f375590\" data-element_type=\"column\">\n\t\t\t<div class=\"elementor-widget-wrap elementor-element-populated\">\n\t\t\t\t\t\t<div class=\"elementor-element elementor-element-4aa5181 elementor-widget elementor-widget-text-editor\" data-id=\"4aa5181\" data-element_type=\"widget\" data-widget_type=\"text-editor.default\">\n\t\t\t\t<div class=\"elementor-widget-container\">\n\t\t\t\t\t\t\t\t\t<p>Notre emplacement: 151 King Street,<br \/>Barrie, Ontario, L4N 6B5<br \/>Servir le Canada et l'Am\u00e9rique du Nord<\/p>\t\t\t\t\t\t\t\t<\/div>\n\t\t\t\t<\/div>\n\t\t\t\t\t<\/div>\n\t\t<\/div>\n\t\t\t\t<div class=\"elementor-column elementor-col-33 elementor-top-column elementor-element elementor-element-bfb550a\" data-id=\"bfb550a\" data-element_type=\"column\">\n\t\t\t<div class=\"elementor-widget-wrap elementor-element-populated\">\n\t\t\t\t\t\t<div class=\"elementor-element elementor-element-458c3b4 elementor-widget elementor-widget-image\" data-id=\"458c3b4\" data-element_type=\"widget\" data-widget_type=\"image.default\">\n\t\t\t\t<div class=\"elementor-widget-container\">\n\t\t\t\t\t\t\t\t\t\t\t\t\t\t\t<img loading=\"lazy\" decoding=\"async\" width=\"300\" height=\"78\" src=\"https:\/\/mmis.ca\/wp-content\/uploads\/2017\/04\/newlogos-300x78.png\" class=\"attachment-medium size-medium wp-image-390\" alt=\"\" srcset=\"https:\/\/mmis.ca\/wp-content\/uploads\/2017\/04\/newlogos-300x78.png 300w, https:\/\/mmis.ca\/wp-content\/uploads\/2017\/04\/newlogos-768x200.png 768w, https:\/\/mmis.ca\/wp-content\/uploads\/2017\/04\/newlogos-1024x267.png 1024w, https:\/\/mmis.ca\/wp-content\/uploads\/2017\/04\/newlogos.png 1037w\" sizes=\"(max-width: 300px) 100vw, 300px\" \/>\t\t\t\t\t\t\t\t\t\t\t\t\t\t\t<\/div>\n\t\t\t\t<\/div>\n\t\t\t\t\t<\/div>\n\t\t<\/div>\n\t\t\t\t<div class=\"elementor-column elementor-col-33 elementor-top-column elementor-element elementor-element-d152e93\" data-id=\"d152e93\" data-element_type=\"column\">\n\t\t\t<div class=\"elementor-widget-wrap elementor-element-populated\">\n\t\t\t\t\t\t<div class=\"elementor-element elementor-element-eeedc57 elementor-widget elementor-widget-text-editor\" data-id=\"eeedc57\" data-element_type=\"widget\" data-widget_type=\"text-editor.default\">\n\t\t\t\t<div class=\"elementor-widget-container\">\n\t\t\t\t\t\t\t\t\t<p>E-mail: <a href=\"mailto:inquiry@mmis.ca\">inquiry@mmis.ca<\/a><br \/>T\u00e9l\u00e9phone #: <a href=\"Tel:9058411717\">905 841 1717<\/a><br \/>Gratuit: <a href=\"Tel:1-877-873-6647\">1-877-873-6647<\/a><\/p>\t\t\t\t\t\t\t\t<\/div>\n\t\t\t\t<\/div>\n\t\t\t\t\t<\/div>\n\t\t<\/div>\n\t\t\t\t\t<\/div>\n\t\t<\/footer>\n\t\t\t\t<\/div>\n\t\t<\/div>\n\t\t\t\t\t\t<\/div>\n\t\t\t\t<\/div>\n\t\t\t\t\t<\/div>\n\t\t<\/div>\n\t\t\t\t\t<\/div>\n\t\t<\/section>\n\t\t\t\t<\/div>","protected":false},"excerpt":{"rendered":"<p>A History of Supplying Sausage Packaging Materials Since 1979,\u00a0MMIS Inc. has been the exclusive Canadian source for the high quality\u00a0Walsroder\u00a0brand of artificial casings (now part of Viskase Companies, Inc.).\u00a0From traditional types of sausage casings to the new high tech plastic casings, we can supply you with a full range of casings to suit your every [&hellip;]<\/p>","protected":false},"author":1,"featured_media":2979,"parent":0,"menu_order":0,"comment_status":"closed","ping_status":"closed","template":"","meta":{"footnotes":""},"class_list":["post-170","page","type-page","status-publish","has-post-thumbnail","hentry"],"aioseo_notices":[],"_links":{"self":[{"href":"https:\/\/mmis.ca\/fr\/wp-json\/wp\/v2\/pages\/170","targetHints":{"allow":["GET"]}}],"collection":[{"href":"https:\/\/mmis.ca\/fr\/wp-json\/wp\/v2\/pages"}],"about":[{"href":"https:\/\/mmis.ca\/fr\/wp-json\/wp\/v2\/types\/page"}],"author":[{"embeddable":true,"href":"https:\/\/mmis.ca\/fr\/wp-json\/wp\/v2\/users\/1"}],"replies":[{"embeddable":true,"href":"https:\/\/mmis.ca\/fr\/wp-json\/wp\/v2\/comments?post=170"}],"version-history":[{"count":221,"href":"https:\/\/mmis.ca\/fr\/wp-json\/wp\/v2\/pages\/170\/revisions"}],"predecessor-version":[{"id":5732,"href":"https:\/\/mmis.ca\/fr\/wp-json\/wp\/v2\/pages\/170\/revisions\/5732"}],"wp:featuredmedia":[{"embeddable":true,"href":"https:\/\/mmis.ca\/fr\/wp-json\/wp\/v2\/media\/2979"}],"wp:attachment":[{"href":"https:\/\/mmis.ca\/fr\/wp-json\/wp\/v2\/media?parent=170"}],"curies":[{"name":"wp","href":"https:\/\/api.w.org\/{rel}","templated":true}]}}