{"id":176,"date":"2017-03-16T00:23:08","date_gmt":"2017-03-16T00:23:08","guid":{"rendered":"http:\/\/www.mmis.ca\/wordpress\/?page_id=176"},"modified":"2025-01-16T20:11:51","modified_gmt":"2025-01-16T20:11:51","slug":"food-industry-ingredients","status":"publish","type":"page","link":"https:\/\/mmis.ca\/fr\/food-industry-ingredients\/","title":{"rendered":"Ingr\u00e9dients de l'industrie alimentaire"},"content":{"rendered":"<div data-elementor-type=\"wp-page\" data-elementor-id=\"176\" class=\"elementor elementor-176\" data-elementor-post-type=\"page\">\n\t\t\t\t\t\t<section class=\"elementor-section elementor-top-section elementor-element elementor-element-79b24457 elementor-section-boxed elementor-section-height-default elementor-section-height-default\" data-id=\"79b24457\" data-element_type=\"section\">\n\t\t\t\t\t\t<div class=\"elementor-container elementor-column-gap-default\">\n\t\t\t\t\t<div class=\"elementor-column elementor-col-100 elementor-top-column elementor-element elementor-element-920e250\" data-id=\"920e250\" data-element_type=\"column\">\n\t\t\t<div class=\"elementor-widget-wrap elementor-element-populated\">\n\t\t\t\t\t\t<div class=\"elementor-element elementor-element-e8bb1b8 elementor-widget elementor-widget-text-editor\" data-id=\"e8bb1b8\" data-element_type=\"widget\" data-widget_type=\"text-editor.default\">\n\t\t\t\t<div class=\"elementor-widget-container\">\n\t\t\t\t\t\t\t\t\t<p><div id=\"\" class=\"magee-shortcode magee-row row\"><\/p><h2 style=\"text-align: center;\">MMIS Mondo fournit une gamme compl\u00e8te d'ingr\u00e9dients \u00e0 valeur ajout\u00e9e pour l'industrie alimentaire<\/h2><p><\/div> <div id=\"\" class=\"magee-shortcode magee-row row\"><\/div><\/p><div class=\"gallery-container row\"><p><div class=\"magee-shortcode magee-column col-md-4\" id=\"\" style=\"text-align:left;\"><\/p><p style=\"text-align: center; margin-bottom: 0;\">\u00c9pices<\/p><p style=\"margin-bottom: 0;\"><a href=\"https:\/\/mmis.ca\/fr\/epices-crues\/\"><img fetchpriority=\"high\" decoding=\"async\" class=\"gall-unit alignnone wp-image-559 size-full\" title=\"raw spice blending\" src=\"http:\/\/mmis.ca\/wp-content\/uploads\/2017\/03\/raw_spices_1.jpg\" alt=\"raw spice blending\" width=\"298\" height=\"298\" srcset=\"https:\/\/mmis.ca\/wp-content\/uploads\/2017\/03\/raw_spices_1.jpg 298w, https:\/\/mmis.ca\/wp-content\/uploads\/2017\/03\/raw_spices_1-150x150.jpg 150w, https:\/\/mmis.ca\/wp-content\/uploads\/2017\/03\/raw_spices_1-24x24.jpg 24w, https:\/\/mmis.ca\/wp-content\/uploads\/2017\/03\/raw_spices_1-36x36.jpg 36w, https:\/\/mmis.ca\/wp-content\/uploads\/2017\/03\/raw_spices_1-48x48.jpg 48w\" sizes=\"(max-width: 298px) 100vw, 298px\" \/><\/a><\/p><p><\/div> <div class=\"magee-shortcode magee-column col-md-4\" id=\"\" style=\"text-align:left;\"><\/p><p style=\"text-align: center; margin-bottom: 0;\">Assaisonnements<\/p><p style=\"margin-bottom: 0;\"><a href=\"https:\/\/mmis.ca\/fr\/assaisonnements\/\"><img decoding=\"async\" class=\"gall-unit alignnone wp-image-560 size-full\" title=\"liquid smoke Seasonings\" src=\"http:\/\/mmis.ca\/wp-content\/uploads\/2017\/03\/seasonings_1.jpg\" alt=\"black pepper 32 mesh\" width=\"300\" height=\"300\" srcset=\"https:\/\/mmis.ca\/wp-content\/uploads\/2017\/03\/seasonings_1.jpg 300w, https:\/\/mmis.ca\/wp-content\/uploads\/2017\/03\/seasonings_1-150x150.jpg 150w, https:\/\/mmis.ca\/wp-content\/uploads\/2017\/03\/seasonings_1-24x24.jpg 24w, https:\/\/mmis.ca\/wp-content\/uploads\/2017\/03\/seasonings_1-36x36.jpg 36w, https:\/\/mmis.ca\/wp-content\/uploads\/2017\/03\/seasonings_1-48x48.jpg 48w\" sizes=\"(max-width: 300px) 100vw, 300px\" \/><\/a><\/p><p><\/div> <div class=\"magee-shortcode magee-column col-md-4\" id=\"\" style=\"text-align:left;\"><\/p><p style=\"text-align: center; margin-bottom: 0;\">Liants<\/p><p style=\"margin-bottom: 0;\"><a href=\"https:\/\/mmis.ca\/fr\/liants\/\"><img decoding=\"async\" class=\"gall-unit alignnone wp-image-561 size-full\" title=\"gluten free binders\" src=\"http:\/\/mmis.ca\/wp-content\/uploads\/2017\/03\/binders_1.jpg\" alt=\"gluten free binders\" width=\"300\" height=\"300\" srcset=\"https:\/\/mmis.ca\/wp-content\/uploads\/2017\/03\/binders_1.jpg 300w, https:\/\/mmis.ca\/wp-content\/uploads\/2017\/03\/binders_1-150x150.jpg 150w, https:\/\/mmis.ca\/wp-content\/uploads\/2017\/03\/binders_1-24x24.jpg 24w, https:\/\/mmis.ca\/wp-content\/uploads\/2017\/03\/binders_1-36x36.jpg 36w, https:\/\/mmis.ca\/wp-content\/uploads\/2017\/03\/binders_1-48x48.jpg 48w\" sizes=\"(max-width: 300px) 100vw, 300px\" \/><\/a><\/p><p><\/div> <div class=\"magee-shortcode magee-column col-md-4\" id=\"\" style=\"text-align:left;\"><\/p><p style=\"text-align: center; margin-bottom: 0;\">Marinades<\/p><p><a href=\"https:\/\/mmis.ca\/fr\/marinades\/\"><img loading=\"lazy\" decoding=\"async\" class=\"gall-unit alignnone wp-image-564 size-medium\" title=\"Specialty marinades\" src=\"http:\/\/mmis.ca\/wp-content\/uploads\/2017\/03\/marinades_1-300x300.jpg\" alt=\"custom blending specialty marinades\" width=\"300\" height=\"300\" srcset=\"https:\/\/mmis.ca\/wp-content\/uploads\/2017\/03\/marinades_1-300x300.jpg 300w, https:\/\/mmis.ca\/wp-content\/uploads\/2017\/03\/marinades_1-150x150.jpg 150w, https:\/\/mmis.ca\/wp-content\/uploads\/2017\/03\/marinades_1-24x24.jpg 24w, https:\/\/mmis.ca\/wp-content\/uploads\/2017\/03\/marinades_1-36x36.jpg 36w, https:\/\/mmis.ca\/wp-content\/uploads\/2017\/03\/marinades_1-48x48.jpg 48w, https:\/\/mmis.ca\/wp-content\/uploads\/2017\/03\/marinades_1.jpg 591w\" sizes=\"(max-width: 300px) 100vw, 300px\" \/><\/a> <\/div> <div class=\"magee-shortcode magee-column col-md-4\" id=\"\" style=\"text-align:left;\"><\/p><p style=\"text-align: center; margin-bottom: 0;\">Ingr\u00e9dients techniques<\/p><p><a href=\"https:\/\/mmis.ca\/fr\/ingredients-techniques\/\"><img loading=\"lazy\" decoding=\"async\" class=\"gall-unit alignnone wp-image-563 size-medium\" title=\"cultures de d\u00e9part\" src=\"http:\/\/mmis.ca\/wp-content\/uploads\/2017\/03\/tech_ing_1-300x300.jpg\" alt=\"cultures de d\u00e9part\" width=\"300\" height=\"300\" srcset=\"https:\/\/mmis.ca\/wp-content\/uploads\/2017\/03\/tech_ing_1-300x300.jpg 300w, https:\/\/mmis.ca\/wp-content\/uploads\/2017\/03\/tech_ing_1-150x150.jpg 150w, https:\/\/mmis.ca\/wp-content\/uploads\/2017\/03\/tech_ing_1-24x24.jpg 24w, https:\/\/mmis.ca\/wp-content\/uploads\/2017\/03\/tech_ing_1-36x36.jpg 36w, https:\/\/mmis.ca\/wp-content\/uploads\/2017\/03\/tech_ing_1-48x48.jpg 48w, https:\/\/mmis.ca\/wp-content\/uploads\/2017\/03\/tech_ing_1.jpg 338w\" sizes=\"(max-width: 300px) 100vw, 300px\" \/><\/a> <\/div> <div class=\"magee-shortcode magee-column col-md-4\" id=\"\" style=\"text-align:left;\"><\/p><p style=\"text-align: center; margin-bottom: 0;\">Phosphates sp\u00e9cialis\u00e9es<\/p><p><a href=\"https:\/\/mmis.ca\/fr\/phosphates-de-specialite\/\"><img loading=\"lazy\" decoding=\"async\" class=\"gall-unit alignnone wp-image-562 size-medium\" title=\"meat industry phosphates\" src=\"http:\/\/mmis.ca\/wp-content\/uploads\/2017\/03\/phosphates_1-300x300.jpg\" alt=\"meat industry food grade phosphates\" width=\"300\" height=\"300\" srcset=\"https:\/\/mmis.ca\/wp-content\/uploads\/2017\/03\/phosphates_1-300x300.jpg 300w, https:\/\/mmis.ca\/wp-content\/uploads\/2017\/03\/phosphates_1-150x150.jpg 150w, https:\/\/mmis.ca\/wp-content\/uploads\/2017\/03\/phosphates_1-24x24.jpg 24w, https:\/\/mmis.ca\/wp-content\/uploads\/2017\/03\/phosphates_1-36x36.jpg 36w, https:\/\/mmis.ca\/wp-content\/uploads\/2017\/03\/phosphates_1-48x48.jpg 48w, https:\/\/mmis.ca\/wp-content\/uploads\/2017\/03\/phosphates_1.jpg 472w\" sizes=\"(max-width: 300px) 100vw, 300px\" \/><\/a> <\/div><\/p><\/div><h3 style=\"text-align: center;\">Solutions sp\u00e9cifiques et m\u00e9lange personnalis\u00e9<\/h3><p>MMIS Mondo Ltd. se sp\u00e9cialise dans le m\u00e9lange d'ingr\u00e9dients fonctionnels et d'\u00e9pices depuis 2001. Les unit\u00e9s sp\u00e9cifiques au client dans l'emballage de taille par lots cr\u00e9ent une valeur suppl\u00e9mentaire pour vous. Les connaissances techniques, le service de recettes, la combinaison de profils de saveurs classiques avec les ingr\u00e9dients les plus \u00e0 jour et innovants font de notre service une grande valeur pour nos clients. Nos sp\u00e9cialistes de l'alimentation peuvent soutenir vos questions techniques et vos d\u00e9fis de produits. Nous offrons un soutien \u00e0 l'\u00e9tiquetage nutritionnel et notre laboratoire cr\u00e9era \u00e9galement des solutions innovantes.<\/p><div class=\"body-content\">\u00a0<\/div><p><!--<\/p>\n<hr \/>\n<p>ICL now also markets several unique food ingredients for the quality conscious meat, poultry and seafood processor. After carefully studying the most common problems with further processing and evaluating advanced technologies, we now offer:<br \/>\nBekaplus\u00ae CP2, an agglomerated combination of modified starch, carrageenan and select polyphosphates. Bekaplus\u00ae CP2 can be used to maximize high yielding muscle meat products or maximize the cooked yield of injected bone-in poultry. When making highly injected muscle meat products the usage level should be adjusted to maximize the phosphate component. For bone-in poultry such as wings, thighs and rotisserie chicken add Bekaplus\u00ae CP2 at 0.65% and Brifisol\u00ae 512 at 0.35% of the raw injected formula.<\/p>\n<hr \/>\n<h3>Dairy and Dairy related Industries<\/h3>\n<p>In 1929, a patent was granted for the application of polyphosphates in processed cheese to Joh A. Benckiser. This is the origin of the brand name <strong>Joha\u00ae<\/strong>.<\/p>\n<p>Many people in the dairy industry are already familiar with this name from the world renowned book by Dr. Albert Meyer \"Processed Cheese Manufacture\", published in 1970. This book has since been revised and updated and is now available again for purchase.<\/p>\n<p><strong>Joha\u00ae<\/strong> and <strong>Solva\u00ae<\/strong> emulsifiers as well as <strong>Bekaplus\u00ae <\/strong>and <strong>Turrisin\u00ae<\/strong> stabilizers are based on proven formulations developed by our application laboratories.<\/p>\n<p>For the dairy processor and related applications, our <strong>Joha\u00ae<\/strong> emulsifying salts and <strong>Bekaplus\u00ae<\/strong> stabilizers have set quality standards for decades.<\/p>\n<p>Due to their exceptional cost effectiveness, these emulsifiers and stabilizers are used around the world in products such as<br \/>\n[ms_column style=\"1\/2\"]<\/p>\n<div class=\"body-content\">\n<ul>\n<li>Processed cheese<\/li>\n<li>Puddings<\/li>\n<li>Sour cream<\/li>\n<li>Cheese and cream sauces<\/li>\n<li>Milk-based beverages<\/li>\n<li>Coffee creamers<\/li>\n<\/ul>\n<\/div>\n<p>[\/ms_column]<br \/>\n[ms_column style=\"1\/2\"]<\/p>\n<div class=\"body-content\">\n<ul>\n<li>Low pH dairy products<\/li>\n<li>Yoghurt like products<\/li>\n<li>Milk powders and cheese blends<\/li>\n<li>Various dessert items<\/li>\n<li>Refrigerated dips<\/li>\n<li>Cream soups and chowders<\/li>\n<\/ul>\n<\/div>\n<p>[\/ms_column]<\/p>\n<p>Joha\u00ae emulsifiers and Bekaplus\u00ae stabilizers are frequently used to solve problems relating to emulsion breakdown, water separation, protein precipitation, viscosity and texture control, shelf life extension and others. In fact many processors combine these products for added functionality.<\/p>\n<p>Emulsifiers for processed cheese are usually selected by three criteria: the exchange of a certain quantity of protein-bound calcium for sodium, the need to correct the pH and the required \"creaming\" of the cheese product. The consistency of the finished cheese is greatly influenced by the pH. The right emulsifying salts provide proper pH control. It is also the emulsifying salt, which will influence the \"creaming\" characteristics of the processed cheese.<\/p>\n<p>Nutritional beverages have become a staple in the food basket of athletes as well as many health conscious, active consumers. Appearance, mouth-feel and stability are essential features of nutritional beverages. Therefore the combination of ingredients and process technology must be carefully balanced to prevent protein sedimentation or whey separation. Joha\u00ae salts and Bekaplus\u00ae stabilizers are very cost-effective helpers in the quest for better nutritional beverages.<\/p>\n<p>--><\/p>\t\t\t\t\t\t\t\t<\/div>\n\t\t\t\t<\/div>\n\t\t\t\t\t<\/div>\n\t\t<\/div>\n\t\t\t\t\t<\/div>\n\t\t<\/section>\n\t\t\t\t<section class=\"elementor-section elementor-top-section elementor-element elementor-element-55f0116 elementor-section-full_width elementor-section-height-default elementor-section-height-default\" data-id=\"55f0116\" data-element_type=\"section\">\n\t\t\t\t\t\t<div class=\"elementor-container elementor-column-gap-default\">\n\t\t\t\t\t<div class=\"elementor-column elementor-col-100 elementor-top-column elementor-element elementor-element-78dd0ce\" data-id=\"78dd0ce\" data-element_type=\"column\">\n\t\t\t<div class=\"elementor-widget-wrap elementor-element-populated\">\n\t\t\t\t\t\t<div class=\"elementor-element elementor-element-05ed8a7 elementor-widget elementor-widget-shortcode\" data-id=\"05ed8a7\" data-element_type=\"widget\" data-widget_type=\"shortcode.default\">\n\t\t\t\t<div class=\"elementor-widget-container\">\n\t\t\t\t\t\t\t<div class=\"elementor-shortcode\">\t\t<div data-elementor-type=\"wp-post\" data-elementor-id=\"1005\" class=\"elementor elementor-1005\" data-elementor-post-type=\"elementor-hf\">\n\t\t\t\t\t\t<footer class=\"elementor-section elementor-top-section elementor-element elementor-element-1adf6c3 elementor-section-full_width elementor-section-height-default elementor-section-height-default\" data-id=\"1adf6c3\" data-element_type=\"section\" data-settings=\"{&quot;background_background&quot;:&quot;gradient&quot;}\">\n\t\t\t\t\t\t<div class=\"elementor-container elementor-column-gap-default\">\n\t\t\t\t\t<div class=\"elementor-column elementor-col-33 elementor-top-column elementor-element elementor-element-f375590\" data-id=\"f375590\" data-element_type=\"column\">\n\t\t\t<div class=\"elementor-widget-wrap elementor-element-populated\">\n\t\t\t\t\t\t<div class=\"elementor-element elementor-element-4aa5181 elementor-widget elementor-widget-text-editor\" data-id=\"4aa5181\" data-element_type=\"widget\" data-widget_type=\"text-editor.default\">\n\t\t\t\t<div class=\"elementor-widget-container\">\n\t\t\t\t\t\t\t\t\t<p>Notre emplacement: 151 King Street,<br \/>Barrie, Ontario, L4N 6B5<br \/>Servir le Canada et l'Am\u00e9rique du Nord<\/p>\t\t\t\t\t\t\t\t<\/div>\n\t\t\t\t<\/div>\n\t\t\t\t\t<\/div>\n\t\t<\/div>\n\t\t\t\t<div class=\"elementor-column elementor-col-33 elementor-top-column elementor-element elementor-element-bfb550a\" data-id=\"bfb550a\" data-element_type=\"column\">\n\t\t\t<div class=\"elementor-widget-wrap elementor-element-populated\">\n\t\t\t\t\t\t<div class=\"elementor-element elementor-element-458c3b4 elementor-widget elementor-widget-image\" data-id=\"458c3b4\" data-element_type=\"widget\" data-widget_type=\"image.default\">\n\t\t\t\t<div class=\"elementor-widget-container\">\n\t\t\t\t\t\t\t\t\t\t\t\t\t\t\t<img loading=\"lazy\" decoding=\"async\" width=\"300\" height=\"78\" src=\"https:\/\/mmis.ca\/wp-content\/uploads\/2017\/04\/newlogos-300x78.png\" class=\"attachment-medium size-medium wp-image-390\" alt=\"\" srcset=\"https:\/\/mmis.ca\/wp-content\/uploads\/2017\/04\/newlogos-300x78.png 300w, https:\/\/mmis.ca\/wp-content\/uploads\/2017\/04\/newlogos-768x200.png 768w, https:\/\/mmis.ca\/wp-content\/uploads\/2017\/04\/newlogos-1024x267.png 1024w, https:\/\/mmis.ca\/wp-content\/uploads\/2017\/04\/newlogos.png 1037w\" sizes=\"(max-width: 300px) 100vw, 300px\" \/>\t\t\t\t\t\t\t\t\t\t\t\t\t\t\t<\/div>\n\t\t\t\t<\/div>\n\t\t\t\t\t<\/div>\n\t\t<\/div>\n\t\t\t\t<div class=\"elementor-column elementor-col-33 elementor-top-column elementor-element elementor-element-d152e93\" data-id=\"d152e93\" data-element_type=\"column\">\n\t\t\t<div class=\"elementor-widget-wrap elementor-element-populated\">\n\t\t\t\t\t\t<div class=\"elementor-element elementor-element-eeedc57 elementor-widget elementor-widget-text-editor\" data-id=\"eeedc57\" data-element_type=\"widget\" data-widget_type=\"text-editor.default\">\n\t\t\t\t<div class=\"elementor-widget-container\">\n\t\t\t\t\t\t\t\t\t<p>E-mail: <a href=\"mailto:inquiry@mmis.ca\">inquiry@mmis.ca<\/a><br \/>T\u00e9l\u00e9phone #: <a href=\"Tel:9058411717\">905 841 1717<\/a><br \/>Gratuit: <a href=\"Tel:1-877-873-6647\">1-877-873-6647<\/a><\/p>\t\t\t\t\t\t\t\t<\/div>\n\t\t\t\t<\/div>\n\t\t\t\t\t<\/div>\n\t\t<\/div>\n\t\t\t\t\t<\/div>\n\t\t<\/footer>\n\t\t\t\t<\/div>\n\t\t<\/div>\n\t\t\t\t\t\t<\/div>\n\t\t\t\t<\/div>\n\t\t\t\t\t<\/div>\n\t\t<\/div>\n\t\t\t\t\t<\/div>\n\t\t<\/section>\n\t\t\t\t<\/div>","protected":false},"excerpt":{"rendered":"<p>Specific solutions and custom blending MMIS Mondo Ltd. specializes in functional ingredient and spice blending since 2001. Customer specific units in batch size packaging is creating additional value for you.\u00a0Technical knowledge, recipe service, combining classical Flavour Profiles with the most up to date and innovative ingredients make our service a great value to our customers. [&hellip;]<\/p>","protected":false},"author":1,"featured_media":0,"parent":0,"menu_order":0,"comment_status":"closed","ping_status":"closed","template":"","meta":{"footnotes":""},"class_list":["post-176","page","type-page","status-publish","hentry"],"aioseo_notices":[],"_links":{"self":[{"href":"https:\/\/mmis.ca\/fr\/wp-json\/wp\/v2\/pages\/176","targetHints":{"allow":["GET"]}}],"collection":[{"href":"https:\/\/mmis.ca\/fr\/wp-json\/wp\/v2\/pages"}],"about":[{"href":"https:\/\/mmis.ca\/fr\/wp-json\/wp\/v2\/types\/page"}],"author":[{"embeddable":true,"href":"https:\/\/mmis.ca\/fr\/wp-json\/wp\/v2\/users\/1"}],"replies":[{"embeddable":true,"href":"https:\/\/mmis.ca\/fr\/wp-json\/wp\/v2\/comments?post=176"}],"version-history":[{"count":125,"href":"https:\/\/mmis.ca\/fr\/wp-json\/wp\/v2\/pages\/176\/revisions"}],"predecessor-version":[{"id":3998,"href":"https:\/\/mmis.ca\/fr\/wp-json\/wp\/v2\/pages\/176\/revisions\/3998"}],"wp:attachment":[{"href":"https:\/\/mmis.ca\/fr\/wp-json\/wp\/v2\/media?parent=176"}],"curies":[{"name":"wp","href":"https:\/\/api.w.org\/{rel}","templated":true}]}}