{"id":205,"date":"2017-03-17T20:30:05","date_gmt":"2017-03-17T20:30:05","guid":{"rendered":"http:\/\/www.mmis.ca\/wordpress\/?page_id=205"},"modified":"2026-03-26T13:30:05","modified_gmt":"2026-03-26T13:30:05","slug":"meat-industry-accessories","status":"publish","type":"page","link":"https:\/\/mmis.ca\/fr\/accessoires-pour-lindustrie-de-la-viande\/","title":{"rendered":"Accessoires"},"content":{"rendered":"<div data-elementor-type=\"wp-page\" data-elementor-id=\"205\" class=\"elementor elementor-205\" data-elementor-post-type=\"page\">\n\t\t\t\t\t\t<section class=\"elementor-section elementor-top-section elementor-element elementor-element-157150a4 elementor-section-boxed elementor-section-height-default elementor-section-height-default\" data-id=\"157150a4\" data-element_type=\"section\">\n\t\t\t\t\t\t<div class=\"elementor-container elementor-column-gap-default\">\n\t\t\t\t\t<div class=\"elementor-column elementor-col-100 elementor-top-column elementor-element elementor-element-66db0d99\" data-id=\"66db0d99\" data-element_type=\"column\">\n\t\t\t<div class=\"elementor-widget-wrap elementor-element-populated\">\n\t\t\t\t\t\t<div class=\"elementor-element elementor-element-f56a3e1 elementor-widget elementor-widget-heading\" data-id=\"f56a3e1\" data-element_type=\"widget\" data-widget_type=\"heading.default\">\n\t\t\t\t<div class=\"elementor-widget-container\">\n\t\t\t\t\t<h2 class=\"elementor-heading-title elementor-size-default\">Meat Industry Accessories by MMIS Inc.<\/h2>\t\t\t\t<\/div>\n\t\t\t\t<\/div>\n\t\t\t\t<div class=\"elementor-element elementor-element-1dbcacf elementor-widget elementor-widget-text-editor\" data-id=\"1dbcacf\" data-element_type=\"widget\" data-widget_type=\"text-editor.default\">\n\t\t\t\t<div class=\"elementor-widget-container\">\n\t\t\t\t\t\t\t\t\t<hr \/>\t\t\t\t\t\t\t\t<\/div>\n\t\t\t\t<\/div>\n\t\t\t\t<div class=\"elementor-element elementor-element-d56b6f7 elementor-widget__width-initial elementor-widget elementor-widget-text-editor\" data-id=\"d56b6f7\" data-element_type=\"widget\" data-widget_type=\"text-editor.default\">\n\t\t\t\t<div class=\"elementor-widget-container\">\n\t\t\t\t\t\t\t\t\t<p><strong>Since 1979, MMIS Inc. has proudly supplied the Canadian meat-processing industry with top-tier accessories that support efficient, safe, and professional production. From cutting tools to identification tags to packaging components, we offer a comprehensive suite of products to enhance every stage of your operation.<\/strong><\/p><h3><strong>Professional Butcher Knives<\/strong><\/h3><p>We carry professional-grade butcher and trimming knives from <strong>Eicker Messer<\/strong>, manufactured in Solingen, Germany \u2014 a region globally known for high-quality blades.<br\/>Whether you\u2019re boning, filleting, or slicing, our knives deliver precision, durability, and reliability for daily use.<\/p><h3><strong>Clipping &amp; Looping<\/strong><\/h3><p>We supply <strong>aluminum clips and loops<\/strong> from leading European manufacturers (Lorenzo Barroso, International Clip) to suit a wide range of clipper machines.<br\/>Our selection ensures you can find the right clip for your equipment, season after season.<\/p><h3><strong>Smokehouse Tags &amp; Identification<\/strong><\/h3><p>Our heavy-duty, brightly coloured <strong>\u00e9tiquettes de fumoir<\/strong> are designed to withstand extreme processing conditions \u2014 whether smoking, cooking, freezing, or steaming.<br\/>Custom printing and durable materials make them ideal for batch tracking, labeling, and inventory management.<\/p><h3><strong>Packaging &amp; Processing Aids<\/strong><\/h3><ul><li><strong>Sacs sous vide<\/strong>: Available in 3, 4, and 5 mil thicknesses, made with 7-layer co-extrusion for superior barrier properties.<\/li><li><strong>Moules \u00e0 p\u00e2t\u00e9 en plastique<\/strong>: Reusable, food-safe plastic molds in various sizes and colours \u2014 great for loafs, p\u00e2t\u00e9s, and specialty items.<\/li><\/ul>\t\t\t\t\t\t\t\t<\/div>\n\t\t\t\t<\/div>\n\t\t\t\t<div class=\"elementor-element elementor-element-7eb784b6 elementor-widget elementor-widget-text-editor\" data-id=\"7eb784b6\" data-element_type=\"widget\" data-widget_type=\"text-editor.default\">\n\t\t\t\t<div class=\"elementor-widget-container\">\n\t\t\t\t\t\t\t\t\t<div><div id=\"\" class=\"magee-shortcode magee-row row\"> <div class=\"magee-shortcode magee-column col-md-2\" id=\"\" style=\"text-align:;\"> <img fetchpriority=\"high\" decoding=\"async\" class=\"alignnone wp-image-99\" title=\"machine knives\" src=\"http:\/\/www.mmis.ca\/wp-content\/uploads\/2017\/03\/parts-150.jpg\" alt=\"Machine knives and knife replacements\" width=\"314\" height=\"314\" \/> <\/div> <div class=\"magee-shortcode magee-column col-md-4\" id=\"\" style=\"text-align:;\"> <strong>BE <\/strong>Sp\u00e9cialise dans la production de couteaux machine pour l'industrie de la transformation des aliments. Couteaux Cutter, lames de d\u00e9rive, aiguilles d'injecteur, lames de scie et les lames de coupure de la machine d'emballage. Vous l'appelez, nous pouvons l'obtenir! <\/div> <div class=\"magee-shortcode magee-column col-md-2\" id=\"\" style=\"text-align:;\"> <div class=\"magee-shortcode magee-column col-md-4\" id=\"\" style=\"text-align:;\"><\/div> <img decoding=\"async\" class=\"alignnone wp-image-467\" title=\"German butcher supply knives\" src=\"http:\/\/www.mmis.ca\/wp-content\/uploads\/2017\/03\/eicker-e1491880661624-300x300.jpg\" alt=\"Professional knives from Eicker Germany\" width=\"295\" height=\"295\" srcset=\"https:\/\/mmis.ca\/wp-content\/uploads\/2017\/03\/eicker-e1491880661624-300x300.jpg 300w, https:\/\/mmis.ca\/wp-content\/uploads\/2017\/03\/eicker-e1491880661624-150x150.jpg 150w, https:\/\/mmis.ca\/wp-content\/uploads\/2017\/03\/eicker-e1491880661624.jpg 600w\" sizes=\"(max-width: 295px) 100vw, 295px\" \/> <\/div> <div class=\"magee-shortcode magee-column col-md-4\" id=\"\" style=\"text-align:;\"> <strong>Eicker<\/strong> Couteaux professionnels. Depuis trois g\u00e9n\u00e9rations, Eicker Messer a produit des couteaux de boucherie professionnels, des couteaux de l'industrie, des couverts et des fournitures connexes en Allemagne. MMIS Inc. est le concessionnaire Eicker exclusif pour le march\u00e9 canadien. <\/div> <\/div><hr \/><div id=\"\" class=\"magee-shortcode magee-row row\"> <div class=\"magee-shortcode magee-column col-md-2\" id=\"\" style=\"text-align:;\"> <img decoding=\"async\" class=\"alignnone wp-image-692 size-medium\" title=\"Barroso clips for sausage cases\" src=\"http:\/\/www.mmis.ca\/wp-content\/uploads\/2017\/03\/Barroso-Clips-e1496850876174-300x236.jpg\" alt=\"Barroso clips of various sizes\" width=\"300\" height=\"236\" srcset=\"https:\/\/mmis.ca\/wp-content\/uploads\/2017\/03\/Barroso-Clips-e1496850876174-300x236.jpg 300w, https:\/\/mmis.ca\/wp-content\/uploads\/2017\/03\/Barroso-Clips-e1496850876174-768x604.jpg 768w, https:\/\/mmis.ca\/wp-content\/uploads\/2017\/03\/Barroso-Clips-e1496850876174-1024x806.jpg 1024w, https:\/\/mmis.ca\/wp-content\/uploads\/2017\/03\/Barroso-Clips-e1496850876174-24x19.jpg 24w, https:\/\/mmis.ca\/wp-content\/uploads\/2017\/03\/Barroso-Clips-e1496850876174-36x28.jpg 36w, https:\/\/mmis.ca\/wp-content\/uploads\/2017\/03\/Barroso-Clips-e1496850876174-48x38.jpg 48w\" sizes=\"(max-width: 300px) 100vw, 300px\" \/> <\/div> <div class=\"magee-shortcode magee-column col-md-4\" id=\"\" style=\"text-align:;\"> <strong><b>Lorenzo <\/b>Barroso<\/strong> <span style=\"font-weight: 400;\">Clips et boucles d'Espagne. Disponible dans une vari\u00e9t\u00e9 de tailles et de formats pour s'adapter \u00e0 n'importe quelle tondeuse sur le march\u00e9 aujourd'hui. Machines de coupure de table sur la table disponibles. MMIS fournit \u00e9galement des clips de fabrication italienne de <\/span><b>Clip international<\/b><span style=\"font-weight: 400;\">, vous offrant plus de choix et une cha\u00eene d'approvisionnement coh\u00e9rente.<\/span><span style=\"font-weight: 400;\">\u00a0 <\/span> <\/div> <div class=\"magee-shortcode magee-column col-md-2\" id=\"\" style=\"text-align:;\"> <img loading=\"lazy\" decoding=\"async\" class=\"alignnone wp-image-1153 size-medium\" title=\"\u00e9tiquettes de fumoir\" src=\"http:\/\/mmis.ca\/wp-content\/uploads\/2022\/02\/IMG_0162.HEIC_-300x300.jpg\" alt=\"\" width=\"300\" height=\"300\" srcset=\"https:\/\/mmis.ca\/wp-content\/uploads\/2022\/02\/IMG_0162.HEIC_-300x300.jpg 300w, https:\/\/mmis.ca\/wp-content\/uploads\/2022\/02\/IMG_0162.HEIC_-1024x1024.jpg 1024w, https:\/\/mmis.ca\/wp-content\/uploads\/2022\/02\/IMG_0162.HEIC_-150x150.jpg 150w, https:\/\/mmis.ca\/wp-content\/uploads\/2022\/02\/IMG_0162.HEIC_-768x768.jpg 768w, https:\/\/mmis.ca\/wp-content\/uploads\/2022\/02\/IMG_0162.HEIC_-1536x1536.jpg 1536w, https:\/\/mmis.ca\/wp-content\/uploads\/2022\/02\/IMG_0162.HEIC_-2048x2048.jpg 2048w, https:\/\/mmis.ca\/wp-content\/uploads\/2022\/02\/IMG_0162.HEIC_-24x24.jpg 24w, https:\/\/mmis.ca\/wp-content\/uploads\/2022\/02\/IMG_0162.HEIC_-36x36.jpg 36w, https:\/\/mmis.ca\/wp-content\/uploads\/2022\/02\/IMG_0162.HEIC_-48x48.jpg 48w\" sizes=\"(max-width: 300px) 100vw, 300px\" \/> <\/div> <div class=\"magee-shortcode magee-column col-md-4\" id=\"\" style=\"text-align:;\"> <strong>\u00c9tiquettes de fumoir<\/strong> Disponible dans une vari\u00e9t\u00e9 de couleurs, imprim\u00e9 personnalis\u00e9 et con\u00e7u pour r\u00e9sister \u00e0 la punition du tabagisme, de la cuisson et du flux d'air. <\/div> <\/div><hr \/><div id=\"\" class=\"magee-shortcode magee-row row\"> <div class=\"magee-shortcode magee-column col-md-2\" id=\"\" style=\"text-align:;\"> <img loading=\"lazy\" decoding=\"async\" class=\"wp-image-1160 size-medium\" title=\"meat vacuum bags\" src=\"http:\/\/mmis.ca\/wp-content\/uploads\/2022\/02\/Vacuum-packed-23-photo-300x300.jpg\" alt=\"\" width=\"300\" height=\"300\" srcset=\"https:\/\/mmis.ca\/wp-content\/uploads\/2022\/02\/Vacuum-packed-23-photo-300x300.jpg 300w, https:\/\/mmis.ca\/wp-content\/uploads\/2022\/02\/Vacuum-packed-23-photo-150x150.jpg 150w, https:\/\/mmis.ca\/wp-content\/uploads\/2022\/02\/Vacuum-packed-23-photo-24x24.jpg 24w, https:\/\/mmis.ca\/wp-content\/uploads\/2022\/02\/Vacuum-packed-23-photo-36x36.jpg 36w, https:\/\/mmis.ca\/wp-content\/uploads\/2022\/02\/Vacuum-packed-23-photo-48x48.jpg 48w, https:\/\/mmis.ca\/wp-content\/uploads\/2022\/02\/Vacuum-packed-23-photo.jpg 732w\" sizes=\"(max-width: 300px) 100vw, 300px\" \/> <\/div> <div class=\"magee-shortcode magee-column col-md-4\" id=\"\" style=\"text-align:;\"> <strong>Sacs sous vide<\/strong> Programme de stock 3, 4 et 5 mil Tailles personnalis\u00e9es Disponible Print de surface disponible 7 Couche Co-Extrusion extr\u00eame <\/div> <div class=\"magee-shortcode magee-column col-md-2\" id=\"\" style=\"text-align:;\"> <div class=\"magee-shortcode magee-column col-md-4\" id=\"\" style=\"text-align:;\"><\/div> <\/div> <div class=\"magee-shortcode magee-column col-md-4\" id=\"\" style=\"text-align:;\"> <\/div> <\/div><\/div>\t\t\t\t\t\t\t\t<\/div>\n\t\t\t\t<\/div>\n\t\t\t\t\t<\/div>\n\t\t<\/div>\n\t\t\t\t\t<\/div>\n\t\t<\/section>\n\t\t\t\t<section class=\"elementor-section elementor-top-section elementor-element elementor-element-dad5a62 elementor-section-full_width elementor-section-height-default elementor-section-height-default\" data-id=\"dad5a62\" data-element_type=\"section\">\n\t\t\t\t\t\t<div class=\"elementor-container elementor-column-gap-default\">\n\t\t\t\t\t<div class=\"elementor-column elementor-col-100 elementor-top-column elementor-element elementor-element-2de0b35\" data-id=\"2de0b35\" data-element_type=\"column\">\n\t\t\t<div class=\"elementor-widget-wrap elementor-element-populated\">\n\t\t\t\t\t\t<div class=\"elementor-element elementor-element-8002468 elementor-widget elementor-widget-shortcode\" data-id=\"8002468\" data-element_type=\"widget\" data-widget_type=\"shortcode.default\">\n\t\t\t\t<div class=\"elementor-widget-container\">\n\t\t\t\t\t\t\t<div class=\"elementor-shortcode\">\t\t<div data-elementor-type=\"wp-post\" data-elementor-id=\"1005\" class=\"elementor elementor-1005\" data-elementor-post-type=\"elementor-hf\">\n\t\t\t\t\t\t<footer class=\"elementor-section elementor-top-section elementor-element elementor-element-1adf6c3 elementor-section-full_width elementor-section-height-default elementor-section-height-default\" data-id=\"1adf6c3\" data-element_type=\"section\" data-settings=\"{&quot;background_background&quot;:&quot;gradient&quot;}\">\n\t\t\t\t\t\t<div class=\"elementor-container elementor-column-gap-default\">\n\t\t\t\t\t<div class=\"elementor-column elementor-col-33 elementor-top-column elementor-element elementor-element-f375590\" data-id=\"f375590\" data-element_type=\"column\">\n\t\t\t<div class=\"elementor-widget-wrap elementor-element-populated\">\n\t\t\t\t\t\t<div class=\"elementor-element elementor-element-4aa5181 elementor-widget elementor-widget-text-editor\" data-id=\"4aa5181\" data-element_type=\"widget\" data-widget_type=\"text-editor.default\">\n\t\t\t\t<div class=\"elementor-widget-container\">\n\t\t\t\t\t\t\t\t\t<p>Notre emplacement: 151 King Street,<br \/>Barrie, Ontario, L4N 6B5<br \/>Servir le Canada et l'Am\u00e9rique du Nord<\/p>\t\t\t\t\t\t\t\t<\/div>\n\t\t\t\t<\/div>\n\t\t\t\t\t<\/div>\n\t\t<\/div>\n\t\t\t\t<div class=\"elementor-column elementor-col-33 elementor-top-column elementor-element elementor-element-bfb550a\" data-id=\"bfb550a\" data-element_type=\"column\">\n\t\t\t<div class=\"elementor-widget-wrap elementor-element-populated\">\n\t\t\t\t\t\t<div class=\"elementor-element elementor-element-458c3b4 elementor-widget elementor-widget-image\" data-id=\"458c3b4\" data-element_type=\"widget\" data-widget_type=\"image.default\">\n\t\t\t\t<div class=\"elementor-widget-container\">\n\t\t\t\t\t\t\t\t\t\t\t\t\t\t\t<img loading=\"lazy\" decoding=\"async\" width=\"300\" height=\"78\" src=\"https:\/\/mmis.ca\/wp-content\/uploads\/2017\/04\/newlogos-300x78.png\" class=\"attachment-medium size-medium wp-image-390\" alt=\"\" srcset=\"https:\/\/mmis.ca\/wp-content\/uploads\/2017\/04\/newlogos-300x78.png 300w, https:\/\/mmis.ca\/wp-content\/uploads\/2017\/04\/newlogos-768x200.png 768w, https:\/\/mmis.ca\/wp-content\/uploads\/2017\/04\/newlogos-1024x267.png 1024w, https:\/\/mmis.ca\/wp-content\/uploads\/2017\/04\/newlogos.png 1037w\" sizes=\"(max-width: 300px) 100vw, 300px\" \/>\t\t\t\t\t\t\t\t\t\t\t\t\t\t\t<\/div>\n\t\t\t\t<\/div>\n\t\t\t\t\t<\/div>\n\t\t<\/div>\n\t\t\t\t<div class=\"elementor-column elementor-col-33 elementor-top-column elementor-element elementor-element-d152e93\" data-id=\"d152e93\" data-element_type=\"column\">\n\t\t\t<div class=\"elementor-widget-wrap elementor-element-populated\">\n\t\t\t\t\t\t<div class=\"elementor-element elementor-element-eeedc57 elementor-widget elementor-widget-text-editor\" data-id=\"eeedc57\" data-element_type=\"widget\" data-widget_type=\"text-editor.default\">\n\t\t\t\t<div class=\"elementor-widget-container\">\n\t\t\t\t\t\t\t\t\t<p>E-mail: <a href=\"mailto:inquiry@mmis.ca\">inquiry@mmis.ca<\/a><br \/>T\u00e9l\u00e9phone #: <a href=\"Tel:9058411717\">905 841 1717<\/a><br \/>Gratuit: <a href=\"Tel:1-877-873-6647\">1-877-873-6647<\/a><\/p>\t\t\t\t\t\t\t\t<\/div>\n\t\t\t\t<\/div>\n\t\t\t\t\t<\/div>\n\t\t<\/div>\n\t\t\t\t\t<\/div>\n\t\t<\/footer>\n\t\t\t\t<\/div>\n\t\t<\/div>\n\t\t\t\t\t\t<\/div>\n\t\t\t\t<\/div>\n\t\t\t\t\t<\/div>\n\t\t<\/div>\n\t\t\t\t\t<\/div>\n\t\t<\/section>\n\t\t\t\t<\/div>","protected":false},"excerpt":{"rendered":"<p>Meat Industry Accessories by MMIS Inc. Since 1979, MMIS Inc. has proudly supplied the Canadian meat-processing industry with top-tier accessories that support efficient, safe, and professional production. From cutting tools to identification tags to packaging components, we offer a comprehensive suite of products to enhance every stage of your operation. Professional Butcher Knives We carry [&hellip;]<\/p>","protected":false},"author":1,"featured_media":0,"parent":0,"menu_order":0,"comment_status":"closed","ping_status":"closed","template":"","meta":{"footnotes":""},"class_list":["post-205","page","type-page","status-publish","hentry"],"aioseo_notices":[],"_links":{"self":[{"href":"https:\/\/mmis.ca\/fr\/wp-json\/wp\/v2\/pages\/205","targetHints":{"allow":["GET"]}}],"collection":[{"href":"https:\/\/mmis.ca\/fr\/wp-json\/wp\/v2\/pages"}],"about":[{"href":"https:\/\/mmis.ca\/fr\/wp-json\/wp\/v2\/types\/page"}],"author":[{"embeddable":true,"href":"https:\/\/mmis.ca\/fr\/wp-json\/wp\/v2\/users\/1"}],"replies":[{"embeddable":true,"href":"https:\/\/mmis.ca\/fr\/wp-json\/wp\/v2\/comments?post=205"}],"version-history":[{"count":61,"href":"https:\/\/mmis.ca\/fr\/wp-json\/wp\/v2\/pages\/205\/revisions"}],"predecessor-version":[{"id":5681,"href":"https:\/\/mmis.ca\/fr\/wp-json\/wp\/v2\/pages\/205\/revisions\/5681"}],"wp:attachment":[{"href":"https:\/\/mmis.ca\/fr\/wp-json\/wp\/v2\/media?parent=205"}],"curies":[{"name":"wp","href":"https:\/\/api.w.org\/{rel}","templated":true}]}}