{"id":222,"date":"2017-03-17T20:38:57","date_gmt":"2017-03-17T20:38:57","guid":{"rendered":"http:\/\/www.mmis.ca\/wordpress\/?page_id=222"},"modified":"2026-03-26T13:24:39","modified_gmt":"2026-03-26T13:24:39","slug":"custom-blending","status":"publish","type":"page","link":"https:\/\/mmis.ca\/fr\/melange-personnalise-3\/","title":{"rendered":"M\u00e9lange Personnalis\u00e9"},"content":{"rendered":"<div data-elementor-type=\"wp-page\" data-elementor-id=\"222\" class=\"elementor elementor-222\" data-elementor-post-type=\"page\">\n\t\t\t\t\t\t<section class=\"elementor-section elementor-top-section elementor-element elementor-element-6a75278 elementor-section-boxed elementor-section-height-default elementor-section-height-default\" data-id=\"6a75278\" data-element_type=\"section\">\n\t\t\t\t\t\t<div class=\"elementor-container elementor-column-gap-default\">\n\t\t\t\t\t<div class=\"elementor-column elementor-col-100 elementor-top-column elementor-element elementor-element-f773de6\" data-id=\"f773de6\" data-element_type=\"column\">\n\t\t\t<div class=\"elementor-widget-wrap elementor-element-populated\">\n\t\t\t\t\t\t<div class=\"elementor-element elementor-element-ee2a9a8 elementor-widget elementor-widget-heading\" data-id=\"ee2a9a8\" data-element_type=\"widget\" data-widget_type=\"heading.default\">\n\t\t\t\t<div class=\"elementor-widget-container\">\n\t\t\t\t\t<h2 class=\"elementor-heading-title elementor-size-default\">Production de m\u00e9langes d'\u00e9pices personnalis\u00e9s de haute qualit\u00e9 pour l'industrie alimentaire<\/h2>\t\t\t\t<\/div>\n\t\t\t\t<\/div>\n\t\t\t\t<div class=\"elementor-element elementor-element-e9bc1e9 elementor-widget elementor-widget-text-editor\" data-id=\"e9bc1e9\" data-element_type=\"widget\" data-widget_type=\"text-editor.default\">\n\t\t\t\t<div class=\"elementor-widget-container\">\n\t\t\t\t\t\t\t\t\t<p>MMIS Mondo produit une coutume, fabriqu\u00e9e pour commander des m\u00e9langes d'\u00e9pices et d'ingr\u00e9dients depuis plus de 20 ans. Nous nous sp\u00e9cialisons dans les m\u00e9langes secs pour l'industrie de la viande, mais produisons \u00e9galement des centaines de m\u00e9langes pour d'autres secteurs de l'industrie des aliments et des aliments pour animaux de compagnie. Nous travaillons en \u00e9troite collaboration avec les transformateurs alimentaires pour correspondre \u00e0 leurs ingr\u00e9dients existants et les aidons \u00e9galement \u00e0 partir de z\u00e9ro lors de la cr\u00e9ation de m\u00e9langes d'ingr\u00e9dients nouveaux et uniques.<\/p>\t\t\t\t\t\t\t\t<\/div>\n\t\t\t\t<\/div>\n\t\t\t\t<div class=\"elementor-element elementor-element-56e6743 elementor-widget elementor-widget-image\" data-id=\"56e6743\" data-element_type=\"widget\" data-widget_type=\"image.default\">\n\t\t\t\t<div class=\"elementor-widget-container\">\n\t\t\t\t\t\t\t\t\t\t\t\t\t\t\t<img fetchpriority=\"high\" decoding=\"async\" width=\"900\" height=\"601\" src=\"https:\/\/mmis.ca\/wp-content\/uploads\/2024\/12\/bigstock-Assortment-Of-Natural-Spices-O-277283482-1.jpg\" class=\"attachment-full size-full wp-image-3923\" alt=\"m\u00e9langes d&#039;\u00e9pices personnalis\u00e9s\" srcset=\"https:\/\/mmis.ca\/wp-content\/uploads\/2024\/12\/bigstock-Assortment-Of-Natural-Spices-O-277283482-1.jpg 900w, https:\/\/mmis.ca\/wp-content\/uploads\/2024\/12\/bigstock-Assortment-Of-Natural-Spices-O-277283482-1-300x200.jpg 300w, https:\/\/mmis.ca\/wp-content\/uploads\/2024\/12\/bigstock-Assortment-Of-Natural-Spices-O-277283482-1-768x513.jpg 768w, https:\/\/mmis.ca\/wp-content\/uploads\/2024\/12\/bigstock-Assortment-Of-Natural-Spices-O-277283482-1-18x12.jpg 18w, https:\/\/mmis.ca\/wp-content\/uploads\/2024\/12\/bigstock-Assortment-Of-Natural-Spices-O-277283482-1-24x16.jpg 24w, https:\/\/mmis.ca\/wp-content\/uploads\/2024\/12\/bigstock-Assortment-Of-Natural-Spices-O-277283482-1-36x24.jpg 36w, https:\/\/mmis.ca\/wp-content\/uploads\/2024\/12\/bigstock-Assortment-Of-Natural-Spices-O-277283482-1-48x32.jpg 48w\" sizes=\"(max-width: 900px) 100vw, 900px\" \/>\t\t\t\t\t\t\t\t\t\t\t\t\t\t\t<\/div>\n\t\t\t\t<\/div>\n\t\t\t\t<div class=\"elementor-element elementor-element-743867a elementor-widget elementor-widget-heading\" data-id=\"743867a\" data-element_type=\"widget\" data-widget_type=\"heading.default\">\n\t\t\t\t<div class=\"elementor-widget-container\">\n\t\t\t\t\t<h2 class=\"elementor-heading-title elementor-size-default\">Notre exp\u00e9rience en mati\u00e8re d'approvisionnement et de fabrication de m\u00e9langes d'\u00e9pices personnalis\u00e9s<\/h2>\t\t\t\t<\/div>\n\t\t\t\t<\/div>\n\t\t\t\t\t<\/div>\n\t\t<\/div>\n\t\t\t\t\t<\/div>\n\t\t<\/section>\n\t\t\t\t<section class=\"elementor-section elementor-top-section elementor-element elementor-element-0d128da elementor-section-full_width elementor-section-height-default elementor-section-height-default\" data-id=\"0d128da\" data-element_type=\"section\">\n\t\t\t\t\t\t<div class=\"elementor-container elementor-column-gap-default\">\n\t\t\t\t\t<div class=\"elementor-column elementor-col-100 elementor-top-column elementor-element elementor-element-596e684\" data-id=\"596e684\" data-element_type=\"column\">\n\t\t\t<div class=\"elementor-widget-wrap elementor-element-populated\">\n\t\t\t\t\t\t<div class=\"elementor-element elementor-element-89f42c0 elementor-widget elementor-widget-shortcode\" data-id=\"89f42c0\" data-element_type=\"widget\" data-widget_type=\"shortcode.default\">\n\t\t\t\t<div class=\"elementor-widget-container\">\n\t\t\t\t\t\t\t<div class=\"elementor-shortcode\">\t\t<div data-elementor-type=\"wp-post\" data-elementor-id=\"1005\" class=\"elementor elementor-1005\" data-elementor-post-type=\"elementor-hf\">\n\t\t\t\t\t\t<footer class=\"elementor-section elementor-top-section elementor-element elementor-element-1adf6c3 elementor-section-full_width elementor-section-height-default elementor-section-height-default\" data-id=\"1adf6c3\" data-element_type=\"section\" data-settings=\"{&quot;background_background&quot;:&quot;gradient&quot;}\">\n\t\t\t\t\t\t<div class=\"elementor-container elementor-column-gap-default\">\n\t\t\t\t\t<div class=\"elementor-column elementor-col-33 elementor-top-column elementor-element elementor-element-f375590\" data-id=\"f375590\" data-element_type=\"column\">\n\t\t\t<div class=\"elementor-widget-wrap elementor-element-populated\">\n\t\t\t\t\t\t<div class=\"elementor-element elementor-element-4aa5181 elementor-widget elementor-widget-text-editor\" data-id=\"4aa5181\" data-element_type=\"widget\" data-widget_type=\"text-editor.default\">\n\t\t\t\t<div class=\"elementor-widget-container\">\n\t\t\t\t\t\t\t\t\t<p>Notre emplacement: 151 King Street,<br \/>Barrie, Ontario, L4N 6B5<br \/>Servir le Canada et l'Am\u00e9rique du Nord<\/p>\t\t\t\t\t\t\t\t<\/div>\n\t\t\t\t<\/div>\n\t\t\t\t\t<\/div>\n\t\t<\/div>\n\t\t\t\t<div class=\"elementor-column elementor-col-33 elementor-top-column elementor-element elementor-element-bfb550a\" data-id=\"bfb550a\" data-element_type=\"column\">\n\t\t\t<div class=\"elementor-widget-wrap elementor-element-populated\">\n\t\t\t\t\t\t<div class=\"elementor-element elementor-element-458c3b4 elementor-widget elementor-widget-image\" data-id=\"458c3b4\" data-element_type=\"widget\" data-widget_type=\"image.default\">\n\t\t\t\t<div class=\"elementor-widget-container\">\n\t\t\t\t\t\t\t\t\t\t\t\t\t\t\t<img decoding=\"async\" width=\"300\" height=\"78\" src=\"https:\/\/mmis.ca\/wp-content\/uploads\/2017\/04\/newlogos-300x78.png\" class=\"attachment-medium size-medium wp-image-390\" alt=\"\" srcset=\"https:\/\/mmis.ca\/wp-content\/uploads\/2017\/04\/newlogos-300x78.png 300w, https:\/\/mmis.ca\/wp-content\/uploads\/2017\/04\/newlogos-768x200.png 768w, https:\/\/mmis.ca\/wp-content\/uploads\/2017\/04\/newlogos-1024x267.png 1024w, https:\/\/mmis.ca\/wp-content\/uploads\/2017\/04\/newlogos.png 1037w\" sizes=\"(max-width: 300px) 100vw, 300px\" \/>\t\t\t\t\t\t\t\t\t\t\t\t\t\t\t<\/div>\n\t\t\t\t<\/div>\n\t\t\t\t\t<\/div>\n\t\t<\/div>\n\t\t\t\t<div class=\"elementor-column elementor-col-33 elementor-top-column elementor-element elementor-element-d152e93\" data-id=\"d152e93\" data-element_type=\"column\">\n\t\t\t<div class=\"elementor-widget-wrap elementor-element-populated\">\n\t\t\t\t\t\t<div class=\"elementor-element elementor-element-eeedc57 elementor-widget elementor-widget-text-editor\" data-id=\"eeedc57\" data-element_type=\"widget\" data-widget_type=\"text-editor.default\">\n\t\t\t\t<div class=\"elementor-widget-container\">\n\t\t\t\t\t\t\t\t\t<p>E-mail: <a href=\"mailto:inquiry@mmis.ca\">inquiry@mmis.ca<\/a><br \/>T\u00e9l\u00e9phone #: <a href=\"Tel:9058411717\">905 841 1717<\/a><br \/>Gratuit: <a href=\"Tel:1-877-873-6647\">1-877-873-6647<\/a><\/p>\t\t\t\t\t\t\t\t<\/div>\n\t\t\t\t<\/div>\n\t\t\t\t\t<\/div>\n\t\t<\/div>\n\t\t\t\t\t<\/div>\n\t\t<\/footer>\n\t\t\t\t<\/div>\n\t\t<\/div>\n\t\t\t\t\t\t<\/div>\n\t\t\t\t<\/div>\n\t\t\t\t\t<\/div>\n\t\t<\/div>\n\t\t\t\t\t<\/div>\n\t\t<\/section>\n\t\t\t\t<\/div>","protected":false},"excerpt":{"rendered":"<p>Producing High Grade Custom Spice Blends for the Food Industry MMIS Mondo has been producing custom, made to order spice and ingredient blends for over 20 years. We specialize in dry blends for the meat industry, but also produce hundreds of blends for other sectors of the food and pet food industry. We work closely [&hellip;]<\/p>","protected":false},"author":1,"featured_media":0,"parent":0,"menu_order":0,"comment_status":"closed","ping_status":"closed","template":"","meta":{"footnotes":""},"class_list":["post-222","page","type-page","status-publish","hentry"],"aioseo_notices":[],"_links":{"self":[{"href":"https:\/\/mmis.ca\/fr\/wp-json\/wp\/v2\/pages\/222","targetHints":{"allow":["GET"]}}],"collection":[{"href":"https:\/\/mmis.ca\/fr\/wp-json\/wp\/v2\/pages"}],"about":[{"href":"https:\/\/mmis.ca\/fr\/wp-json\/wp\/v2\/types\/page"}],"author":[{"embeddable":true,"href":"https:\/\/mmis.ca\/fr\/wp-json\/wp\/v2\/users\/1"}],"replies":[{"embeddable":true,"href":"https:\/\/mmis.ca\/fr\/wp-json\/wp\/v2\/comments?post=222"}],"version-history":[{"count":59,"href":"https:\/\/mmis.ca\/fr\/wp-json\/wp\/v2\/pages\/222\/revisions"}],"predecessor-version":[{"id":5678,"href":"https:\/\/mmis.ca\/fr\/wp-json\/wp\/v2\/pages\/222\/revisions\/5678"}],"wp:attachment":[{"href":"https:\/\/mmis.ca\/fr\/wp-json\/wp\/v2\/media?parent=222"}],"curies":[{"name":"wp","href":"https:\/\/api.w.org\/{rel}","templated":true}]}}