{"id":225,"date":"2017-03-17T20:40:12","date_gmt":"2017-03-17T20:40:12","guid":{"rendered":"http:\/\/www.mmis.ca\/wordpress\/?page_id=225"},"modified":"2025-02-19T11:44:42","modified_gmt":"2025-02-19T11:44:42","slug":"technical","status":"publish","type":"page","link":"https:\/\/mmis.ca\/fr\/technique-2\/","title":{"rendered":"Technique"},"content":{"rendered":"<div data-elementor-type=\"wp-page\" data-elementor-id=\"225\" class=\"elementor elementor-225\" data-elementor-post-type=\"page\">\n\t\t\t\t\t\t<section class=\"elementor-section elementor-top-section elementor-element elementor-element-4ea0810c elementor-section-boxed elementor-section-height-default elementor-section-height-default\" data-id=\"4ea0810c\" data-element_type=\"section\">\n\t\t\t\t\t\t<div class=\"elementor-container elementor-column-gap-default\">\n\t\t\t\t\t<div class=\"elementor-column elementor-col-100 elementor-top-column elementor-element elementor-element-177eb113\" data-id=\"177eb113\" data-element_type=\"column\">\n\t\t\t<div class=\"elementor-widget-wrap elementor-element-populated\">\n\t\t\t\t\t\t<div class=\"elementor-element elementor-element-23fa088b elementor-widget elementor-widget-text-editor\" data-id=\"23fa088b\" data-element_type=\"widget\" data-widget_type=\"text-editor.default\">\n\t\t\t\t<div class=\"elementor-widget-container\">\n\t\t\t\t\t\t\t\t\t<h2>Service technique pour tous les aspects de la viande, de la volaille, de la transformation du poisson et du fromage.<\/h2><hr style=\"border: 0; height: 1px; background-image: linear-gradient(to right, teal, teal, rgba(0,128,128, 0.3));\" \/><p><div id=\"\" class=\"magee-shortcode magee-row row\"> <div class=\"magee-shortcode magee-column col-md-3\" id=\"\" style=\"text-align:;\"><h3>Formulation<\/h3><hr style=\"border: 0; height: 1px; background-image: linear-gradient(to right, teal, teal, rgba(0,128,128, 0.3));\" \/><ul><li>S\u00e9lection des mati\u00e8res premi\u00e8res<\/li><li>Disponibilit\u00e9 des mati\u00e8res premi\u00e8res<\/li><li>Acquisition<\/li><li>Co\u00fbt du co\u00fbt<\/li><\/ul><\/div> <div class=\"magee-shortcode magee-column col-md-3\" id=\"\" style=\"text-align:;\"><h3 style=\"margin: none;\">Ingr\u00e9dients<\/h3><hr style=\"border: 0; height: 1px; background-image: linear-gradient(to right, teal, teal, rgba(0,128,128, 0.3));\" \/><ul><li>D\u00e9terminer les profils de saveurs<\/li><li>S\u00e9lection d'ingr\u00e9dients fonctionnels<\/li><li>Assaisonnements et \/ ou unit\u00e9s compl\u00e8tes<\/li><li>Calcul des formules<\/li><li>Co\u00fbt du co\u00fbt<\/li><\/ul><\/div> <div class=\"magee-shortcode magee-column col-md-3\" id=\"\" style=\"text-align:;\"><h3>Traitement<\/h3><hr style=\"border: 0; height: 1px; background-image: linear-gradient(to right, teal, teal, rgba(0,128,128, 0.3));\" \/><ul><li>D\u00e9terminer les proc\u00e9dures de traitement appropri\u00e9es<\/li><li>Pratiques BPF<\/li><li>Augmentation du potentiel de rendement<\/li><\/ul><\/div> <div class=\"magee-shortcode magee-column col-md-3\" id=\"\" style=\"text-align:;\"><h3>Emballage<\/h3><hr style=\"border: 0; height: 1px; background-image: linear-gradient(to right, teal, teal, rgba(0,128,128, 0.3));\" \/><ul><li>S\u00e9lection des mat\u00e9riaux appropri\u00e9s pour le produit<\/li><li>S\u00e9lection des tailles, des couleurs, des qualit\u00e9s de barri\u00e8re<\/li><li>Taches imprim\u00e9es<\/li><li>Dur\u00e9e de conservation<\/li><li>Co\u00fbt du co\u00fbt<\/li><\/ul><\/div> <\/div> <div id=\"\" class=\"magee-shortcode magee-row row\"> <div class=\"magee-shortcode magee-column col-md-4\" id=\"\" style=\"text-align:;\"> <img fetchpriority=\"high\" decoding=\"async\" class=\"alignnone wp-image-1150 size-medium\" src=\"http:\/\/mmis.ca\/wp-content\/uploads\/2022\/02\/Sample-Nutritional-Table-224x300.png\" alt=\"\" width=\"224\" height=\"300\" srcset=\"https:\/\/mmis.ca\/wp-content\/uploads\/2022\/02\/Sample-Nutritional-Table-224x300.png 224w, https:\/\/mmis.ca\/wp-content\/uploads\/2022\/02\/Sample-Nutritional-Table-18x24.png 18w, https:\/\/mmis.ca\/wp-content\/uploads\/2022\/02\/Sample-Nutritional-Table-27x36.png 27w, https:\/\/mmis.ca\/wp-content\/uploads\/2022\/02\/Sample-Nutritional-Table-36x48.png 36w, https:\/\/mmis.ca\/wp-content\/uploads\/2022\/02\/Sample-Nutritional-Table.png 415w\" sizes=\"(max-width: 224px) 100vw, 224px\" \/> <\/div> <div class=\"magee-shortcode magee-column col-md-8\" id=\"\" style=\"text-align:;\"><h3>\u00c9tiquetage nutritionnel<\/h3><hr style=\"border: 0; height: 1px; background-image: linear-gradient(to right, teal, teal, rgba(0,128,128, 0.3));\" \/><ul><li>L'\u00e9tiquetage de la nutrition est devenu obligatoire pour la plupart des aliments pr\u00e9emball\u00e9s le 12 d\u00e9cembre 2005.<\/li><li>Le <em>Apports nutritionnels<\/em> La table appara\u00eet sur les \u00e9tiquettes alimentaires avec un look coh\u00e9rent, ce qui le rend facile \u00e0 trouver et facile \u00e0 lire.<\/li><li>Le R\u00e8glement sur l'\u00e9tiquetage, introduit en 2003, a \u00e9galement mis \u00e0 jour les exigences de plus de 40 r\u00e9clamations contenant des nutriments et a autoris\u00e9 cinq r\u00e9clamations de sant\u00e9 sur les relations de sant\u00e9 alimentaire sur les \u00e9tiquettes alimentaires ou dans les publicit\u00e9s.<\/li><li><span style=\"font-weight: 400;\">Une p\u00e9riode de transition de 5 ans s'est termin\u00e9e en d\u00e9cembre 2021, introduisant de nouvelles exigences d'\u00e9tiquetage \u00e0 l'industrie alimentaire canadienne.\u00a0 <\/span><\/li><li class=\"translation-block\">Ensemble, le tableau <em> Nutrition Facts <\/em>, les revendications nutritionnelles et la liste des ingr\u00e9dients fournissent aux Canadiens plus d'informations pour faire des choix alimentaires \u00e9clair\u00e9s.<\/li><li class=\"translation-block\"><span> Lien utile: <\/span> <a> <span style=\"font-weight: 400\"> Modifications d'\u00e9tiquetage des aliments <\/span> <\/a><\/li><li>\u00c0 compter du 1er janvier 2026, la prochaine s\u00e9rie de modifications majeures de l'\u00e9tiquetage nutritionnel entrera en vigueur. \u00c0 compter de cette date, une mesure sp\u00e9ciale sera mise en place. <strong>symbole sur le devant de l'emballage<\/strong> sera exig\u00e9 sur tous les produits alimentaires qui sont <u>riche en sodium, en graisses satur\u00e9es et en sucres<\/u>Qu'il s'agisse d'aide pour un nouveau bo\u00eetier imprim\u00e9 ou simplement de questions en g\u00e9n\u00e9ral, notre \u00e9quipe est pr\u00eate \u00e0 vous aider \u00e0 naviguer dans ces nouveaux changements.\u00a0<\/li><li>Les d\u00e9tails concernant les nouvelles exigences relatives \u00e0 la face avant de l'emballage (FOP) peuvent \u00eatre trouv\u00e9s ici\u00a0: <a href=\"https:\/\/www.canada.ca\/en\/health-canada\/services\/food-nutrition\/nutrition-labelling\/front-package.html\">https:\/\/www.canada.ca\/en\/health-canada\/services\/food-nutrition\/nutrition-labelling\/front-package.html<\/a><\/li><li>Nous pouvons vous aider \u00e0 cr\u00e9er une \u00e9tiquette nutritionnelle pour tous vos produits de viande. Contactez-nous, c'est aussi simple que cela!<\/li><\/ul><\/div><p><\/div><\/p>\t\t\t\t\t\t\t\t<\/div>\n\t\t\t\t<\/div>\n\t\t\t\t<div class=\"elementor-element elementor-element-bfc2fbd elementor-widget elementor-widget-text-editor\" data-id=\"bfc2fbd\" data-element_type=\"widget\" data-widget_type=\"text-editor.default\">\n\t\t\t\t<div class=\"elementor-widget-container\">\n\t\t\t\t\t\t\t\t\t<h4 style=\"text-align: center;\">Pour plus d'informations, veuillez contacter notre <strong><a href=\"http:\/\/www.mmis.ca\/fr\/contact\/\">Directeurs techniques de MMIS Inc.<\/a><\/strong><\/h4><p><\/p>\t\t\t\t\t\t\t\t<\/div>\n\t\t\t\t<\/div>\n\t\t\t\t\t<\/div>\n\t\t<\/div>\n\t\t\t\t\t<\/div>\n\t\t<\/section>\n\t\t\t\t<section class=\"elementor-section elementor-top-section elementor-element elementor-element-06c4aa4 elementor-section-full_width elementor-section-height-default elementor-section-height-default\" data-id=\"06c4aa4\" data-element_type=\"section\">\n\t\t\t\t\t\t<div class=\"elementor-container elementor-column-gap-default\">\n\t\t\t\t\t<div class=\"elementor-column elementor-col-100 elementor-top-column elementor-element elementor-element-1af7bb6\" data-id=\"1af7bb6\" data-element_type=\"column\">\n\t\t\t<div class=\"elementor-widget-wrap elementor-element-populated\">\n\t\t\t\t\t\t<div class=\"elementor-element elementor-element-d30c77f elementor-widget elementor-widget-shortcode\" data-id=\"d30c77f\" data-element_type=\"widget\" data-widget_type=\"shortcode.default\">\n\t\t\t\t<div class=\"elementor-widget-container\">\n\t\t\t\t\t\t\t<div class=\"elementor-shortcode\">\t\t<div data-elementor-type=\"wp-post\" data-elementor-id=\"1005\" class=\"elementor elementor-1005\" data-elementor-post-type=\"elementor-hf\">\n\t\t\t\t\t\t<footer class=\"elementor-section elementor-top-section elementor-element elementor-element-1adf6c3 elementor-section-full_width elementor-section-height-default elementor-section-height-default\" data-id=\"1adf6c3\" data-element_type=\"section\" data-settings=\"{&quot;background_background&quot;:&quot;gradient&quot;}\">\n\t\t\t\t\t\t<div class=\"elementor-container elementor-column-gap-default\">\n\t\t\t\t\t<div class=\"elementor-column elementor-col-33 elementor-top-column elementor-element elementor-element-f375590\" data-id=\"f375590\" data-element_type=\"column\">\n\t\t\t<div class=\"elementor-widget-wrap elementor-element-populated\">\n\t\t\t\t\t\t<div class=\"elementor-element elementor-element-4aa5181 elementor-widget elementor-widget-text-editor\" data-id=\"4aa5181\" data-element_type=\"widget\" data-widget_type=\"text-editor.default\">\n\t\t\t\t<div class=\"elementor-widget-container\">\n\t\t\t\t\t\t\t\t\t<p>Notre emplacement: 151 King Street,<br \/>Barrie, Ontario, L4N 6B5<br \/>Servir le Canada et l'Am\u00e9rique du Nord<\/p>\t\t\t\t\t\t\t\t<\/div>\n\t\t\t\t<\/div>\n\t\t\t\t\t<\/div>\n\t\t<\/div>\n\t\t\t\t<div class=\"elementor-column elementor-col-33 elementor-top-column elementor-element elementor-element-bfb550a\" data-id=\"bfb550a\" data-element_type=\"column\">\n\t\t\t<div class=\"elementor-widget-wrap elementor-element-populated\">\n\t\t\t\t\t\t<div class=\"elementor-element elementor-element-458c3b4 elementor-widget elementor-widget-image\" data-id=\"458c3b4\" data-element_type=\"widget\" data-widget_type=\"image.default\">\n\t\t\t\t<div class=\"elementor-widget-container\">\n\t\t\t\t\t\t\t\t\t\t\t\t\t\t\t<img decoding=\"async\" width=\"300\" height=\"78\" src=\"https:\/\/mmis.ca\/wp-content\/uploads\/2017\/04\/newlogos-300x78.png\" class=\"attachment-medium size-medium wp-image-390\" alt=\"\" srcset=\"https:\/\/mmis.ca\/wp-content\/uploads\/2017\/04\/newlogos-300x78.png 300w, https:\/\/mmis.ca\/wp-content\/uploads\/2017\/04\/newlogos-768x200.png 768w, https:\/\/mmis.ca\/wp-content\/uploads\/2017\/04\/newlogos-1024x267.png 1024w, https:\/\/mmis.ca\/wp-content\/uploads\/2017\/04\/newlogos.png 1037w\" sizes=\"(max-width: 300px) 100vw, 300px\" \/>\t\t\t\t\t\t\t\t\t\t\t\t\t\t\t<\/div>\n\t\t\t\t<\/div>\n\t\t\t\t\t<\/div>\n\t\t<\/div>\n\t\t\t\t<div class=\"elementor-column elementor-col-33 elementor-top-column elementor-element elementor-element-d152e93\" data-id=\"d152e93\" data-element_type=\"column\">\n\t\t\t<div class=\"elementor-widget-wrap elementor-element-populated\">\n\t\t\t\t\t\t<div class=\"elementor-element elementor-element-eeedc57 elementor-widget elementor-widget-text-editor\" data-id=\"eeedc57\" data-element_type=\"widget\" data-widget_type=\"text-editor.default\">\n\t\t\t\t<div class=\"elementor-widget-container\">\n\t\t\t\t\t\t\t\t\t<p>E-mail: <a href=\"mailto:inquiry@mmis.ca\">inquiry@mmis.ca<\/a><br \/>T\u00e9l\u00e9phone #: <a href=\"Tel:9058411717\">905 841 1717<\/a><br \/>Gratuit: <a href=\"Tel:1-877-873-6647\">1-877-873-6647<\/a><\/p>\t\t\t\t\t\t\t\t<\/div>\n\t\t\t\t<\/div>\n\t\t\t\t\t<\/div>\n\t\t<\/div>\n\t\t\t\t\t<\/div>\n\t\t<\/footer>\n\t\t\t\t<\/div>\n\t\t<\/div>\n\t\t\t\t\t\t<\/div>\n\t\t\t\t<\/div>\n\t\t\t\t\t<\/div>\n\t\t<\/div>\n\t\t\t\t\t<\/div>\n\t\t<\/section>\n\t\t\t\t<\/div>","protected":false},"excerpt":{"rendered":"<p>Service technique pour tous les aspects de la transformation de la viande, de la volaille, du poisson et du fromage. Pour plus d'informations, veuillez contacter nos directeurs techniques chez MMIS Inc.<\/p>","protected":false},"author":1,"featured_media":0,"parent":0,"menu_order":0,"comment_status":"closed","ping_status":"closed","template":"","meta":{"footnotes":""},"class_list":["post-225","page","type-page","status-publish","hentry"],"aioseo_notices":[],"_links":{"self":[{"href":"https:\/\/mmis.ca\/fr\/wp-json\/wp\/v2\/pages\/225","targetHints":{"allow":["GET"]}}],"collection":[{"href":"https:\/\/mmis.ca\/fr\/wp-json\/wp\/v2\/pages"}],"about":[{"href":"https:\/\/mmis.ca\/fr\/wp-json\/wp\/v2\/types\/page"}],"author":[{"embeddable":true,"href":"https:\/\/mmis.ca\/fr\/wp-json\/wp\/v2\/users\/1"}],"replies":[{"embeddable":true,"href":"https:\/\/mmis.ca\/fr\/wp-json\/wp\/v2\/comments?post=225"}],"version-history":[{"count":36,"href":"https:\/\/mmis.ca\/fr\/wp-json\/wp\/v2\/pages\/225\/revisions"}],"predecessor-version":[{"id":4140,"href":"https:\/\/mmis.ca\/fr\/wp-json\/wp\/v2\/pages\/225\/revisions\/4140"}],"wp:attachment":[{"href":"https:\/\/mmis.ca\/fr\/wp-json\/wp\/v2\/media?parent=225"}],"curies":[{"name":"wp","href":"https:\/\/api.w.org\/{rel}","templated":true}]}}