{"id":240,"date":"2017-03-17T22:44:21","date_gmt":"2017-03-17T22:44:21","guid":{"rendered":"http:\/\/www.mmis.ca\/wordpress\/?page_id=240"},"modified":"2026-03-26T13:25:50","modified_gmt":"2026-03-26T13:25:50","slug":"meat-industry-suppliers","status":"publish","type":"page","link":"https:\/\/mmis.ca\/fr\/fournisseurs-de-lindustrie-de-la-viande\/","title":{"rendered":"Liens"},"content":{"rendered":"<div data-elementor-type=\"wp-page\" data-elementor-id=\"240\" class=\"elementor elementor-240\" data-elementor-post-type=\"page\">\n\t\t\t\t\t\t<section class=\"elementor-section elementor-top-section elementor-element elementor-element-7b5e16ea elementor-section-boxed elementor-section-height-default elementor-section-height-default\" data-id=\"7b5e16ea\" data-element_type=\"section\">\n\t\t\t\t\t\t<div class=\"elementor-container elementor-column-gap-default\">\n\t\t\t\t\t<div class=\"elementor-column elementor-col-100 elementor-top-column elementor-element elementor-element-2094a946\" data-id=\"2094a946\" data-element_type=\"column\">\n\t\t\t<div class=\"elementor-widget-wrap elementor-element-populated\">\n\t\t\t\t\t\t<div class=\"elementor-element elementor-element-69e51e12 elementor-widget elementor-widget-text-editor\" data-id=\"69e51e12\" data-element_type=\"widget\" data-widget_type=\"text-editor.default\">\n\t\t\t\t<div class=\"elementor-widget-container\">\n\t\t\t\t\t\t\t\t\t<h2>Vous trouverez ci-dessous une liste de nos fournisseurs et partenaires<\/h2><p class=\"p1\">Nous sommes fiers de notre association avec ces fabricants et fournisseurs de l\u2019industrie alimentaire de haute qualit\u00e9.<\/p><div class=\"linkList\"><ul><li style=\"list-style-type: none;\"><ul><li><a href=\"http:\/\/www.viskase.com\/\" target=\"_blank\" rel=\"noopener noreferrer\">Viskase<\/a> <span class=\"linksTxt\"><span class=\"linksTxt\"><span class=\"linksTxt\">Taches de saucisse artificielles <span style=\"font-weight: 400;\">from the heart of Europe and the USA.<\/span><\/span><\/span><\/span>\u00a0<\/li><\/ul><\/li><\/ul><ul><li style=\"list-style-type: none;\"><ul><li><a href=\"https:\/\/packageconcepts.com\/\" target=\"_blank\" rel=\"noopener noreferrer\">PCM<\/a> <span style=\"font-weight: 400;\"><span style=\"font-weight: 400;\">Un fournisseur leader de filets pour l'industrie de la viande, y compris les produits haute d\u00e9finition, fum\u00e9e, couleur et enrob\u00e9s d'\u00e9pices.<\/span><\/span>\u00a0<\/li><\/ul><\/li><\/ul><ul><li style=\"list-style-type: none;\"><ul><li><a href=\"https:\/\/www.lorenzobarroso.com\/en\" target=\"_blank\" rel=\"noopener noreferrer\"><span style=\"font-weight: 400;\">Lorenzo Barroso<\/span><\/a> <span style=\"font-weight: 400;\">Fournir au monde des clips, boucles et \u00e9quipements en aluminium depuis l'Espagne depuis 1958. <\/span><\/li><\/ul><\/li><\/ul><ul><li style=\"list-style-type: none;\"><ul><li><a href=\"https:\/\/www.internationalclip.it\/en\/\" target=\"_blank\" rel=\"noopener noreferrer\"><span style=\"font-weight: 400;\">Clip international<\/span><\/a> <span style=\"font-weight: 400;\"><span style=\"font-weight: 400;\"><span style=\"font-weight: 400;\">Clips et boucles en aluminium de fabrication italienne.<\/span><\/span><\/span>\u00a0<\/li><\/ul><\/li><\/ul><ul><li style=\"list-style-type: none;\"><ul><li><a href=\"https:\/\/www.iclfood.com\/\" target=\"_blank\" rel=\"noopener noreferrer\"><span style=\"font-weight: 400;\">ICL Food Specialties<\/span><\/a> <span style=\"font-weight: 400;\"><span style=\"font-weight: 400;\"><span style=\"font-weight: 400;\">Phosphates de qualit\u00e9 alimentaire de haute qualit\u00e9 et m\u00e9langes d'ingr\u00e9dients.<\/span><\/span><\/span>\u00a0<\/li><\/ul><\/li><\/ul><ul><li style=\"list-style-type: none;\"><ul><li class=\"translation-block\"><a href=\"http:\/\/www.eicker.com\/\" class=\"external\" rel=\"nofollow\" target=\"_self\"><span style=\"font-weight: 400\">Eicker<\/span><\/a><span style=\"font-weight: 400\"> Messer a produit des <a href=\"https:\/\/mmis.ca\/fr\/accessoires-pour-lindustrie-de-la-viande\/\" target=\"_self\">couteaux de boucher<\/a> professionnels, des couteaux de l'industrie, des couverts et des fournitures connexes pendant pr\u00e8s de 100 ans.<\/li><\/ul><\/li><\/ul><\/div>\t\t\t\t\t\t\t\t<\/div>\n\t\t\t\t<\/div>\n\t\t\t\t\t<\/div>\n\t\t<\/div>\n\t\t\t\t\t<\/div>\n\t\t<\/section>\n\t\t\t\t<section class=\"elementor-section elementor-top-section elementor-element elementor-element-074aa05 elementor-section-full_width elementor-section-height-default elementor-section-height-default\" data-id=\"074aa05\" data-element_type=\"section\">\n\t\t\t\t\t\t<div class=\"elementor-container elementor-column-gap-default\">\n\t\t\t\t\t<div class=\"elementor-column elementor-col-100 elementor-top-column elementor-element elementor-element-5baec97\" data-id=\"5baec97\" data-element_type=\"column\">\n\t\t\t<div class=\"elementor-widget-wrap elementor-element-populated\">\n\t\t\t\t\t\t<div class=\"elementor-element elementor-element-b7e5485 elementor-widget elementor-widget-shortcode\" data-id=\"b7e5485\" data-element_type=\"widget\" data-widget_type=\"shortcode.default\">\n\t\t\t\t<div class=\"elementor-widget-container\">\n\t\t\t\t\t\t\t<div class=\"elementor-shortcode\">\t\t<div data-elementor-type=\"wp-post\" data-elementor-id=\"1005\" class=\"elementor elementor-1005\" data-elementor-post-type=\"elementor-hf\">\n\t\t\t\t\t\t<footer class=\"elementor-section elementor-top-section elementor-element elementor-element-1adf6c3 elementor-section-full_width elementor-section-height-default elementor-section-height-default\" data-id=\"1adf6c3\" data-element_type=\"section\" data-settings=\"{&quot;background_background&quot;:&quot;gradient&quot;}\">\n\t\t\t\t\t\t<div class=\"elementor-container elementor-column-gap-default\">\n\t\t\t\t\t<div class=\"elementor-column elementor-col-33 elementor-top-column elementor-element elementor-element-f375590\" data-id=\"f375590\" data-element_type=\"column\">\n\t\t\t<div class=\"elementor-widget-wrap elementor-element-populated\">\n\t\t\t\t\t\t<div class=\"elementor-element elementor-element-4aa5181 elementor-widget elementor-widget-text-editor\" data-id=\"4aa5181\" data-element_type=\"widget\" data-widget_type=\"text-editor.default\">\n\t\t\t\t<div class=\"elementor-widget-container\">\n\t\t\t\t\t\t\t\t\t<p>Notre emplacement: 151 King Street,<br \/>Barrie, Ontario, L4N 6B5<br \/>Servir le Canada et l'Am\u00e9rique du Nord<\/p>\t\t\t\t\t\t\t\t<\/div>\n\t\t\t\t<\/div>\n\t\t\t\t\t<\/div>\n\t\t<\/div>\n\t\t\t\t<div class=\"elementor-column elementor-col-33 elementor-top-column elementor-element elementor-element-bfb550a\" data-id=\"bfb550a\" data-element_type=\"column\">\n\t\t\t<div class=\"elementor-widget-wrap elementor-element-populated\">\n\t\t\t\t\t\t<div class=\"elementor-element elementor-element-458c3b4 elementor-widget elementor-widget-image\" data-id=\"458c3b4\" data-element_type=\"widget\" data-widget_type=\"image.default\">\n\t\t\t\t<div class=\"elementor-widget-container\">\n\t\t\t\t\t\t\t\t\t\t\t\t\t\t\t<img decoding=\"async\" width=\"300\" height=\"78\" src=\"https:\/\/mmis.ca\/wp-content\/uploads\/2017\/04\/newlogos-300x78.png\" class=\"attachment-medium size-medium wp-image-390\" alt=\"\" srcset=\"https:\/\/mmis.ca\/wp-content\/uploads\/2017\/04\/newlogos-300x78.png 300w, https:\/\/mmis.ca\/wp-content\/uploads\/2017\/04\/newlogos-768x200.png 768w, https:\/\/mmis.ca\/wp-content\/uploads\/2017\/04\/newlogos-1024x267.png 1024w, https:\/\/mmis.ca\/wp-content\/uploads\/2017\/04\/newlogos.png 1037w\" sizes=\"(max-width: 300px) 100vw, 300px\" \/>\t\t\t\t\t\t\t\t\t\t\t\t\t\t\t<\/div>\n\t\t\t\t<\/div>\n\t\t\t\t\t<\/div>\n\t\t<\/div>\n\t\t\t\t<div class=\"elementor-column elementor-col-33 elementor-top-column elementor-element elementor-element-d152e93\" data-id=\"d152e93\" data-element_type=\"column\">\n\t\t\t<div class=\"elementor-widget-wrap elementor-element-populated\">\n\t\t\t\t\t\t<div class=\"elementor-element elementor-element-eeedc57 elementor-widget elementor-widget-text-editor\" data-id=\"eeedc57\" data-element_type=\"widget\" data-widget_type=\"text-editor.default\">\n\t\t\t\t<div class=\"elementor-widget-container\">\n\t\t\t\t\t\t\t\t\t<p>E-mail: <a href=\"mailto:inquiry@mmis.ca\">inquiry@mmis.ca<\/a><br \/>T\u00e9l\u00e9phone #: <a href=\"Tel:9058411717\">905 841 1717<\/a><br \/>Gratuit: <a href=\"Tel:1-877-873-6647\">1-877-873-6647<\/a><\/p>\t\t\t\t\t\t\t\t<\/div>\n\t\t\t\t<\/div>\n\t\t\t\t\t<\/div>\n\t\t<\/div>\n\t\t\t\t\t<\/div>\n\t\t<\/footer>\n\t\t\t\t<\/div>\n\t\t<\/div>\n\t\t\t\t\t\t<\/div>\n\t\t\t\t<\/div>\n\t\t\t\t\t<\/div>\n\t\t<\/div>\n\t\t\t\t\t<\/div>\n\t\t<\/section>\n\t\t\t\t<\/div>","protected":false},"excerpt":{"rendered":"<p>Below is a list of our suppliers and partners We are proud of our association with these high-quality manufacturers and food industry suppliers. Viskase Artificial Sausage Casings from the heart of Europe and the USA.\u00a0 PCM A leading supplier of netting for the meat industry including high definition, smoke, colour, and spice coated products.\u00a0 Lorenzo [&hellip;]<\/p>","protected":false},"author":1,"featured_media":0,"parent":0,"menu_order":0,"comment_status":"closed","ping_status":"closed","template":"","meta":{"footnotes":""},"class_list":["post-240","page","type-page","status-publish","hentry"],"aioseo_notices":[],"_links":{"self":[{"href":"https:\/\/mmis.ca\/fr\/wp-json\/wp\/v2\/pages\/240","targetHints":{"allow":["GET"]}}],"collection":[{"href":"https:\/\/mmis.ca\/fr\/wp-json\/wp\/v2\/pages"}],"about":[{"href":"https:\/\/mmis.ca\/fr\/wp-json\/wp\/v2\/types\/page"}],"author":[{"embeddable":true,"href":"https:\/\/mmis.ca\/fr\/wp-json\/wp\/v2\/users\/1"}],"replies":[{"embeddable":true,"href":"https:\/\/mmis.ca\/fr\/wp-json\/wp\/v2\/comments?post=240"}],"version-history":[{"count":33,"href":"https:\/\/mmis.ca\/fr\/wp-json\/wp\/v2\/pages\/240\/revisions"}],"predecessor-version":[{"id":5679,"href":"https:\/\/mmis.ca\/fr\/wp-json\/wp\/v2\/pages\/240\/revisions\/5679"}],"wp:attachment":[{"href":"https:\/\/mmis.ca\/fr\/wp-json\/wp\/v2\/media?parent=240"}],"curies":[{"name":"wp","href":"https:\/\/api.w.org\/{rel}","templated":true}]}}