{"id":4175,"date":"2025-02-25T07:26:52","date_gmt":"2025-02-25T07:26:52","guid":{"rendered":"https:\/\/mmis.ca\/?page_id=4175"},"modified":"2025-05-16T05:49:58","modified_gmt":"2025-05-16T05:49:58","slug":"pet-food-ingredients","status":"publish","type":"page","link":"https:\/\/mmis.ca\/fr\/ingredients-pour-aliments-pour-animaux-de-compagnie\/","title":{"rendered":"Ingr\u00e9dients des aliments pour animaux de compagnie"},"content":{"rendered":"<div data-elementor-type=\"wp-page\" data-elementor-id=\"4175\" class=\"elementor elementor-4175\" data-elementor-post-type=\"page\">\n\t\t\t\t\t\t<section class=\"elementor-section elementor-top-section elementor-element elementor-element-63e6210 elementor-section-boxed elementor-section-height-default elementor-section-height-default\" data-id=\"63e6210\" data-element_type=\"section\">\n\t\t\t\t\t\t<div class=\"elementor-container elementor-column-gap-default\">\n\t\t\t\t\t<div class=\"elementor-column elementor-col-100 elementor-top-column elementor-element elementor-element-d343dc1\" data-id=\"d343dc1\" data-element_type=\"column\">\n\t\t\t<div class=\"elementor-widget-wrap elementor-element-populated\">\n\t\t\t\t\t\t<section class=\"elementor-section elementor-inner-section elementor-element elementor-element-5efbe6b elementor-section-boxed elementor-section-height-default elementor-section-height-default\" data-id=\"5efbe6b\" data-element_type=\"section\">\n\t\t\t\t\t\t<div class=\"elementor-container elementor-column-gap-default\">\n\t\t\t\t\t<div class=\"elementor-column elementor-col-50 elementor-inner-column elementor-element elementor-element-842368e\" data-id=\"842368e\" data-element_type=\"column\">\n\t\t\t<div class=\"elementor-widget-wrap elementor-element-populated\">\n\t\t\t\t\t\t<div class=\"elementor-element elementor-element-27372f6 elementor-widget elementor-widget-image\" data-id=\"27372f6\" data-element_type=\"widget\" data-widget_type=\"image.default\">\n\t\t\t\t<div class=\"elementor-widget-container\">\n\t\t\t\t\t\t\t\t\t\t\t\t\t\t\t<img fetchpriority=\"high\" decoding=\"async\" width=\"400\" height=\"600\" src=\"https:\/\/mmis.ca\/wp-content\/uploads\/2025\/02\/Untitled-400-x-600-px.png\" class=\"attachment-full size-full wp-image-4176\" alt=\"\" srcset=\"https:\/\/mmis.ca\/wp-content\/uploads\/2025\/02\/Untitled-400-x-600-px.png 400w, https:\/\/mmis.ca\/wp-content\/uploads\/2025\/02\/Untitled-400-x-600-px-200x300.png 200w, https:\/\/mmis.ca\/wp-content\/uploads\/2025\/02\/Untitled-400-x-600-px-8x12.png 8w, https:\/\/mmis.ca\/wp-content\/uploads\/2025\/02\/Untitled-400-x-600-px-16x24.png 16w, https:\/\/mmis.ca\/wp-content\/uploads\/2025\/02\/Untitled-400-x-600-px-24x36.png 24w, https:\/\/mmis.ca\/wp-content\/uploads\/2025\/02\/Untitled-400-x-600-px-32x48.png 32w\" sizes=\"(max-width: 400px) 100vw, 400px\" \/>\t\t\t\t\t\t\t\t\t\t\t\t\t\t\t<\/div>\n\t\t\t\t<\/div>\n\t\t\t\t\t<\/div>\n\t\t<\/div>\n\t\t\t\t<div class=\"elementor-column elementor-col-50 elementor-inner-column elementor-element elementor-element-c0a7483\" data-id=\"c0a7483\" data-element_type=\"column\">\n\t\t\t<div class=\"elementor-widget-wrap elementor-element-populated\">\n\t\t\t\t\t\t<div class=\"elementor-element elementor-element-ce3ca55 elementor-widget__width-initial elementor-widget elementor-widget-heading\" data-id=\"ce3ca55\" data-element_type=\"widget\" data-widget_type=\"heading.default\">\n\t\t\t\t<div class=\"elementor-widget-container\">\n\t\t\t\t\t<h2 class=\"elementor-heading-title elementor-size-default\">Fournisseurs D'ingr\u00e9dients Alimentaires Haut De Gamme Pour Animaux De Compagnie<\/h2>\t\t\t\t<\/div>\n\t\t\t\t<\/div>\n\t\t\t\t<div class=\"elementor-element elementor-element-3a0f9e0 elementor-widget__width-initial elementor-widget elementor-widget-text-editor\" data-id=\"3a0f9e0\" data-element_type=\"widget\" data-widget_type=\"text-editor.default\">\n\t\t\t\t<div class=\"elementor-widget-container\">\n\t\t\t\t\t\t\t\t\t<p>Notre entreprise MMIS Mondo est un important fournisseur d'ingr\u00e9dients et d'emballages (boyaux) de qualit\u00e9 sup\u00e9rieure pour les usines de fabrication d'aliments pour animaux de compagnie. Nous proposons une grande vari\u00e9t\u00e9 d'ingr\u00e9dients uniques et typiques qui r\u00e9pondent sp\u00e9cifiquement aux besoins alimentaires des chiens. Chaque ann\u00e9e, partout en Am\u00e9rique du Nord, les ingr\u00e9dients de MMIS Mondo sont utilis\u00e9s pour fabriquer des dizaines de millions de livres d'aliments pour animaux de compagnie, notamment des aliments crus, humides, des friandises et des croquettes. \u00a0\u00a0<\/p>\t\t\t\t\t\t\t\t<\/div>\n\t\t\t\t<\/div>\n\t\t\t\t\t<\/div>\n\t\t<\/div>\n\t\t\t\t\t<\/div>\n\t\t<\/section>\n\t\t\t\t<div class=\"elementor-element elementor-element-2b295dc elementor-widget elementor-widget-heading\" data-id=\"2b295dc\" data-element_type=\"widget\" data-widget_type=\"heading.default\">\n\t\t\t\t<div class=\"elementor-widget-container\">\n\t\t\t\t\t<h3 class=\"elementor-heading-title elementor-size-default\">Notre Large Gamme D'ingr\u00e9dients Pour Aliments Pour Animaux De Compagnie<\/h3>\t\t\t\t<\/div>\n\t\t\t\t<\/div>\n\t\t\t\t<div class=\"elementor-element elementor-element-eab34d9 elementor-widget elementor-widget-text-editor\" data-id=\"eab34d9\" data-element_type=\"widget\" data-widget_type=\"text-editor.default\">\n\t\t\t\t<div class=\"elementor-widget-container\">\n\t\t\t\t\t\t\t\t\t<div class=\"px-5 py-3 border border-gray-300 rounded-md text-left text-gray-500 flex flex-col gap-2 sm:text-base text-xs\"><p>MMIS Mondo fournit aux entreprises de nombreux mat\u00e9riaux li\u00e9s \u00e0 l'alimentation pour animaux de compagnie comprenant les cat\u00e9gories principales suivantes\u00a0:<\/p><p><b>\u2714\ufe0f Ar\u00f4mes de qualit\u00e9 alimentaire \u2013<\/b>\u00a0Au cours des 20 derni\u00e8res ann\u00e9es, nous avons d\u00e9velopp\u00e9 une large gamme d'ar\u00f4mes standards et naturels pour l'industrie des aliments pour animaux de compagnie :\u00a0<b><i>Filet mignon, steak Porterhouse, poulet grill\u00e9, dinde r\u00f4tie aux herbes et bien plus encore<\/i><\/b>. Toutes les saveurs sont fabriqu\u00e9es avec le m\u00eame soin et la m\u00eame s\u00e9curit\u00e9 que nous le ferions avec n'importe lequel de nos autres assaisonnements et saveurs de qualit\u00e9 alimentaire. Les saveurs sont disponibles sous forme liquide ou en poudre.<\/p><p><b>\u2714\ufe0f Ingr\u00e9dients \u2013<\/b>\u00a0Nous proposons une large gamme d'ingr\u00e9dients s\u00e9ch\u00e9s et lyophilis\u00e9s tels que des produits \u00e0 base de citrouille, de carotte, d'\u00e9pinards, de pois et de riz qui sont couramment utilis\u00e9s dans le cadre d'une alimentation saine pour animaux de compagnie.\u00a0<\/p><p><b>\u2714\ufe0f Prolongateurs de dur\u00e9e de conservation naturels \u2013<\/b>\u00a0Nos antioxydants sans danger pour les animaux de compagnie garantissent que votre produit sent et a toujours la m\u00eame apparence que le jour de sa fabrication.\u00a0<\/p><p><b>\u2714\ufe0f Mat\u00e9riaux d\u2019emballage \u2013<\/b>\u00a0Nous sommes fiers de fournir des boyaux en plastique de haute qualit\u00e9 qui peuvent \u00eatre utilis\u00e9s pour les aliments cuits ou crus pour animaux de compagnie. Les produits fabriqu\u00e9s \u00e0 l'aide de nos boyaux en plastique peuvent \u00eatre trouv\u00e9s dans la plupart des animaleries et dans de nombreux supermarch\u00e9s ordinaires.\u00a0<\/p><\/div>\t\t\t\t\t\t\t\t<\/div>\n\t\t\t\t<\/div>\n\t\t\t\t<div class=\"elementor-element elementor-element-c97408a elementor-widget elementor-widget-heading\" data-id=\"c97408a\" data-element_type=\"widget\" data-widget_type=\"heading.default\">\n\t\t\t\t<div class=\"elementor-widget-container\">\n\t\t\t\t\t<h4 class=\"elementor-heading-title elementor-size-default\">Pourquoi choisir MMIS Mondo pour les ingr\u00e9dients de vos aliments pour animaux de compagnie\u00a0?<\/h4>\t\t\t\t<\/div>\n\t\t\t\t<\/div>\n\t\t\t\t<div class=\"elementor-element elementor-element-a8025e2 elementor-widget elementor-widget-text-editor\" data-id=\"a8025e2\" data-element_type=\"widget\" data-widget_type=\"text-editor.default\">\n\t\t\t\t<div class=\"elementor-widget-container\">\n\t\t\t\t\t\t\t\t\t<div class=\"px-5 py-3 border border-gray-300 rounded-md text-left text-gray-500 flex flex-col gap-2 sm:text-base text-xs\"><p><b>\u2714\ufe0f Fabriqu\u00e9 selon les normes de qualit\u00e9 humaine<\/b><\/p><p>En tant que fiers propri\u00e9taires d'une vari\u00e9t\u00e9 d'animaux de compagnie, nous savons l'importance de fournir une nourriture s\u00fbre et de qualit\u00e9 \u00e0 nos amis \u00e0 quatre pattes. Tout ce qui est fabriqu\u00e9 dans notre usine est produit selon des normes de qualit\u00e9 humaine en utilisant des ingr\u00e9dients de premi\u00e8re qualit\u00e9. Presque tous les \u00ab ingr\u00e9dients alimentaires pour animaux de compagnie \u00bb sont utilis\u00e9s dans d'autres assaisonnements et m\u00e9langes d'ingr\u00e9dients que nous fabriquons pour l'industrie alimentaire.\u00a0 \u00a0<\/p><p><b>\u2714\ufe0f Fournisseurs d'ingr\u00e9dients alimentaires pour animaux de compagnie de confiance<\/b><\/p><p>Nous avons d\u00e9velopp\u00e9 des partenariats \u00e9troits et durables avec tous nos fournisseurs au cours des 20 derni\u00e8res ann\u00e9es.<\/p><p><b>\u2714\ufe0f Solutions d'ingr\u00e9dients personnalis\u00e9s pour les fabricants<\/b><\/p><p>MMIS Mondo est conscient que les diff\u00e9rentes marques d'aliments pour animaux de compagnie ont des exigences de formulation sp\u00e9cifiques. Notre entreprise s\u00e9lectionne et utilise des mat\u00e9riaux adapt\u00e9s \u00e0 vos besoins sp\u00e9cifiques, que vous recherchiez des alternatives sans c\u00e9r\u00e9ales ou des aliments pour animaux de compagnie haut de gamme.<\/p><p><b>\u2714\ufe0f Prix comp\u00e9titifs et options d'approvisionnement en gros<\/b><\/p><p>Notre entreprise propose des prix abordables et une vari\u00e9t\u00e9 d\u2019options d\u2019emballage aux fabricants et aux marques d\u2019aliments pour animaux de compagnie qui ont besoin d\u2019un approvisionnement en vrac.<\/p><\/div>\t\t\t\t\t\t\t\t<\/div>\n\t\t\t\t<\/div>\n\t\t\t\t<div class=\"elementor-element elementor-element-d19b20f elementor-widget elementor-widget-heading\" data-id=\"d19b20f\" data-element_type=\"widget\" data-widget_type=\"heading.default\">\n\t\t\t\t<div class=\"elementor-widget-container\">\n\t\t\t\t\t<h5 class=\"elementor-heading-title elementor-size-default\">Achetez des ingr\u00e9dients pour aliments pour animaux de compagnie chez MMIS Mondo d\u00e8s aujourd'hui\n\n<\/h5>\t\t\t\t<\/div>\n\t\t\t\t<\/div>\n\t\t\t\t<div class=\"elementor-element elementor-element-8ee52f1 elementor-widget elementor-widget-text-editor\" data-id=\"8ee52f1\" data-element_type=\"widget\" data-widget_type=\"text-editor.default\">\n\t\t\t\t<div class=\"elementor-widget-container\">\n\t\t\t\t\t\t\t\t\t<div class=\"px-5 py-3 border border-gray-300 rounded-md text-left text-gray-500 flex flex-col gap-2 sm:text-base text-xs\"><p>N'h\u00e9sitez pas \u00e0 nous contacter par e-mail ou par t\u00e9l\u00e9phone pour discuter de vos besoins en ingr\u00e9dients et en emballage d\u00e8s aujourd'hui. Rejoignez les nombreux clients \u00e0 travers l'Am\u00e9rique du Nord et d\u00e9couvrez la diff\u00e9rence MMIS Mondo.\u00a0\u00a0\u00a0<\/p><\/div>\t\t\t\t\t\t\t\t<\/div>\n\t\t\t\t<\/div>\n\t\t\t\t\t<\/div>\n\t\t<\/div>\n\t\t\t\t\t<\/div>\n\t\t<\/section>\n\t\t\t\t<section class=\"elementor-section elementor-top-section elementor-element elementor-element-a7f80c2 elementor-section-full_width elementor-section-height-default elementor-section-height-default\" data-id=\"a7f80c2\" data-element_type=\"section\">\n\t\t\t\t\t\t<div class=\"elementor-container elementor-column-gap-default\">\n\t\t\t\t\t<div class=\"elementor-column elementor-col-100 elementor-top-column elementor-element elementor-element-43cb839\" data-id=\"43cb839\" data-element_type=\"column\">\n\t\t\t<div class=\"elementor-widget-wrap elementor-element-populated\">\n\t\t\t\t\t\t<div class=\"elementor-element elementor-element-c67c74a elementor-widget elementor-widget-shortcode\" data-id=\"c67c74a\" data-element_type=\"widget\" data-widget_type=\"shortcode.default\">\n\t\t\t\t<div class=\"elementor-widget-container\">\n\t\t\t\t\t\t\t<div class=\"elementor-shortcode\">\t\t<div data-elementor-type=\"wp-post\" data-elementor-id=\"1005\" class=\"elementor elementor-1005\" data-elementor-post-type=\"elementor-hf\">\n\t\t\t\t\t\t<footer class=\"elementor-section elementor-top-section elementor-element elementor-element-1adf6c3 elementor-section-full_width elementor-section-height-default elementor-section-height-default\" data-id=\"1adf6c3\" data-element_type=\"section\" data-settings=\"{&quot;background_background&quot;:&quot;gradient&quot;}\">\n\t\t\t\t\t\t<div class=\"elementor-container elementor-column-gap-default\">\n\t\t\t\t\t<div class=\"elementor-column elementor-col-33 elementor-top-column elementor-element elementor-element-f375590\" data-id=\"f375590\" data-element_type=\"column\">\n\t\t\t<div class=\"elementor-widget-wrap elementor-element-populated\">\n\t\t\t\t\t\t<div class=\"elementor-element elementor-element-4aa5181 elementor-widget elementor-widget-text-editor\" data-id=\"4aa5181\" data-element_type=\"widget\" data-widget_type=\"text-editor.default\">\n\t\t\t\t<div class=\"elementor-widget-container\">\n\t\t\t\t\t\t\t\t\t<p>Notre emplacement: 151 King Street,<br \/>Barrie, Ontario, L4N 6B5<br \/>Servir le Canada et l'Am\u00e9rique du Nord<\/p>\t\t\t\t\t\t\t\t<\/div>\n\t\t\t\t<\/div>\n\t\t\t\t\t<\/div>\n\t\t<\/div>\n\t\t\t\t<div class=\"elementor-column elementor-col-33 elementor-top-column elementor-element elementor-element-bfb550a\" data-id=\"bfb550a\" data-element_type=\"column\">\n\t\t\t<div class=\"elementor-widget-wrap elementor-element-populated\">\n\t\t\t\t\t\t<div class=\"elementor-element elementor-element-458c3b4 elementor-widget elementor-widget-image\" data-id=\"458c3b4\" data-element_type=\"widget\" data-widget_type=\"image.default\">\n\t\t\t\t<div class=\"elementor-widget-container\">\n\t\t\t\t\t\t\t\t\t\t\t\t\t\t\t<img decoding=\"async\" width=\"300\" height=\"78\" src=\"https:\/\/mmis.ca\/wp-content\/uploads\/2017\/04\/newlogos-300x78.png\" class=\"attachment-medium size-medium wp-image-390\" alt=\"\" srcset=\"https:\/\/mmis.ca\/wp-content\/uploads\/2017\/04\/newlogos-300x78.png 300w, https:\/\/mmis.ca\/wp-content\/uploads\/2017\/04\/newlogos-768x200.png 768w, https:\/\/mmis.ca\/wp-content\/uploads\/2017\/04\/newlogos-1024x267.png 1024w, https:\/\/mmis.ca\/wp-content\/uploads\/2017\/04\/newlogos.png 1037w\" sizes=\"(max-width: 300px) 100vw, 300px\" \/>\t\t\t\t\t\t\t\t\t\t\t\t\t\t\t<\/div>\n\t\t\t\t<\/div>\n\t\t\t\t\t<\/div>\n\t\t<\/div>\n\t\t\t\t<div class=\"elementor-column elementor-col-33 elementor-top-column elementor-element elementor-element-d152e93\" data-id=\"d152e93\" data-element_type=\"column\">\n\t\t\t<div class=\"elementor-widget-wrap elementor-element-populated\">\n\t\t\t\t\t\t<div class=\"elementor-element elementor-element-eeedc57 elementor-widget elementor-widget-text-editor\" data-id=\"eeedc57\" data-element_type=\"widget\" data-widget_type=\"text-editor.default\">\n\t\t\t\t<div class=\"elementor-widget-container\">\n\t\t\t\t\t\t\t\t\t<p>E-mail: <a href=\"mailto:inquiry@mmis.ca\">inquiry@mmis.ca<\/a><br \/>T\u00e9l\u00e9phone #: <a href=\"Tel:9058411717\">905 841 1717<\/a><br \/>Gratuit: <a href=\"Tel:1-877-873-6647\">1-877-873-6647<\/a><\/p>\t\t\t\t\t\t\t\t<\/div>\n\t\t\t\t<\/div>\n\t\t\t\t\t<\/div>\n\t\t<\/div>\n\t\t\t\t\t<\/div>\n\t\t<\/footer>\n\t\t\t\t<\/div>\n\t\t<\/div>\n\t\t\t\t\t\t<\/div>\n\t\t\t\t<\/div>\n\t\t\t\t\t<\/div>\n\t\t<\/div>\n\t\t\t\t\t<\/div>\n\t\t<\/section>\n\t\t\t\t<\/div>","protected":false},"excerpt":{"rendered":"<p>Premium Pet Food Ingredients Suppliers Our company MMIS Mondo is a leading supplier of superior-quality ingredients and packaging (casings) to pet food manufacturing facilities. We offer a wide variety of unique and typical ingredients which specifically cater to the dietary needs of dogs.\u00a0 Across North America each year, materials from MMIS Mondo are used to [&hellip;]<\/p>","protected":false},"author":2,"featured_media":0,"parent":0,"menu_order":0,"comment_status":"closed","ping_status":"closed","template":"","meta":{"footnotes":""},"class_list":["post-4175","page","type-page","status-publish","hentry"],"aioseo_notices":[],"_links":{"self":[{"href":"https:\/\/mmis.ca\/fr\/wp-json\/wp\/v2\/pages\/4175","targetHints":{"allow":["GET"]}}],"collection":[{"href":"https:\/\/mmis.ca\/fr\/wp-json\/wp\/v2\/pages"}],"about":[{"href":"https:\/\/mmis.ca\/fr\/wp-json\/wp\/v2\/types\/page"}],"author":[{"embeddable":true,"href":"https:\/\/mmis.ca\/fr\/wp-json\/wp\/v2\/users\/2"}],"replies":[{"embeddable":true,"href":"https:\/\/mmis.ca\/fr\/wp-json\/wp\/v2\/comments?post=4175"}],"version-history":[{"count":26,"href":"https:\/\/mmis.ca\/fr\/wp-json\/wp\/v2\/pages\/4175\/revisions"}],"predecessor-version":[{"id":4768,"href":"https:\/\/mmis.ca\/fr\/wp-json\/wp\/v2\/pages\/4175\/revisions\/4768"}],"wp:attachment":[{"href":"https:\/\/mmis.ca\/fr\/wp-json\/wp\/v2\/media?parent=4175"}],"curies":[{"name":"wp","href":"https:\/\/api.w.org\/{rel}","templated":true}]}}