{"id":4187,"date":"2025-02-25T08:03:17","date_gmt":"2025-02-25T08:03:17","guid":{"rendered":"https:\/\/mmis.ca\/?page_id=4187"},"modified":"2025-05-02T10:18:26","modified_gmt":"2025-05-02T10:18:26","slug":"bakery-ingredients","status":"publish","type":"page","link":"https:\/\/mmis.ca\/fr\/ingredients-de-boulangerie\/","title":{"rendered":"Ingr\u00e9dients de boulangerie"},"content":{"rendered":"<div data-elementor-type=\"wp-page\" data-elementor-id=\"4187\" class=\"elementor elementor-4187\" data-elementor-post-type=\"page\">\n\t\t\t\t\t\t<section class=\"elementor-section elementor-top-section elementor-element elementor-element-63e6210 elementor-section-boxed elementor-section-height-default elementor-section-height-default\" data-id=\"63e6210\" data-element_type=\"section\">\n\t\t\t\t\t\t<div class=\"elementor-container elementor-column-gap-default\">\n\t\t\t\t\t<div class=\"elementor-column elementor-col-100 elementor-top-column elementor-element elementor-element-d343dc1\" data-id=\"d343dc1\" data-element_type=\"column\">\n\t\t\t<div class=\"elementor-widget-wrap elementor-element-populated\">\n\t\t\t\t\t\t<section class=\"elementor-section elementor-inner-section elementor-element elementor-element-5efbe6b elementor-section-boxed elementor-section-height-default elementor-section-height-default\" data-id=\"5efbe6b\" data-element_type=\"section\">\n\t\t\t\t\t\t<div class=\"elementor-container elementor-column-gap-default\">\n\t\t\t\t\t<div class=\"elementor-column elementor-col-50 elementor-inner-column elementor-element elementor-element-842368e\" data-id=\"842368e\" data-element_type=\"column\">\n\t\t\t<div class=\"elementor-widget-wrap elementor-element-populated\">\n\t\t\t\t\t\t<div class=\"elementor-element elementor-element-27372f6 elementor-widget elementor-widget-image\" data-id=\"27372f6\" data-element_type=\"widget\" data-widget_type=\"image.default\">\n\t\t\t\t<div class=\"elementor-widget-container\">\n\t\t\t\t\t\t\t\t\t\t\t\t\t\t\t<img fetchpriority=\"high\" decoding=\"async\" width=\"400\" height=\"600\" src=\"https:\/\/mmis.ca\/wp-content\/uploads\/2025\/02\/Untitled-400-x-600-px-1.png\" class=\"attachment-full size-full wp-image-4189\" alt=\"\" srcset=\"https:\/\/mmis.ca\/wp-content\/uploads\/2025\/02\/Untitled-400-x-600-px-1.png 400w, https:\/\/mmis.ca\/wp-content\/uploads\/2025\/02\/Untitled-400-x-600-px-1-200x300.png 200w, https:\/\/mmis.ca\/wp-content\/uploads\/2025\/02\/Untitled-400-x-600-px-1-8x12.png 8w, https:\/\/mmis.ca\/wp-content\/uploads\/2025\/02\/Untitled-400-x-600-px-1-16x24.png 16w, https:\/\/mmis.ca\/wp-content\/uploads\/2025\/02\/Untitled-400-x-600-px-1-24x36.png 24w, https:\/\/mmis.ca\/wp-content\/uploads\/2025\/02\/Untitled-400-x-600-px-1-32x48.png 32w\" sizes=\"(max-width: 400px) 100vw, 400px\" \/>\t\t\t\t\t\t\t\t\t\t\t\t\t\t\t<\/div>\n\t\t\t\t<\/div>\n\t\t\t\t\t<\/div>\n\t\t<\/div>\n\t\t\t\t<div class=\"elementor-column elementor-col-50 elementor-inner-column elementor-element elementor-element-c0a7483\" data-id=\"c0a7483\" data-element_type=\"column\">\n\t\t\t<div class=\"elementor-widget-wrap elementor-element-populated\">\n\t\t\t\t\t\t<div class=\"elementor-element elementor-element-ce3ca55 elementor-widget elementor-widget-heading\" data-id=\"ce3ca55\" data-element_type=\"widget\" data-widget_type=\"heading.default\">\n\t\t\t\t<div class=\"elementor-widget-container\">\n\t\t\t\t\t<h2 class=\"elementor-heading-title elementor-size-default\">Ingr\u00e9dients de boulangerie de qualit\u00e9 sup\u00e9rieure provenant de fournisseurs de confiance<\/h2>\t\t\t\t<\/div>\n\t\t\t\t<\/div>\n\t\t\t\t<div class=\"elementor-element elementor-element-3a0f9e0 elementor-widget elementor-widget-text-editor\" data-id=\"3a0f9e0\" data-element_type=\"widget\" data-widget_type=\"text-editor.default\">\n\t\t\t\t<div class=\"elementor-widget-container\">\n\t\t\t\t\t\t\t\t\t<p>Le r\u00e9sultat d'une p\u00e2tisserie d\u00e9pend enti\u00e8rement du choix judicieux des ingr\u00e9dients. Tous les types d'entreprises, des commerces aux restaurants, doivent choisir des ingr\u00e9dients de qualit\u00e9 sup\u00e9rieure pour cr\u00e9er des produits aux saveurs et textures constantes, appr\u00e9ci\u00e9s des clients. MMIS Mondo figure parmi les principaux distributeurs d'ingr\u00e9dients de boulangerie en proposant des produits de gros de qualit\u00e9 sup\u00e9rieure \u00e0 ses clients.<\/p><p>L'entreprise collabore avec des fabricants d'ingr\u00e9dients de boulangerie reconnus afin de fournir \u00e0 sa client\u00e8le professionnelle des mat\u00e9riaux de boulangerie haut de gamme. Notre entreprise propose des solutions \u00e9conomiques \u00e0 chaque entreprise de boulangerie, tout en proposant une gamme de produits haut de gamme, allant des ingr\u00e9dients de base aux produits de boulangerie sp\u00e9cialis\u00e9s.<\/p>\t\t\t\t\t\t\t\t<\/div>\n\t\t\t\t<\/div>\n\t\t\t\t\t<\/div>\n\t\t<\/div>\n\t\t\t\t\t<\/div>\n\t\t<\/section>\n\t\t\t\t<div class=\"elementor-element elementor-element-2b295dc elementor-widget elementor-widget-heading\" data-id=\"2b295dc\" data-element_type=\"widget\" data-widget_type=\"heading.default\">\n\t\t\t\t<div class=\"elementor-widget-container\">\n\t\t\t\t\t<h3 class=\"elementor-heading-title elementor-size-default\">Votre source de r\u00e9f\u00e9rence pour les ingr\u00e9dients de boulangerie en gros<\/h3>\t\t\t\t<\/div>\n\t\t\t\t<\/div>\n\t\t\t\t<div class=\"elementor-element elementor-element-5fec01d elementor-widget elementor-widget-text-editor\" data-id=\"5fec01d\" data-element_type=\"widget\" data-widget_type=\"text-editor.default\">\n\t\t\t\t<div class=\"elementor-widget-container\">\n\t\t\t\t\t\t\t\t\t<div class=\"px-5 py-3 border border-gray-300 rounded-md text-left text-gray-500 flex flex-col gap-2 sm:text-base text-xs\"><p>MMIS Mondo fournit aux boulangeries, p\u00e2tisseries et \u00e9tablissements de restauration des ingr\u00e9dients frais et de qualit\u00e9, disponibles \u00e0 prix de gros. Notre vaste gamme de produits comprend\u00a0:<\/p><ul><li><strong>Farines et c\u00e9r\u00e9ales \u2013<\/strong> Farines de sp\u00e9cialit\u00e9, options sans gluten et c\u00e9r\u00e9ales biologiques.<\/li><li><strong>Sucres et \u00e9dulcorants<\/strong> \u2013Une vari\u00e9t\u00e9 de produits \u00e0 base de sucre, notamment du sucre brun, du sucre glace, du miel et de la m\u00e9lasse, sont disponibles dans notre gamme.<\/li><li><strong>Agents levants \u2013<\/strong> Levure chimique, levure et agents levants naturels.<\/li><li><strong>Graisses et huiles<\/strong> \u2013 Les graisses d\u2019agneau ainsi que les margarines et les mati\u00e8res grasses, ainsi que les huiles v\u00e9g\u00e9tales de premi\u00e8re qualit\u00e9, font partie de notre gamme de produits disponibles.<\/li><li><strong>Alternatives laiti\u00e8res et non laiti\u00e8res \u2013<\/strong> Laits en poudre, cr\u00e8mes et substituts \u00e0 base de plantes.<\/li><li><strong>Noix et graines<\/strong> \u2013 Le m\u00e9lange \u00e0 p\u00e2tisserie b\u00e9n\u00e9ficie de la texture et de la nutrition fournies par les noix et les graines, notamment les amandes, les noix, les graines de chia et les graines de lin.<\/li><\/ul><p>Notre entreprise assure une livraison rapide aux fournisseurs d\u2019ingr\u00e9dients de boulangerie.<\/p><\/div>\t\t\t\t\t\t\t\t<\/div>\n\t\t\t\t<\/div>\n\t\t\t\t<div class=\"elementor-element elementor-element-c97408a elementor-widget elementor-widget-heading\" data-id=\"c97408a\" data-element_type=\"widget\" data-widget_type=\"heading.default\">\n\t\t\t\t<div class=\"elementor-widget-container\">\n\t\t\t\t\t<h4 class=\"elementor-heading-title elementor-size-default\">Pourquoi choisir MMIS Mondo pour les fournitures d'ingr\u00e9dients de boulangerie ?<\/h4>\t\t\t\t<\/div>\n\t\t\t\t<\/div>\n\t\t\t\t<div class=\"elementor-element elementor-element-eab34d9 elementor-widget elementor-widget-text-editor\" data-id=\"eab34d9\" data-element_type=\"widget\" data-widget_type=\"text-editor.default\">\n\t\t\t\t<div class=\"elementor-widget-container\">\n\t\t\t\t\t\t\t\t\t<div class=\"px-5 py-3 border border-gray-300 rounded-md text-left text-gray-500 flex flex-col gap-2 sm:text-base text-xs\"><ol><li>Les meilleurs partenaires de fabrication d'ingr\u00e9dients de boulangerie approvisionnent notre entreprise pour garantir que nous maintenons des ingr\u00e9dients frais ainsi que des normes de qualit\u00e9 constantes.<\/li><li>Nous sommes leaders sur le march\u00e9 en tant que fournisseurs en gros d'ingr\u00e9dients de boulangerie comp\u00e9titifs tout en offrant des ingr\u00e9dients de qualit\u00e9 \u00e0 des tarifs rentables.<\/li><li>L'entreprise maintient un r\u00e9seau fiable qui permet un transport rapide des marchandises dans tout le pays, maintenant ainsi les approvisionnements de l'entreprise stables.<\/li><li>Nos solutions d\u2019approvisionnement s\u2019adaptent \u00e0 tous les besoins des entreprises, y compris les achats en gros ainsi que les ingr\u00e9dients sp\u00e9cialis\u00e9s.<\/li><li>L'\u00e9quipe fournit des services aux boulangeries gr\u00e2ce \u00e0 des recommandations d'experts tout en maintenant un d\u00e9vouement intense \u00e0 leur r\u00e9ussite commerciale.<br \/><br \/><\/li><\/ol><\/div>\t\t\t\t\t\t\t\t<\/div>\n\t\t\t\t<\/div>\n\t\t\t\t<div class=\"elementor-element elementor-element-d19b20f elementor-widget elementor-widget-heading\" data-id=\"d19b20f\" data-element_type=\"widget\" data-widget_type=\"heading.default\">\n\t\t\t\t<div class=\"elementor-widget-container\">\n\t\t\t\t\t<h5 class=\"elementor-heading-title elementor-size-default\">Ingr\u00e9dients de boulangerie en vrac \u2013 Prix de gros disponibles<\/h5>\t\t\t\t<\/div>\n\t\t\t\t<\/div>\n\t\t\t\t<div class=\"elementor-element elementor-element-8ee52f1 elementor-widget elementor-widget-text-editor\" data-id=\"8ee52f1\" data-element_type=\"widget\" data-widget_type=\"text-editor.default\">\n\t\t\t\t<div class=\"elementor-widget-container\">\n\t\t\t\t\t\t\t\t\t<div class=\"px-5 py-3 border border-gray-300 rounded-md text-left text-gray-500 flex flex-col gap-2 sm:text-base text-xs\"><p>Le mod\u00e8le commercial de vente en gros de nos ingr\u00e9dients de boulangerie offre aux entreprises un moyen \u00e9conomique de se procurer des ingr\u00e9dients en grandes quantit\u00e9s. Notre entreprise fournit aux boulangeries, aux fabricants de produits alimentaires et aux caf\u00e9s des outils complets pour fabriquer des produits de boulangerie haut de gamme. Notre gamme de produits garantit un approvisionnement suffisant pour \u00e9viter toute p\u00e9nurie de composants de boulangerie essentiels \u00e0 la vie quotidienne des entreprises.<\/p><p>La recherche de fournisseurs d'ingr\u00e9dients de boulangerie vous m\u00e8ne directement \u00e0 MMIS Mondo, votre partenaire commercial de confiance. Notre entreprise g\u00e8re efficacement sa cha\u00eene d'approvisionnement et noue des partenariats commerciaux pour vous offrir des solutions d'achat simples.<\/p><\/div>\t\t\t\t\t\t\t\t<\/div>\n\t\t\t\t<\/div>\n\t\t\t\t\t<\/div>\n\t\t<\/div>\n\t\t\t\t\t<\/div>\n\t\t<\/section>\n\t\t\t\t<section class=\"elementor-section elementor-top-section elementor-element elementor-element-a7f80c2 elementor-section-full_width elementor-section-height-default elementor-section-height-default\" data-id=\"a7f80c2\" data-element_type=\"section\">\n\t\t\t\t\t\t<div class=\"elementor-container elementor-column-gap-default\">\n\t\t\t\t\t<div class=\"elementor-column elementor-col-100 elementor-top-column elementor-element elementor-element-43cb839\" data-id=\"43cb839\" data-element_type=\"column\">\n\t\t\t<div class=\"elementor-widget-wrap elementor-element-populated\">\n\t\t\t\t\t\t<div class=\"elementor-element elementor-element-c67c74a elementor-widget elementor-widget-shortcode\" data-id=\"c67c74a\" data-element_type=\"widget\" data-widget_type=\"shortcode.default\">\n\t\t\t\t<div class=\"elementor-widget-container\">\n\t\t\t\t\t\t\t<div class=\"elementor-shortcode\">\t\t<div data-elementor-type=\"wp-post\" data-elementor-id=\"1005\" class=\"elementor elementor-1005\" data-elementor-post-type=\"elementor-hf\">\n\t\t\t\t\t\t<footer class=\"elementor-section elementor-top-section elementor-element elementor-element-1adf6c3 elementor-section-full_width elementor-section-height-default elementor-section-height-default\" data-id=\"1adf6c3\" data-element_type=\"section\" data-settings=\"{&quot;background_background&quot;:&quot;gradient&quot;}\">\n\t\t\t\t\t\t<div class=\"elementor-container elementor-column-gap-default\">\n\t\t\t\t\t<div class=\"elementor-column elementor-col-33 elementor-top-column elementor-element elementor-element-f375590\" data-id=\"f375590\" data-element_type=\"column\">\n\t\t\t<div class=\"elementor-widget-wrap elementor-element-populated\">\n\t\t\t\t\t\t<div class=\"elementor-element elementor-element-4aa5181 elementor-widget elementor-widget-text-editor\" data-id=\"4aa5181\" data-element_type=\"widget\" data-widget_type=\"text-editor.default\">\n\t\t\t\t<div class=\"elementor-widget-container\">\n\t\t\t\t\t\t\t\t\t<p>Notre emplacement: 151 King Street,<br \/>Barrie, Ontario, L4N 6B5<br \/>Servir le Canada et l'Am\u00e9rique du Nord<\/p>\t\t\t\t\t\t\t\t<\/div>\n\t\t\t\t<\/div>\n\t\t\t\t\t<\/div>\n\t\t<\/div>\n\t\t\t\t<div class=\"elementor-column elementor-col-33 elementor-top-column elementor-element elementor-element-bfb550a\" data-id=\"bfb550a\" data-element_type=\"column\">\n\t\t\t<div class=\"elementor-widget-wrap elementor-element-populated\">\n\t\t\t\t\t\t<div class=\"elementor-element elementor-element-458c3b4 elementor-widget elementor-widget-image\" data-id=\"458c3b4\" data-element_type=\"widget\" data-widget_type=\"image.default\">\n\t\t\t\t<div class=\"elementor-widget-container\">\n\t\t\t\t\t\t\t\t\t\t\t\t\t\t\t<img decoding=\"async\" width=\"300\" height=\"78\" src=\"https:\/\/mmis.ca\/wp-content\/uploads\/2017\/04\/newlogos-300x78.png\" class=\"attachment-medium size-medium wp-image-390\" alt=\"\" srcset=\"https:\/\/mmis.ca\/wp-content\/uploads\/2017\/04\/newlogos-300x78.png 300w, https:\/\/mmis.ca\/wp-content\/uploads\/2017\/04\/newlogos-768x200.png 768w, https:\/\/mmis.ca\/wp-content\/uploads\/2017\/04\/newlogos-1024x267.png 1024w, https:\/\/mmis.ca\/wp-content\/uploads\/2017\/04\/newlogos.png 1037w\" sizes=\"(max-width: 300px) 100vw, 300px\" \/>\t\t\t\t\t\t\t\t\t\t\t\t\t\t\t<\/div>\n\t\t\t\t<\/div>\n\t\t\t\t\t<\/div>\n\t\t<\/div>\n\t\t\t\t<div class=\"elementor-column elementor-col-33 elementor-top-column elementor-element elementor-element-d152e93\" data-id=\"d152e93\" data-element_type=\"column\">\n\t\t\t<div class=\"elementor-widget-wrap elementor-element-populated\">\n\t\t\t\t\t\t<div class=\"elementor-element elementor-element-eeedc57 elementor-widget elementor-widget-text-editor\" data-id=\"eeedc57\" data-element_type=\"widget\" data-widget_type=\"text-editor.default\">\n\t\t\t\t<div class=\"elementor-widget-container\">\n\t\t\t\t\t\t\t\t\t<p>E-mail: <a href=\"mailto:inquiry@mmis.ca\">inquiry@mmis.ca<\/a><br \/>T\u00e9l\u00e9phone #: <a href=\"Tel:9058411717\">905 841 1717<\/a><br \/>Gratuit: <a href=\"Tel:1-877-873-6647\">1-877-873-6647<\/a><\/p>\t\t\t\t\t\t\t\t<\/div>\n\t\t\t\t<\/div>\n\t\t\t\t\t<\/div>\n\t\t<\/div>\n\t\t\t\t\t<\/div>\n\t\t<\/footer>\n\t\t\t\t<\/div>\n\t\t<\/div>\n\t\t\t\t\t\t<\/div>\n\t\t\t\t<\/div>\n\t\t\t\t\t<\/div>\n\t\t<\/div>\n\t\t\t\t\t<\/div>\n\t\t<\/section>\n\t\t\t\t<\/div>","protected":false},"excerpt":{"rendered":"<p>Premium Bakery Ingredients from Trusted Suppliers The outcome of baking depends entirely on how well the baking ingredients are chosen. All business types that bake from commercial to restaurants need to choose premium bakery ingredients to create baked goods with consistent flavors and textures that customers appreciate. MMIS Mondo stands among the premier bakery ingredients [&hellip;]<\/p>","protected":false},"author":2,"featured_media":0,"parent":0,"menu_order":0,"comment_status":"closed","ping_status":"closed","template":"","meta":{"footnotes":""},"class_list":["post-4187","page","type-page","status-publish","hentry"],"aioseo_notices":[],"_links":{"self":[{"href":"https:\/\/mmis.ca\/fr\/wp-json\/wp\/v2\/pages\/4187","targetHints":{"allow":["GET"]}}],"collection":[{"href":"https:\/\/mmis.ca\/fr\/wp-json\/wp\/v2\/pages"}],"about":[{"href":"https:\/\/mmis.ca\/fr\/wp-json\/wp\/v2\/types\/page"}],"author":[{"embeddable":true,"href":"https:\/\/mmis.ca\/fr\/wp-json\/wp\/v2\/users\/2"}],"replies":[{"embeddable":true,"href":"https:\/\/mmis.ca\/fr\/wp-json\/wp\/v2\/comments?post=4187"}],"version-history":[{"count":26,"href":"https:\/\/mmis.ca\/fr\/wp-json\/wp\/v2\/pages\/4187\/revisions"}],"predecessor-version":[{"id":4766,"href":"https:\/\/mmis.ca\/fr\/wp-json\/wp\/v2\/pages\/4187\/revisions\/4766"}],"wp:attachment":[{"href":"https:\/\/mmis.ca\/fr\/wp-json\/wp\/v2\/media?parent=4187"}],"curies":[{"name":"wp","href":"https:\/\/api.w.org\/{rel}","templated":true}]}}