{"id":4212,"date":"2025-02-25T10:03:50","date_gmt":"2025-02-25T10:03:50","guid":{"rendered":"https:\/\/mmis.ca\/?page_id=4212"},"modified":"2026-02-04T20:43:39","modified_gmt":"2026-02-04T20:43:39","slug":"co-packers-canada","status":"publish","type":"page","link":"https:\/\/mmis.ca\/fr\/co-emballeurs-canada\/","title":{"rendered":"Co-Packing Canada"},"content":{"rendered":"<div data-elementor-type=\"wp-page\" data-elementor-id=\"4212\" class=\"elementor elementor-4212\" data-elementor-post-type=\"page\">\n\t\t\t\t\t\t<section class=\"elementor-section elementor-top-section elementor-element elementor-element-63e6210 elementor-section-boxed elementor-section-height-default elementor-section-height-default\" data-id=\"63e6210\" data-element_type=\"section\">\n\t\t\t\t\t\t<div class=\"elementor-container elementor-column-gap-default\">\n\t\t\t\t\t<div class=\"elementor-column elementor-col-100 elementor-top-column elementor-element elementor-element-d343dc1\" data-id=\"d343dc1\" data-element_type=\"column\">\n\t\t\t<div class=\"elementor-widget-wrap elementor-element-populated\">\n\t\t\t\t\t\t<section class=\"elementor-section elementor-inner-section elementor-element elementor-element-5efbe6b elementor-section-boxed elementor-section-height-default elementor-section-height-default\" data-id=\"5efbe6b\" data-element_type=\"section\">\n\t\t\t\t\t\t<div class=\"elementor-container elementor-column-gap-default\">\n\t\t\t\t\t<div class=\"elementor-column elementor-col-50 elementor-inner-column elementor-element elementor-element-842368e\" data-id=\"842368e\" data-element_type=\"column\">\n\t\t\t<div class=\"elementor-widget-wrap elementor-element-populated\">\n\t\t\t\t\t\t<div class=\"elementor-element elementor-element-27372f6 elementor-widget elementor-widget-image\" data-id=\"27372f6\" data-element_type=\"widget\" data-widget_type=\"image.default\">\n\t\t\t\t<div class=\"elementor-widget-container\">\n\t\t\t\t\t\t\t\t\t\t\t\t\t\t\t<img fetchpriority=\"high\" decoding=\"async\" width=\"1000\" height=\"1333\" src=\"https:\/\/mmis.ca\/wp-content\/uploads\/2025\/03\/IMG_3025-1.jpg\" class=\"attachment-full size-full wp-image-4322\" alt=\"\" srcset=\"https:\/\/mmis.ca\/wp-content\/uploads\/2025\/03\/IMG_3025-1.jpg 1000w, https:\/\/mmis.ca\/wp-content\/uploads\/2025\/03\/IMG_3025-1-225x300.jpg 225w, https:\/\/mmis.ca\/wp-content\/uploads\/2025\/03\/IMG_3025-1-768x1024.jpg 768w, https:\/\/mmis.ca\/wp-content\/uploads\/2025\/03\/IMG_3025-1-9x12.jpg 9w, https:\/\/mmis.ca\/wp-content\/uploads\/2025\/03\/IMG_3025-1-18x24.jpg 18w, https:\/\/mmis.ca\/wp-content\/uploads\/2025\/03\/IMG_3025-1-27x36.jpg 27w, https:\/\/mmis.ca\/wp-content\/uploads\/2025\/03\/IMG_3025-1-36x48.jpg 36w\" sizes=\"(max-width: 1000px) 100vw, 1000px\" \/>\t\t\t\t\t\t\t\t\t\t\t\t\t\t\t<\/div>\n\t\t\t\t<\/div>\n\t\t\t\t\t<\/div>\n\t\t<\/div>\n\t\t\t\t<div class=\"elementor-column elementor-col-50 elementor-inner-column elementor-element elementor-element-c0a7483\" data-id=\"c0a7483\" data-element_type=\"column\">\n\t\t\t<div class=\"elementor-widget-wrap elementor-element-populated\">\n\t\t\t\t\t\t<div class=\"elementor-element elementor-element-ce3ca55 elementor-widget__width-initial elementor-widget elementor-widget-heading\" data-id=\"ce3ca55\" data-element_type=\"widget\" data-widget_type=\"heading.default\">\n\t\t\t\t<div class=\"elementor-widget-container\">\n\t\t\t\t\t<h2 class=\"elementor-heading-title elementor-size-default\">Reliable Co-Packing Canada Solutions \u2013 MMIS Mondo<\/h2>\t\t\t\t<\/div>\n\t\t\t\t<\/div>\n\t\t\t\t<div class=\"elementor-element elementor-element-3a0f9e0 elementor-widget__width-initial elementor-widget elementor-widget-text-editor\" data-id=\"3a0f9e0\" data-element_type=\"widget\" data-widget_type=\"text-editor.default\">\n\t\t\t\t<div class=\"elementor-widget-container\">\n\t\t\t\t\t\t\t\t\t<p style=\"font-weight: 400;\">Les entreprises nouvelles comme existantes ont souvent du mal \u00e0 se d\u00e9velopper en raison des barri\u00e8res financi\u00e8res et r\u00e9glementaires consid\u00e9rables n\u00e9cessaires pour exploiter une entreprise li\u00e9e \u00e0 l\u2019alimentation. MMIS Mondo a b\u00e2ti son activit\u00e9 sur la fourniture de m\u00e9langes d\u2019ingr\u00e9dients sp\u00e9cifiques aux besoins de chaque client, de la plus haute qualit\u00e9. En nous appuyant sur nos nombreuses ann\u00e9es d\u2019exp\u00e9rience dans le m\u00e9lange et l\u2019emballage d\u2019ingr\u00e9dients, nous \u00e9largissons d\u00e9sormais notre offre pour inclure des services de m\u00e9lange et de co-emballage au Canada destin\u00e9s aux entreprises qui souhaitent d\u00e9marrer leur production, augmenter leur capacit\u00e9 de production ou simplement trouver des gains d\u2019efficacit\u00e9 et des am\u00e9liorations dans leurs op\u00e9rations. Nos solutions de co-emballage au Canada peuvent aider les entreprises et les fabricants \u00e0 rationaliser leur production tout en r\u00e9duisant les co\u00fbts et en acc\u00e9l\u00e9rant leur entr\u00e9e sur le march\u00e9.\u00a0<\/p>\t\t\t\t\t\t\t\t<\/div>\n\t\t\t\t<\/div>\n\t\t\t\t\t<\/div>\n\t\t<\/div>\n\t\t\t\t\t<\/div>\n\t\t<\/section>\n\t\t\t\t<div class=\"elementor-element elementor-element-eb16bd5 elementor-widget__width-initial elementor-widget elementor-widget-text-editor\" data-id=\"eb16bd5\" data-element_type=\"widget\" data-widget_type=\"text-editor.default\">\n\t\t\t\t<div class=\"elementor-widget-container\">\n\t\t\t\t\t\t\t\t\t<p style=\"font-weight: 400;\">MMIS Mondo croit fermement au soutien des entreprises locales et de l'\u00e9conomie canadienne dans son ensemble. Nous travaillons en collaboration avec des entreprises de toutes tailles, en fournissant des solutions de m\u00e9lange et d'emballage sp\u00e9cifiques et uniques et pouvons g\u00e9rer toutes les \u00e9tapes du processus, de l'approvisionnement en mat\u00e9riaux d'emballage \u00e0 la livraison, vous permettant ainsi de vous concentrer sur l'expansion de votre marque.<\/p>\t\t\t\t\t\t\t\t<\/div>\n\t\t\t\t<\/div>\n\t\t\t\t<div class=\"elementor-element elementor-element-2b295dc elementor-widget elementor-widget-heading\" data-id=\"2b295dc\" data-element_type=\"widget\" data-widget_type=\"heading.default\">\n\t\t\t\t<div class=\"elementor-widget-container\">\n\t\t\t\t\t<h3 class=\"elementor-heading-title elementor-size-default\">Votre co-emballeur de confiance au Canada<\/h3>\t\t\t\t<\/div>\n\t\t\t\t<\/div>\n\t\t\t\t<div class=\"elementor-element elementor-element-5fec01d elementor-widget elementor-widget-text-editor\" data-id=\"5fec01d\" data-element_type=\"widget\" data-widget_type=\"text-editor.default\">\n\t\t\t\t<div class=\"elementor-widget-container\">\n\t\t\t\t\t\t\t\t\t<div class=\"px-5 py-3 border border-gray-300 rounded-md text-left text-gray-500 flex flex-col gap-2 sm:text-base text-xs\"><p style=\"font-weight: 400;\">Notre installation moderne, combin\u00e9e \u00e0 un personnel expert, travaille de concert pour livrer des emballages qui r\u00e9pondent \u00e0 la fois aux exigences industrielles et aux attentes des clients. MMIS Mondo fournit des solutions compl\u00e8tes adapt\u00e9es \u00e0 tous les besoins en mati\u00e8re d\u2019emballage alimentaire s\u00e9curitaire et de manutention de produits en vrac. En ce qui concerne le co-emballage au Canada, notre \u00e9quipe garantit \u00e0 la fois flexibilit\u00e9 et qualit\u00e9 de premier ordre pour chaque projet.<strong> co-packing Canada,<\/strong> our team ensures both flexibility and top-tier quality for every project.<\/p><p style=\"font-weight: 400;\">Nos services comprennent :<\/p><ul style=\"font-weight: 400;\"><li>Approvisionnement en mati\u00e8res premi\u00e8res, y compris les emballages<\/li><li>Nos solutions d'emballage personnalis\u00e9es comprennent des sachets flexibles ainsi que des conteneurs rigides, ainsi que d'autres formats d'emballage.<\/li><li>Nous fournissons des services et des conseils d'experts en mati\u00e8re d'\u00e9tiquetage, offrant aux fabricants un partenaire comp\u00e9tent et de confiance.<\/li><li>Notre \u00e9quipe effectue des t\u00e2ches de m\u00e9lange, de remplissage, de scellage, de d\u00e9tection de m\u00e9taux et de mise en bo\u00eete\/palettisation des produits tout en garantissant l'int\u00e9grit\u00e9 absolue du produit, la qualit\u00e9 et la s\u00e9curit\u00e9 alimentaire.<\/li><li>Nos services de gestion des stocks aident les organisations \u00e0 atteindre une efficacit\u00e9 op\u00e9rationnelle maximale de la cha\u00eene d\u2019approvisionnement.<\/li><\/ul><\/div>\t\t\t\t\t\t\t\t<\/div>\n\t\t\t\t<\/div>\n\t\t\t\t<div class=\"elementor-element elementor-element-c73c3a8 elementor-widget elementor-widget-image\" data-id=\"c73c3a8\" data-element_type=\"widget\" data-widget_type=\"image.default\">\n\t\t\t\t<div class=\"elementor-widget-container\">\n\t\t\t\t\t\t\t\t\t\t\t\t\t\t\t<img decoding=\"async\" width=\"968\" height=\"726\" src=\"https:\/\/mmis.ca\/wp-content\/uploads\/2025\/05\/IMG_9844-1.jpg\" class=\"attachment-full size-full wp-image-4817\" alt=\"\" srcset=\"https:\/\/mmis.ca\/wp-content\/uploads\/2025\/05\/IMG_9844-1.jpg 968w, https:\/\/mmis.ca\/wp-content\/uploads\/2025\/05\/IMG_9844-1-300x225.jpg 300w, https:\/\/mmis.ca\/wp-content\/uploads\/2025\/05\/IMG_9844-1-768x576.jpg 768w, https:\/\/mmis.ca\/wp-content\/uploads\/2025\/05\/IMG_9844-1-16x12.jpg 16w, https:\/\/mmis.ca\/wp-content\/uploads\/2025\/05\/IMG_9844-1-24x18.jpg 24w, https:\/\/mmis.ca\/wp-content\/uploads\/2025\/05\/IMG_9844-1-36x27.jpg 36w, https:\/\/mmis.ca\/wp-content\/uploads\/2025\/05\/IMG_9844-1-48x36.jpg 48w\" sizes=\"(max-width: 968px) 100vw, 968px\" \/>\t\t\t\t\t\t\t\t\t\t\t\t\t\t\t<\/div>\n\t\t\t\t<\/div>\n\t\t\t\t<div class=\"elementor-element elementor-element-c97408a elementor-widget elementor-widget-heading\" data-id=\"c97408a\" data-element_type=\"widget\" data-widget_type=\"heading.default\">\n\t\t\t\t<div class=\"elementor-widget-container\">\n\t\t\t\t\t<h4 class=\"elementor-heading-title elementor-size-default\">Pourquoi choisir MMIS Mondo comme partenaire de co-emballage ?<\/h4>\t\t\t\t<\/div>\n\t\t\t\t<\/div>\n\t\t\t\t<div class=\"elementor-element elementor-element-eab34d9 elementor-widget elementor-widget-text-editor\" data-id=\"eab34d9\" data-element_type=\"widget\" data-widget_type=\"text-editor.default\">\n\t\t\t\t<div class=\"elementor-widget-container\">\n\t\t\t\t\t\t\t\t\t<div class=\"px-5 py-3 border border-gray-300 rounded-md text-left text-gray-500 flex flex-col gap-2 sm:text-base text-xs\"><p style=\"font-weight: 400;\">MMIS Mondo s'engage \u00e0 fournir des services de co-packing exceptionnels r\u00e9pondant \u00e0 toutes les exigences du secteur. Nous collaborons avec nos clients pour trouver des solutions cr\u00e9atives et optimiser leurs op\u00e9rations.<\/p><p style=\"font-weight: 400;\">MMIS Mondo figure parmi les principaux fournisseurs de services de co-emballage au Canada. Nous traitons tous les projets avec une attention minutieuse aux d\u00e9tails et une expertise professionnelle. Notre entreprise rel\u00e8ve les d\u00e9fis d\u2019emballage de front tout en cr\u00e9ant des solutions \u00e9volutives et \u00e9conomiques qui correspondent aux objectifs de votre entreprise.<\/p><\/div>\t\t\t\t\t\t\t\t<\/div>\n\t\t\t\t<\/div>\n\t\t\t\t<div class=\"elementor-element elementor-element-d19b20f elementor-widget elementor-widget-heading\" data-id=\"d19b20f\" data-element_type=\"widget\" data-widget_type=\"heading.default\">\n\t\t\t\t<div class=\"elementor-widget-container\">\n\t\t\t\t\t<h5 class=\"elementor-heading-title elementor-size-default\">Avantages d'un partenariat avec MMIS Mondo Inc.<\/h5>\t\t\t\t<\/div>\n\t\t\t\t<\/div>\n\t\t\t\t<div class=\"elementor-element elementor-element-8ee52f1 elementor-widget elementor-widget-text-editor\" data-id=\"8ee52f1\" data-element_type=\"widget\" data-widget_type=\"text-editor.default\">\n\t\t\t\t<div class=\"elementor-widget-container\">\n\t\t\t\t\t\t\t\t\t<div class=\"px-5 py-3 border border-gray-300 rounded-md text-left text-gray-500 flex flex-col gap-2 sm:text-base text-xs\">\n<ul style=\"font-weight: 400;\">\n<li>Aliments enti\u00e8rement certifi\u00e9s SQF (Safe Quality Food) et ACIA (Agence canadienne d'inspection des aliments) pour la salubrit\u00e9 des aliments au Canada<\/li>\n<li>Partenaire exp\u00e9riment\u00e9 \u2013 Au fil des ann\u00e9es, nous avons appris ce qui fonctionne et ce qui ne fonctionne pas pour r\u00e9duire consid\u00e9rablement la courbe d'apprentissage<\/li>\n<li>Vous n'avez pas besoin d'acheter d'\u00e9quipements de traitement co\u00fbteux, nous poss\u00e9dons une large gamme de m\u00e9langeurs d'ingr\u00e9dients et d'\u00e9quipements d'emballage<\/li>\n<li>Capacit\u00e9 \u00e0 remplir de petits sachets\/shakers jusqu'\u00e0 de grands sacs industriels<\/li>\n<li>Nous fournissons un soutien r\u00e9glementaire pour vous aider \u00e0 naviguer dans la quantit\u00e9 importante de \u00ab paperasserie \u00bb lors de la vente de produits alimentaires.<\/li>\n<li>Les difficult\u00e9s \u00e0 trouver de la main-d\u2019\u0153uvre pour vous aider dans votre production peuvent appartenir au pass\u00e9.<\/li>\n<li>Significant reduction in errors \u2013 Blending is what we do.&nbsp; Let our experienced staff take care of your blending needs so you can focus on the other aspects of your business<\/li>\n<li>Recommandations en mati\u00e8re d'emballage de qualit\u00e9 alimentaire<\/li>\n<li>Nous sommes en mesure de fournir un support pour les petites et grandes s\u00e9ries de production<\/li>\n<li>Gain de temps consid\u00e9rable dans votre exploitation<\/li>\n<li>Des centaines d'\u00e9pices et d'ingr\u00e9dients en stock \u2013 nous vous faisons profiter des \u00e9conomies r\u00e9alis\u00e9es gr\u00e2ce \u00e0 notre volume important<\/li>\n<\/ul>\n<\/div>\t\t\t\t\t\t\t\t<\/div>\n\t\t\t\t<\/div>\n\t\t\t\t<div class=\"elementor-element elementor-element-fef4ba1 elementor-widget elementor-widget-heading\" data-id=\"fef4ba1\" data-element_type=\"widget\" data-widget_type=\"heading.default\">\n\t\t\t\t<div class=\"elementor-widget-container\">\n\t\t\t\t\t<h5 class=\"elementor-heading-title elementor-size-default\">Veuillez contacter notre \u00e9quipe d\u00e8s aujourd'hui pour discuter de vos besoins uniques\u00a0!\n\n<\/h5>\t\t\t\t<\/div>\n\t\t\t\t<\/div>\n\t\t\t\t\t<\/div>\n\t\t<\/div>\n\t\t\t\t\t<\/div>\n\t\t<\/section>\n\t\t\t\t<section class=\"elementor-section elementor-top-section elementor-element elementor-element-757945f elementor-section-boxed elementor-section-height-default elementor-section-height-default\" data-id=\"757945f\" data-element_type=\"section\" data-settings=\"{&quot;background_background&quot;:&quot;classic&quot;}\">\n\t\t\t\t\t\t<div class=\"elementor-container elementor-column-gap-default\">\n\t\t\t\t\t<div class=\"elementor-column elementor-col-100 elementor-top-column elementor-element elementor-element-7eb7c66\" data-id=\"7eb7c66\" data-element_type=\"column\">\n\t\t\t<div class=\"elementor-widget-wrap elementor-element-populated\">\n\t\t\t\t\t\t<div class=\"elementor-element elementor-element-5589334 elementor-widget elementor-widget-heading\" data-id=\"5589334\" data-element_type=\"widget\" data-widget_type=\"heading.default\">\n\t\t\t\t<div class=\"elementor-widget-container\">\n\t\t\t\t\t<h3 class=\"elementor-heading-title elementor-size-default translation-block\">Bien que nous nous efforcions de r\u00e9pondre au plus grand nombre de besoins possible, notre principal objectif est le m\u00e9lange de poudres s\u00e8ches pour les transformateurs industriels.<\/h3>\t\t\t\t<\/div>\n\t\t\t\t<\/div>\n\t\t\t\t<div class=\"elementor-element elementor-element-b5507df elementor-widget elementor-widget-heading\" data-id=\"b5507df\" data-element_type=\"widget\" data-widget_type=\"heading.default\">\n\t\t\t\t<div class=\"elementor-widget-container\">\n\t\t\t\t\t<h5 class=\"elementor-heading-title elementor-size-default\">Nous ne sommes malheureusement pas en mesure d'effectuer les fonctions suivantes pour le moment\u00a0:<\/h5>\t\t\t\t<\/div>\n\t\t\t\t<\/div>\n\t\t\t\t<div class=\"elementor-element elementor-element-d1364b7 elementor-widget__width-initial elementor-widget elementor-widget-text-editor\" data-id=\"d1364b7\" data-element_type=\"widget\" data-widget_type=\"text-editor.default\">\n\t\t\t\t<div class=\"elementor-widget-container\">\n\t\t\t\t\t\t\t\t\t<ul><li style=\"font-weight: 400;\" aria-level=\"1\"><span style=\"background-color: transparent;\">Tout proc\u00e9d\u00e9 n\u00e9cessitant chauffage, r\u00e9frig\u00e9ration ou cong\u00e9lation<\/span><\/li><li style=\"font-weight: 400;\" aria-level=\"1\"><span style=\"font-weight: 400;\">Extrusion<\/span><\/li><li style=\"font-weight: 400;\" aria-level=\"1\"><span style=\"font-weight: 400;\">Manipulation de viande ou de produits carn\u00e9s<\/span><\/li><li style=\"font-weight: 400;\" aria-level=\"1\"><span style=\"font-weight: 400;\">Manipulation de tout allerg\u00e8ne autre que le lait, la moutarde, le bl\u00e9, les sulfites et le soja<\/span><\/li><li style=\"font-weight: 400;\" aria-level=\"1\"><span style=\"font-weight: 400;\">Manipulation de r\u00e9cipients en verre, bocaux, bouteilles<\/span><\/li><li style=\"font-weight: 400;\" aria-level=\"1\"><span style=\"font-weight: 400;\">Conditionnement de r\u00e9f\u00e9rences \u00e0 volume \u00e9lev\u00e9, destin\u00e9es \u00e0 la vente au d\u00e9tail<\/span><\/li><li style=\"font-weight: 400;\" aria-level=\"1\"><span style=\"font-weight: 400;\">Conditionnement ou remplissage de boissons liquides ou d'huiles<\/span><\/li><\/ul><p><span style=\"font-weight: 400;\">\u00a0<\/span><\/p><p><span style=\"font-weight: 400;\">MMIS Mondo croit fermement au soutien des entreprises locales et de l'\u00e9conomie canadienne dans son ensemble. Nous travaillons en collaboration avec des entreprises de toutes tailles, en fournissant des solutions de m\u00e9lange et d'emballage sp\u00e9cifiques et uniques et pouvons g\u00e9rer toutes les \u00e9tapes du processus, de l'approvisionnement en mat\u00e9riaux d'emballage \u00e0 la livraison, vous permettant ainsi de vous concentrer sur l'expansion de votre marque.<\/span><\/p>\t\t\t\t\t\t\t\t<\/div>\n\t\t\t\t<\/div>\n\t\t\t\t\t<\/div>\n\t\t<\/div>\n\t\t\t\t\t<\/div>\n\t\t<\/section>\n\t\t\t\t<section class=\"elementor-section elementor-top-section elementor-element elementor-element-a7f80c2 elementor-section-full_width elementor-section-height-default elementor-section-height-default\" data-id=\"a7f80c2\" data-element_type=\"section\">\n\t\t\t\t\t\t<div class=\"elementor-container elementor-column-gap-default\">\n\t\t\t\t\t<div class=\"elementor-column elementor-col-100 elementor-top-column elementor-element elementor-element-43cb839\" data-id=\"43cb839\" data-element_type=\"column\">\n\t\t\t<div class=\"elementor-widget-wrap elementor-element-populated\">\n\t\t\t\t\t\t<div class=\"elementor-element elementor-element-c67c74a elementor-widget elementor-widget-shortcode\" data-id=\"c67c74a\" data-element_type=\"widget\" data-widget_type=\"shortcode.default\">\n\t\t\t\t<div class=\"elementor-widget-container\">\n\t\t\t\t\t\t\t<div class=\"elementor-shortcode\">\t\t<div data-elementor-type=\"wp-post\" data-elementor-id=\"1005\" class=\"elementor elementor-1005\" data-elementor-post-type=\"elementor-hf\">\n\t\t\t\t\t\t<footer class=\"elementor-section elementor-top-section elementor-element elementor-element-1adf6c3 elementor-section-full_width elementor-section-height-default elementor-section-height-default\" data-id=\"1adf6c3\" data-element_type=\"section\" data-settings=\"{&quot;background_background&quot;:&quot;gradient&quot;}\">\n\t\t\t\t\t\t<div class=\"elementor-container elementor-column-gap-default\">\n\t\t\t\t\t<div class=\"elementor-column elementor-col-33 elementor-top-column elementor-element elementor-element-f375590\" data-id=\"f375590\" data-element_type=\"column\">\n\t\t\t<div class=\"elementor-widget-wrap elementor-element-populated\">\n\t\t\t\t\t\t<div class=\"elementor-element elementor-element-4aa5181 elementor-widget elementor-widget-text-editor\" data-id=\"4aa5181\" data-element_type=\"widget\" data-widget_type=\"text-editor.default\">\n\t\t\t\t<div class=\"elementor-widget-container\">\n\t\t\t\t\t\t\t\t\t<p>Notre emplacement: 151 King Street,<br \/>Barrie, Ontario, L4N 6B5<br \/>Servir le Canada et l'Am\u00e9rique du Nord<\/p>\t\t\t\t\t\t\t\t<\/div>\n\t\t\t\t<\/div>\n\t\t\t\t\t<\/div>\n\t\t<\/div>\n\t\t\t\t<div class=\"elementor-column elementor-col-33 elementor-top-column elementor-element elementor-element-bfb550a\" data-id=\"bfb550a\" data-element_type=\"column\">\n\t\t\t<div class=\"elementor-widget-wrap elementor-element-populated\">\n\t\t\t\t\t\t<div class=\"elementor-element elementor-element-458c3b4 elementor-widget elementor-widget-image\" data-id=\"458c3b4\" data-element_type=\"widget\" data-widget_type=\"image.default\">\n\t\t\t\t<div class=\"elementor-widget-container\">\n\t\t\t\t\t\t\t\t\t\t\t\t\t\t\t<img decoding=\"async\" width=\"300\" height=\"78\" src=\"https:\/\/mmis.ca\/wp-content\/uploads\/2017\/04\/newlogos-300x78.png\" class=\"attachment-medium size-medium wp-image-390\" alt=\"\" srcset=\"https:\/\/mmis.ca\/wp-content\/uploads\/2017\/04\/newlogos-300x78.png 300w, https:\/\/mmis.ca\/wp-content\/uploads\/2017\/04\/newlogos-768x200.png 768w, https:\/\/mmis.ca\/wp-content\/uploads\/2017\/04\/newlogos-1024x267.png 1024w, https:\/\/mmis.ca\/wp-content\/uploads\/2017\/04\/newlogos.png 1037w\" sizes=\"(max-width: 300px) 100vw, 300px\" \/>\t\t\t\t\t\t\t\t\t\t\t\t\t\t\t<\/div>\n\t\t\t\t<\/div>\n\t\t\t\t\t<\/div>\n\t\t<\/div>\n\t\t\t\t<div class=\"elementor-column elementor-col-33 elementor-top-column elementor-element elementor-element-d152e93\" data-id=\"d152e93\" data-element_type=\"column\">\n\t\t\t<div class=\"elementor-widget-wrap elementor-element-populated\">\n\t\t\t\t\t\t<div class=\"elementor-element elementor-element-eeedc57 elementor-widget elementor-widget-text-editor\" data-id=\"eeedc57\" data-element_type=\"widget\" data-widget_type=\"text-editor.default\">\n\t\t\t\t<div class=\"elementor-widget-container\">\n\t\t\t\t\t\t\t\t\t<p>E-mail: <a href=\"mailto:inquiry@mmis.ca\">inquiry@mmis.ca<\/a><br \/>T\u00e9l\u00e9phone #: <a href=\"Tel:9058411717\">905 841 1717<\/a><br \/>Gratuit: <a href=\"Tel:1-877-873-6647\">1-877-873-6647<\/a><\/p>\t\t\t\t\t\t\t\t<\/div>\n\t\t\t\t<\/div>\n\t\t\t\t\t<\/div>\n\t\t<\/div>\n\t\t\t\t\t<\/div>\n\t\t<\/footer>\n\t\t\t\t<\/div>\n\t\t<\/div>\n\t\t\t\t\t\t<\/div>\n\t\t\t\t<\/div>\n\t\t\t\t\t<\/div>\n\t\t<\/div>\n\t\t\t\t\t<\/div>\n\t\t<\/section>\n\t\t\t\t<\/div>","protected":false},"excerpt":{"rendered":"<p>Reliable Co-Packing Canada Solutions \u2013 MMIS Mondo New and existing businesses often find it difficult to expand due to the incredible financial and regulatory barriers required to operate a food-related business.\u00a0 MMIS Mondo has built our business on providing customer specific ingredient blends of the highest quality.\u00a0 Utilizing our many years of experience blending and [&hellip;]<\/p>","protected":false},"author":2,"featured_media":0,"parent":0,"menu_order":0,"comment_status":"closed","ping_status":"closed","template":"","meta":{"footnotes":""},"class_list":["post-4212","page","type-page","status-publish","hentry"],"aioseo_notices":[],"_links":{"self":[{"href":"https:\/\/mmis.ca\/fr\/wp-json\/wp\/v2\/pages\/4212","targetHints":{"allow":["GET"]}}],"collection":[{"href":"https:\/\/mmis.ca\/fr\/wp-json\/wp\/v2\/pages"}],"about":[{"href":"https:\/\/mmis.ca\/fr\/wp-json\/wp\/v2\/types\/page"}],"author":[{"embeddable":true,"href":"https:\/\/mmis.ca\/fr\/wp-json\/wp\/v2\/users\/2"}],"replies":[{"embeddable":true,"href":"https:\/\/mmis.ca\/fr\/wp-json\/wp\/v2\/comments?post=4212"}],"version-history":[{"count":58,"href":"https:\/\/mmis.ca\/fr\/wp-json\/wp\/v2\/pages\/4212\/revisions"}],"predecessor-version":[{"id":5573,"href":"https:\/\/mmis.ca\/fr\/wp-json\/wp\/v2\/pages\/4212\/revisions\/5573"}],"wp:attachment":[{"href":"https:\/\/mmis.ca\/fr\/wp-json\/wp\/v2\/media?parent=4212"}],"curies":[{"name":"wp","href":"https:\/\/api.w.org\/{rel}","templated":true}]}}