{"id":4414,"date":"2025-03-28T05:56:54","date_gmt":"2025-03-28T05:56:54","guid":{"rendered":"https:\/\/mmis.ca\/?page_id=4414"},"modified":"2025-11-21T22:18:05","modified_gmt":"2025-11-21T22:18:05","slug":"non-meat-sausage-casing","status":"publish","type":"page","link":"https:\/\/mmis.ca\/fr\/boyau-de-saucisse-sans-viande\/","title":{"rendered":"Boyau de Saucisse Sans Viande"},"content":{"rendered":"<div data-elementor-type=\"wp-page\" data-elementor-id=\"4414\" class=\"elementor elementor-4414\" data-elementor-post-type=\"page\">\n\t\t\t\t\t\t<section class=\"elementor-section elementor-top-section elementor-element elementor-element-ca96c79 elementor-section-boxed elementor-section-height-default elementor-section-height-default\" data-id=\"ca96c79\" data-element_type=\"section\">\n\t\t\t\t\t\t<div class=\"elementor-container elementor-column-gap-default\">\n\t\t\t\t\t<div class=\"elementor-column elementor-col-50 elementor-top-column elementor-element elementor-element-b321c8d\" data-id=\"b321c8d\" data-element_type=\"column\">\n\t\t\t<div class=\"elementor-widget-wrap elementor-element-populated\">\n\t\t\t\t\t\t<div class=\"elementor-element elementor-element-32beab1 elementor-widget elementor-widget-image\" data-id=\"32beab1\" data-element_type=\"widget\" data-widget_type=\"image.default\">\n\t\t\t\t<div class=\"elementor-widget-container\">\n\t\t\t\t\t\t\t\t\t\t\t\t\t\t\t<img fetchpriority=\"high\" decoding=\"async\" width=\"400\" height=\"600\" src=\"https:\/\/mmis.ca\/wp-content\/uploads\/2025\/03\/non-meat-sausage-casing.png\" class=\"attachment-large size-large wp-image-4417\" alt=\"\" srcset=\"https:\/\/mmis.ca\/wp-content\/uploads\/2025\/03\/non-meat-sausage-casing.png 400w, https:\/\/mmis.ca\/wp-content\/uploads\/2025\/03\/non-meat-sausage-casing-200x300.png 200w, https:\/\/mmis.ca\/wp-content\/uploads\/2025\/03\/non-meat-sausage-casing-8x12.png 8w, https:\/\/mmis.ca\/wp-content\/uploads\/2025\/03\/non-meat-sausage-casing-16x24.png 16w, https:\/\/mmis.ca\/wp-content\/uploads\/2025\/03\/non-meat-sausage-casing-24x36.png 24w, https:\/\/mmis.ca\/wp-content\/uploads\/2025\/03\/non-meat-sausage-casing-32x48.png 32w\" sizes=\"(max-width: 400px) 100vw, 400px\" \/>\t\t\t\t\t\t\t\t\t\t\t\t\t\t\t<\/div>\n\t\t\t\t<\/div>\n\t\t\t\t\t<\/div>\n\t\t<\/div>\n\t\t\t\t<div class=\"elementor-column elementor-col-50 elementor-top-column elementor-element elementor-element-75e9fa01\" data-id=\"75e9fa01\" data-element_type=\"column\">\n\t\t\t<div class=\"elementor-widget-wrap elementor-element-populated\">\n\t\t\t\t\t\t<div class=\"elementor-element elementor-element-25464333 elementor-widget elementor-widget-text-editor\" data-id=\"25464333\" data-element_type=\"widget\" data-widget_type=\"text-editor.default\">\n\t\t\t\t<div class=\"elementor-widget-container\">\n\t\t\t\t\t\t\t\t\t<h2><strong>Boyaux de Saucisse Sans Viande de Haute Qualit\u00e9 par MMIS Mondo<\/strong><\/h2><p>MMIS Mondo fournit des boyaux de saucisse sans viande de qualit\u00e9 sup\u00e9rieure pour les fabricants alimentaires, les bouchers et les transformateurs de viande commerciaux. Nous proposons des boyaux d'origine v\u00e9g\u00e9tale et synth\u00e9tique qui remplacent les boyaux de saucisse d'origine animale, tout en garantissant des performances constantes, une durabilit\u00e9 exceptionnelle et une utilisation facile. Nos boyaux sans viande assurent des r\u00e9sultats professionnels et r\u00e9pondent aux normes de qualit\u00e9 les plus \u00e9lev\u00e9es pour tous les clients produisant des saucisses v\u00e9g\u00e9tariennes, des aliments v\u00e9ganes ou des produits carn\u00e9s sp\u00e9cialis\u00e9s.<\/p><h3><strong>Qu'est-ce qu'un Boyau de Saucisse Sans Viande ?<\/strong><\/h3><p>Les boyaux pour saucisses sans viande sont fabriqu\u00e9s \u00e0 partir de mat\u00e9riaux d'origine v\u00e9g\u00e9tale, tels que la cellulose et les polym\u00e8res synth\u00e9tiques, offrant une alternative fiable aux options d'origine animale. Ces mat\u00e9riaux sont sp\u00e9cialement con\u00e7us pour la production de saucisses v\u00e9g\u00e9tariennes et v\u00e9g\u00e9taliennes, ainsi que de saucisses \u00e0 base de viande transform\u00e9e. Alliant uniformit\u00e9, durabilit\u00e9 et respect des normes de s\u00e9curit\u00e9 alimentaire les boyaux sont parfaitement adapt\u00e9s \u00e0 une utilisation commerciale dans l'industrie agroalimentaire.<\/p><p>MMIS Mondo propose une large gamme de boyaux de saucisse sans viande adapt\u00e9s \u00e0 la fabrication de hot-dogs, de saucisses fum\u00e9es et fra\u00eeches.<\/p>\t\t\t\t\t\t\t\t<\/div>\n\t\t\t\t<\/div>\n\t\t\t\t\t<\/div>\n\t\t<\/div>\n\t\t\t\t\t<\/div>\n\t\t<\/section>\n\t\t\t\t<section class=\"elementor-section elementor-top-section elementor-element elementor-element-d8df505 elementor-section-boxed elementor-section-height-default elementor-section-height-default\" data-id=\"d8df505\" data-element_type=\"section\">\n\t\t\t\t\t\t<div class=\"elementor-container elementor-column-gap-default\">\n\t\t\t\t\t<div class=\"elementor-column elementor-col-100 elementor-top-column elementor-element elementor-element-072104e\" data-id=\"072104e\" data-element_type=\"column\">\n\t\t\t<div class=\"elementor-widget-wrap elementor-element-populated\">\n\t\t\t\t\t\t<div class=\"elementor-element elementor-element-5f54f10 elementor-widget elementor-widget-text-editor\" data-id=\"5f54f10\" data-element_type=\"widget\" data-widget_type=\"text-editor.default\">\n\t\t\t\t<div class=\"elementor-widget-container\">\n\t\t\t\t\t\t\t\t\t<h3><strong>Avantages des Boyaux de Saucisse Sans Viande<\/strong><\/h3><ol><li><strong> 100 % Sans Produits Animaux &amp; Adapt\u00e9s \u00e0 Tous les R\u00e9gimes<\/strong><\/li><\/ol><p>Nos boyaux de saucisse sans viande ne contiennent aucun ingr\u00e9dient d'origine animale, ce qui en fait une solution id\u00e9ale pour la fabrication de saucisses v\u00e9g\u00e9tariennes, v\u00e9ganes et de produits \u00e0 base de plantes. Ils r\u00e9pondent \u00e0 toutes les exigences alimentaires tout en conservant l'exp\u00e9rience sensorielle des saucisses traditionnelles.<\/p><ol start=\"2\"><li><strong> Taille et Forme Uniformes<\/strong><\/li><\/ol><p>Le diam\u00e8tre uniforme et la forme r\u00e9guli\u00e8re de ces boyaux garantissent un contr\u00f4le pr\u00e9cis des portions ainsi qu\u2019un conditionnement et une pr\u00e9sentation standardis\u00e9s. La production \u00e0 grande \u00e9chelle et l\u2019emballage pour la vente au d\u00e9tail b\u00e9n\u00e9ficient grandement de ces caract\u00e9ristiques homog\u00e8nes.<\/p><ol start=\"3\"><li><strong> R\u00e9sistants et Durables<\/strong><\/li><\/ol><p>Les boyaux sans viande offrent une excellente durabilit\u00e9, permettant leur utilisation sur des machines de remplissage et de ficelage \u00e0 grande vitesse, r\u00e9duisant ainsi les pertes de production industrielle.<\/p><ol start=\"4\"><li><strong> Faciles \u00e0 Utiliser et \u00e0 Cuire<\/strong><\/li><\/ol><p>Nos boyaux sans viande sont con\u00e7us pour supporter diff\u00e9rentes m\u00e9thodes de cuisson telles que l\u2019\u00e9bullition, la cuisson \u00e0 la vapeur, la cuisson au four et le fumage. Ils facilitent le processus de transformation industrielle gr\u00e2ce \u00e0 leur pelage ais\u00e9 apr\u00e8s cuisson.<\/p><ol start=\"5\"><li><strong> Polyvalents pour Diff\u00e9rents Types de Saucisses<\/strong><\/li><\/ol><p>Notre gamme de boyaux de saucisse sans viande convient \u00e0 diverses pr\u00e9parations, notamment :<\/p><ul><li><strong>Saucisses V\u00e9ganes et V\u00e9g\u00e9tariennes \u2013<\/strong> Parfaites pour la production d\u2019aliments \u00e0 base de plantes.<\/li><li><strong>Hot-dogs et Frankfurters \u2013<\/strong> Garantissent un aspect lisse et uniforme.<\/li><li><strong>Saucisses de Petit-D\u00e9jeuner<\/strong> Maintiennent leur taille id\u00e9ale pour un conditionnement par portions.<\/li><li><strong>Saucisses Fum\u00e9es et Saucisses S\u00e8ches \u2013<\/strong> Permettent une absorption optimale de la fum\u00e9e et de l\u2019humidit\u00e9 tout au long du produit.<\/li><li><strong>Saucisses Sp\u00e9ciales \u2013<\/strong> Id\u00e9ales pour des formulations alternatives de produits carn\u00e9s.<\/li><\/ul><h4><strong><br \/>Types de Boyaux de Saucisse Sans Viande que Nous Proposons<\/strong><\/h4><ol><li><strong> Boyaux en Cellulose<\/strong><\/li><\/ol><p>Notre gamme de boyaux non comestibles d'origine v\u00e9g\u00e9tale est id\u00e9ale pour la pr\u00e9paration de hot-dogs et de saucisses sans peau. Les boyaux en cellulose garantissent des formes lisses et homog\u00e8nes tout en \u00e9tant faciles \u00e0 retirer lors de la cuisson.<\/p><ol start=\"2\"><li style=\"font-size: 21px;\"><span style=\"font-weight: bolder;\">Boyaux Synth\u00e9tiques &amp; Plastiques<\/span><\/li><\/ol><p>Nos boyaux synth\u00e9tiques conviennent \u00e0 la production de saucisses sp\u00e9ciales et aux fabrications \u00e0 grande \u00e9chelle. Ils allient durabilit\u00e9, r\u00e9gulation de l\u2019humidit\u00e9 et possibilit\u00e9s de personnalisation pour le branding des produits.<\/p><h4><strong>Pourquoi Choisir MMIS Mondo pour les Boyaux de Saucisse Sans Viande ?<\/strong><\/h4><p>MMIS Mondo est sp\u00e9cialis\u00e9 dans la fourniture de boyaux de saucisses premium, sans viande, r\u00e9pondant aux exigences actuelles de l'industrie agroalimentaire. Notre client\u00e8le choisit notre entreprise pour les avantages suivants\u00a0:<\/p><ul><li><strong>Qualit\u00e9 Sup\u00e9rieure<\/strong> <strong>\u2013 <\/strong>Nos boyaux proviennent de fabricants sp\u00e9cialis\u00e9s garantissant une qualit\u00e9 d'\u00e9lite et des performances constantes.<\/li><li><strong>Large S\u00e9lection \u2013 <\/strong>MMIS Mondo propose une vaste gamme de boyaux adapt\u00e9s aux besoins sp\u00e9cifiques en termes de taille, texture et mat\u00e9riaux.<\/li><li><strong>Tarification comp\u00e9titive \u2013<\/strong> Profitez de boyaux sans viande de haute qualit\u00e9 \u00e0 des tarifs abordables.<\/li><li><strong>Exp\u00e9dition Rapide &amp; Fiable \u2013<\/strong> Nous assurons des livraisons rapides dans toutes les provinces du Canada pour garantir la continuit\u00e9 de vos op\u00e9rations.<\/li><li><strong>Support d\u2019Experts \u2013<\/strong> Notre \u00e9quipe d\u2019experts vous accompagne dans le choix des boyaux les mieux adapt\u00e9s \u00e0 vos besoins.<\/li><\/ul>\t\t\t\t\t\t\t\t<\/div>\n\t\t\t\t<\/div>\n\t\t\t\t\t<\/div>\n\t\t<\/div>\n\t\t\t\t\t<\/div>\n\t\t<\/section>\n\t\t\t\t<section class=\"elementor-section elementor-top-section elementor-element elementor-element-05de5c8 elementor-section-full_width elementor-section-height-default elementor-section-height-default\" data-id=\"05de5c8\" data-element_type=\"section\">\n\t\t\t\t\t\t<div class=\"elementor-container elementor-column-gap-default\">\n\t\t\t\t\t<div class=\"elementor-column elementor-col-100 elementor-top-column elementor-element elementor-element-df7b877\" data-id=\"df7b877\" data-element_type=\"column\">\n\t\t\t<div class=\"elementor-widget-wrap elementor-element-populated\">\n\t\t\t\t\t\t<div class=\"elementor-element elementor-element-bb32ee2 elementor-widget elementor-widget-shortcode\" data-id=\"bb32ee2\" data-element_type=\"widget\" data-widget_type=\"shortcode.default\">\n\t\t\t\t<div class=\"elementor-widget-container\">\n\t\t\t\t\t\t\t<div class=\"elementor-shortcode\">\t\t<div data-elementor-type=\"wp-post\" data-elementor-id=\"1005\" class=\"elementor elementor-1005\" data-elementor-post-type=\"elementor-hf\">\n\t\t\t\t\t\t<footer class=\"elementor-section elementor-top-section elementor-element elementor-element-1adf6c3 elementor-section-full_width elementor-section-height-default elementor-section-height-default\" data-id=\"1adf6c3\" data-element_type=\"section\" data-settings=\"{&quot;background_background&quot;:&quot;gradient&quot;}\">\n\t\t\t\t\t\t<div class=\"elementor-container elementor-column-gap-default\">\n\t\t\t\t\t<div class=\"elementor-column elementor-col-33 elementor-top-column elementor-element elementor-element-f375590\" data-id=\"f375590\" data-element_type=\"column\">\n\t\t\t<div class=\"elementor-widget-wrap elementor-element-populated\">\n\t\t\t\t\t\t<div class=\"elementor-element elementor-element-4aa5181 elementor-widget elementor-widget-text-editor\" data-id=\"4aa5181\" data-element_type=\"widget\" data-widget_type=\"text-editor.default\">\n\t\t\t\t<div class=\"elementor-widget-container\">\n\t\t\t\t\t\t\t\t\t<p>Notre emplacement: 151 King Street,<br \/>Barrie, Ontario, L4N 6B5<br \/>Servir le Canada et l'Am\u00e9rique du Nord<\/p>\t\t\t\t\t\t\t\t<\/div>\n\t\t\t\t<\/div>\n\t\t\t\t\t<\/div>\n\t\t<\/div>\n\t\t\t\t<div class=\"elementor-column elementor-col-33 elementor-top-column elementor-element elementor-element-bfb550a\" data-id=\"bfb550a\" data-element_type=\"column\">\n\t\t\t<div class=\"elementor-widget-wrap elementor-element-populated\">\n\t\t\t\t\t\t<div class=\"elementor-element elementor-element-458c3b4 elementor-widget elementor-widget-image\" data-id=\"458c3b4\" data-element_type=\"widget\" data-widget_type=\"image.default\">\n\t\t\t\t<div class=\"elementor-widget-container\">\n\t\t\t\t\t\t\t\t\t\t\t\t\t\t\t<img decoding=\"async\" width=\"300\" height=\"78\" src=\"https:\/\/mmis.ca\/wp-content\/uploads\/2017\/04\/newlogos-300x78.png\" class=\"attachment-medium size-medium wp-image-390\" alt=\"\" srcset=\"https:\/\/mmis.ca\/wp-content\/uploads\/2017\/04\/newlogos-300x78.png 300w, https:\/\/mmis.ca\/wp-content\/uploads\/2017\/04\/newlogos-768x200.png 768w, https:\/\/mmis.ca\/wp-content\/uploads\/2017\/04\/newlogos-1024x267.png 1024w, https:\/\/mmis.ca\/wp-content\/uploads\/2017\/04\/newlogos.png 1037w\" sizes=\"(max-width: 300px) 100vw, 300px\" \/>\t\t\t\t\t\t\t\t\t\t\t\t\t\t\t<\/div>\n\t\t\t\t<\/div>\n\t\t\t\t\t<\/div>\n\t\t<\/div>\n\t\t\t\t<div class=\"elementor-column elementor-col-33 elementor-top-column elementor-element elementor-element-d152e93\" data-id=\"d152e93\" data-element_type=\"column\">\n\t\t\t<div class=\"elementor-widget-wrap elementor-element-populated\">\n\t\t\t\t\t\t<div class=\"elementor-element elementor-element-eeedc57 elementor-widget elementor-widget-text-editor\" data-id=\"eeedc57\" data-element_type=\"widget\" data-widget_type=\"text-editor.default\">\n\t\t\t\t<div class=\"elementor-widget-container\">\n\t\t\t\t\t\t\t\t\t<p>E-mail: <a href=\"mailto:inquiry@mmis.ca\">inquiry@mmis.ca<\/a><br \/>T\u00e9l\u00e9phone #: <a href=\"Tel:9058411717\">905 841 1717<\/a><br \/>Gratuit: <a href=\"Tel:1-877-873-6647\">1-877-873-6647<\/a><\/p>\t\t\t\t\t\t\t\t<\/div>\n\t\t\t\t<\/div>\n\t\t\t\t\t<\/div>\n\t\t<\/div>\n\t\t\t\t\t<\/div>\n\t\t<\/footer>\n\t\t\t\t<\/div>\n\t\t<\/div>\n\t\t\t\t\t\t<\/div>\n\t\t\t\t<\/div>\n\t\t\t\t\t<\/div>\n\t\t<\/div>\n\t\t\t\t\t<\/div>\n\t\t<\/section>\n\t\t\t\t<\/div>","protected":false},"excerpt":{"rendered":"<p>High-Quality Non-Meat Sausage Casings from MMIS Mondo MMIS Mondo provides superior non-meat sausage casings as a supply for food manufacturers along with butchers and commercial meat processors. MMIS Mondo provides plant-based and synthetic casings that substitute animal-derived sausage casings with consistent performance and durability in addition to user-friendly operation. Our non-meat sausage casings deliver professional [&hellip;]<\/p>","protected":false},"author":2,"featured_media":0,"parent":0,"menu_order":0,"comment_status":"closed","ping_status":"closed","template":"","meta":{"footnotes":""},"class_list":["post-4414","page","type-page","status-publish","hentry"],"aioseo_notices":[],"_links":{"self":[{"href":"https:\/\/mmis.ca\/fr\/wp-json\/wp\/v2\/pages\/4414","targetHints":{"allow":["GET"]}}],"collection":[{"href":"https:\/\/mmis.ca\/fr\/wp-json\/wp\/v2\/pages"}],"about":[{"href":"https:\/\/mmis.ca\/fr\/wp-json\/wp\/v2\/types\/page"}],"author":[{"embeddable":true,"href":"https:\/\/mmis.ca\/fr\/wp-json\/wp\/v2\/users\/2"}],"replies":[{"embeddable":true,"href":"https:\/\/mmis.ca\/fr\/wp-json\/wp\/v2\/comments?post=4414"}],"version-history":[{"count":36,"href":"https:\/\/mmis.ca\/fr\/wp-json\/wp\/v2\/pages\/4414\/revisions"}],"predecessor-version":[{"id":5391,"href":"https:\/\/mmis.ca\/fr\/wp-json\/wp\/v2\/pages\/4414\/revisions\/5391"}],"wp:attachment":[{"href":"https:\/\/mmis.ca\/fr\/wp-json\/wp\/v2\/media?parent=4414"}],"curies":[{"name":"wp","href":"https:\/\/api.w.org\/{rel}","templated":true}]}}