{"id":4594,"date":"2025-04-27T09:04:32","date_gmt":"2025-04-27T09:04:32","guid":{"rendered":"https:\/\/mmis.ca\/?page_id=4594"},"modified":"2025-05-02T10:01:09","modified_gmt":"2025-05-02T10:01:09","slug":"kosher-sausage-casings","status":"publish","type":"page","link":"https:\/\/mmis.ca\/fr\/boyaux-de-saucisses-casher\/","title":{"rendered":"Boyaux de saucisse casher"},"content":{"rendered":"<div data-elementor-type=\"wp-page\" data-elementor-id=\"4594\" class=\"elementor elementor-4594\" data-elementor-post-type=\"page\">\n\t\t\t\t\t\t<section class=\"elementor-section elementor-top-section elementor-element elementor-element-10aba06b elementor-section-boxed elementor-section-height-default elementor-section-height-default\" data-id=\"10aba06b\" data-element_type=\"section\">\n\t\t\t\t\t\t<div class=\"elementor-container elementor-column-gap-default\">\n\t\t\t\t\t<div class=\"elementor-column elementor-col-100 elementor-top-column elementor-element elementor-element-75e9fa01\" data-id=\"75e9fa01\" data-element_type=\"column\">\n\t\t\t<div class=\"elementor-widget-wrap elementor-element-populated\">\n\t\t\t\t\t\t<div class=\"elementor-element elementor-element-25464333 elementor-widget elementor-widget-text-editor\" data-id=\"25464333\" data-element_type=\"widget\" data-widget_type=\"text-editor.default\">\n\t\t\t\t<div class=\"elementor-widget-container\">\n\t\t\t\t\t\t\t\t\t<p><img fetchpriority=\"high\" decoding=\"async\" class=\"wp-image-4610 alignright\" src=\"https:\/\/mmis.ca\/wp-content\/uploads\/2025\/04\/kosher-sausage-casings-200x300.png\" alt=\"\" width=\"381\" height=\"571\" srcset=\"https:\/\/mmis.ca\/wp-content\/uploads\/2025\/04\/kosher-sausage-casings-200x300.png 200w, https:\/\/mmis.ca\/wp-content\/uploads\/2025\/04\/kosher-sausage-casings-8x12.png 8w, https:\/\/mmis.ca\/wp-content\/uploads\/2025\/04\/kosher-sausage-casings-16x24.png 16w, https:\/\/mmis.ca\/wp-content\/uploads\/2025\/04\/kosher-sausage-casings-24x36.png 24w, https:\/\/mmis.ca\/wp-content\/uploads\/2025\/04\/kosher-sausage-casings-32x48.png 32w, https:\/\/mmis.ca\/wp-content\/uploads\/2025\/04\/kosher-sausage-casings.png 600w\" sizes=\"(max-width: 381px) 100vw, 381px\" \/><\/p><div role=\"dialog\" data-popmake=\"{\" aria-hidden=\"false\" aria-labelledby=\"pum_popup_title_292\"><div><h2><strong>Boyaux de saucisse casher\u00a0: une qualit\u00e9 sup\u00e9rieure pour les grossistes<\/strong><\/h2><p>Les grossistes peuvent compter sur MMIS Mondo, fournisseur de confiance de boyaux de saucisses casher de haute qualit\u00e9. Nos boyaux sont certifi\u00e9s par des autorit\u00e9s casher reconnues et r\u00e9pondent \u00e0 des normes religieuses et de qualit\u00e9 strictes. Leur conception commerciale assure une production efficace et un fonctionnement fluide.<\/p><h3><strong>Que sont les boyaux de saucisse casher\u00a0?<\/strong><\/h3><p>La transformation des boyaux de saucisses casher r\u00e9pond aux exigences sp\u00e9cifiques du r\u00e9gime alimentaire juif. Les fabricants industriels utilisent ces boyaux pour produire des saucisses destin\u00e9es aux personnes soumises \u00e0 des restrictions alimentaires casher. Les boyaux de saucisses casher suivent des r\u00e8gles de fabrication strictes qui les rendent adapt\u00e9s aux pratiques religieuses. MMIS Mondo est sp\u00e9cialis\u00e9 dans les boyaux de saucisses casher certifi\u00e9s pour leur fiabilit\u00e9 et leur qualit\u00e9 optimale.<\/p><h4><strong>Pourquoi choisir MMIS Mondo pour les boyaux de saucisses casher ?<\/strong><\/h4><ol><li><strong> Qualit\u00e9 et conformit\u00e9 certifi\u00e9es<\/strong><\/li><\/ol><p>Tous les clients de boyaux de saucisses casher savent que le respect des normes casher est une exigence absolue lors de leur achat. Les \u00e9tablissements religieux certifi\u00e9s fournissent nos boyaux, qui r\u00e9pondent \u00e0 toutes les exigences religieuses. Cette certification garantit la conformit\u00e9 de vos produits aux exigences casher, vous permettant ainsi de servir votre march\u00e9 cible en toute confiance.<\/p><ol start=\"2\"><li><strong> Durabilit\u00e9 et performances<\/strong><\/li><\/ol><p>MMIS Mondo fournit des boyaux durables pour saucisses casher offrant des performances exceptionnelles. La conservation des saveurs est optimale et les boyaux conservent leur int\u00e9grit\u00e9 structurelle du d\u00e9but \u00e0 la fin de la transformation. Nos boyaux r\u00e9pondent parfaitement aux exigences commerciales de la production de saucisses, qu'elles soient utilis\u00e9es pour des produits frais ou affin\u00e9s.<\/p><ol start=\"3\"><li><strong> Polyvalence pour une utilisation commerciale<\/strong><\/li><\/ol><p>Les boyaux pour saucisses casher de MMIS Mondo r\u00e9pondent \u00e0 divers besoins, des plus traditionnels aux plus gourmands. Nous proposons des saucisses certifi\u00e9es casher aux finitions professionnelles, aux textures et saveurs recherch\u00e9es gr\u00e2ce \u00e0 nos solutions adapt\u00e9es aux hot-dogs, salamis et autres produits certifi\u00e9s casher.<\/p><h4><strong>L'importance des boyaux de saucisse casher de qualit\u00e9 pour votre entreprise<\/strong><\/h4><p>Les boyaux de saucisses casher influencent la qualit\u00e9 du produit final. Le choix des fournisseurs de boyaux de saucisses casher exige une \u00e9valuation de la qualit\u00e9 des boyaux et de leur conformit\u00e9 aux normes casher. MMIS Mondo s'attache \u00e0 fournir des boyaux qui optimisent la qualit\u00e9 globale et l'uniformit\u00e9 de vos saucisses.<\/p><ol><li><strong> Coh\u00e9rence dans la qualit\u00e9 des produits<\/strong><\/li><\/ol><p>Vos saucisses n\u00e9cessitent des boyaux casher de qualit\u00e9 constante pour garantir l'int\u00e9grit\u00e9 de la production. Nos boyaux sont soumis \u00e0 des \u00e9tapes de fabrication rigoureuses qui garantissent une uniformit\u00e9 optimale et \u00e9vitent les cassures et les irr\u00e9gularit\u00e9s pendant la fabrication. Gr\u00e2ce \u00e0 la fiabilit\u00e9 de nos boyaux, vos saucisses donneront satisfaction \u00e0 vos clients.<\/p><ol start=\"2\"><li><strong> Assurer la conformit\u00e9 de vos clients<\/strong><\/li><\/ol><p>Vos clients comptent sur le respect des normes casher pour gagner la confiance de votre entreprise. L'utilisation des boyaux \u00e0 saucisses casher de MMIS Mondo permet \u00e0 votre entreprise de fabriquer des saucisses di\u00e9t\u00e9tiques juives conformes, \u00e9largissant ainsi votre client\u00e8le.<\/p><h5><strong>Pourquoi s'associer \u00e0 MMIS Mondo pour vos besoins en boyaux de saucisses en gros ?<\/strong><\/h5><p>MMIS Mondo se consacre \u00e0 la fourniture de boyaux de saucisses casher de premier ordre pour l'industrie agroalimentaire. Nous proposons des prix abordables, un service de livraison fiable et un accompagnement de qualit\u00e9 pour nos clients souhaitant une production de saucisses impeccable. Notre m\u00e9thode de livraison en gros vous permet de vous procurer des boyaux en vrac adapt\u00e9s \u00e0 vos besoins, devenant ainsi votre principal fournisseur de boyaux de saucisses casher.<\/p><p>Contactez-nous d\u00e8s aujourd'hui pour obtenir des informations sur nos boyaux de saucisses casher certifi\u00e9s qui vous aideront \u00e0 optimiser votre production avec des boyaux de qualit\u00e9 sup\u00e9rieure.<\/p><p>Votre d\u00e9cision de travailler avec MMIS Mondo vous permet de b\u00e9n\u00e9ficier de produits haut de gamme en collaboration avec un fournisseur qui reconna\u00eet les exigences du secteur de la vente en gros en mati\u00e8re de normes de qualit\u00e9 et d'efficacit\u00e9 op\u00e9rationnelle.<\/p><\/div><\/div>\t\t\t\t\t\t\t\t<\/div>\n\t\t\t\t<\/div>\n\t\t\t\t\t<\/div>\n\t\t<\/div>\n\t\t\t\t\t<\/div>\n\t\t<\/section>\n\t\t\t\t<section class=\"elementor-section elementor-top-section elementor-element elementor-element-05de5c8 elementor-section-full_width elementor-section-height-default elementor-section-height-default\" data-id=\"05de5c8\" data-element_type=\"section\">\n\t\t\t\t\t\t<div class=\"elementor-container elementor-column-gap-default\">\n\t\t\t\t\t<div class=\"elementor-column elementor-col-100 elementor-top-column elementor-element elementor-element-df7b877\" data-id=\"df7b877\" data-element_type=\"column\">\n\t\t\t<div class=\"elementor-widget-wrap elementor-element-populated\">\n\t\t\t\t\t\t<div class=\"elementor-element elementor-element-bb32ee2 elementor-widget elementor-widget-shortcode\" data-id=\"bb32ee2\" data-element_type=\"widget\" data-widget_type=\"shortcode.default\">\n\t\t\t\t<div class=\"elementor-widget-container\">\n\t\t\t\t\t\t\t<div class=\"elementor-shortcode\">\t\t<div data-elementor-type=\"wp-post\" data-elementor-id=\"1005\" class=\"elementor elementor-1005\" data-elementor-post-type=\"elementor-hf\">\n\t\t\t\t\t\t<footer class=\"elementor-section elementor-top-section elementor-element elementor-element-1adf6c3 elementor-section-full_width elementor-section-height-default elementor-section-height-default\" data-id=\"1adf6c3\" data-element_type=\"section\" data-settings=\"{&quot;background_background&quot;:&quot;gradient&quot;}\">\n\t\t\t\t\t\t<div class=\"elementor-container elementor-column-gap-default\">\n\t\t\t\t\t<div class=\"elementor-column elementor-col-33 elementor-top-column elementor-element elementor-element-f375590\" data-id=\"f375590\" data-element_type=\"column\">\n\t\t\t<div class=\"elementor-widget-wrap elementor-element-populated\">\n\t\t\t\t\t\t<div class=\"elementor-element elementor-element-4aa5181 elementor-widget elementor-widget-text-editor\" data-id=\"4aa5181\" data-element_type=\"widget\" data-widget_type=\"text-editor.default\">\n\t\t\t\t<div class=\"elementor-widget-container\">\n\t\t\t\t\t\t\t\t\t<p>Notre emplacement: 151 King Street,<br \/>Barrie, Ontario, L4N 6B5<br \/>Servir le Canada et l'Am\u00e9rique du Nord<\/p>\t\t\t\t\t\t\t\t<\/div>\n\t\t\t\t<\/div>\n\t\t\t\t\t<\/div>\n\t\t<\/div>\n\t\t\t\t<div class=\"elementor-column elementor-col-33 elementor-top-column elementor-element elementor-element-bfb550a\" data-id=\"bfb550a\" data-element_type=\"column\">\n\t\t\t<div class=\"elementor-widget-wrap elementor-element-populated\">\n\t\t\t\t\t\t<div class=\"elementor-element elementor-element-458c3b4 elementor-widget elementor-widget-image\" data-id=\"458c3b4\" data-element_type=\"widget\" data-widget_type=\"image.default\">\n\t\t\t\t<div class=\"elementor-widget-container\">\n\t\t\t\t\t\t\t\t\t\t\t\t\t\t\t<img decoding=\"async\" width=\"300\" height=\"78\" src=\"https:\/\/mmis.ca\/wp-content\/uploads\/2017\/04\/newlogos-300x78.png\" class=\"attachment-medium size-medium wp-image-390\" alt=\"\" srcset=\"https:\/\/mmis.ca\/wp-content\/uploads\/2017\/04\/newlogos-300x78.png 300w, https:\/\/mmis.ca\/wp-content\/uploads\/2017\/04\/newlogos-768x200.png 768w, https:\/\/mmis.ca\/wp-content\/uploads\/2017\/04\/newlogos-1024x267.png 1024w, https:\/\/mmis.ca\/wp-content\/uploads\/2017\/04\/newlogos.png 1037w\" sizes=\"(max-width: 300px) 100vw, 300px\" \/>\t\t\t\t\t\t\t\t\t\t\t\t\t\t\t<\/div>\n\t\t\t\t<\/div>\n\t\t\t\t\t<\/div>\n\t\t<\/div>\n\t\t\t\t<div class=\"elementor-column elementor-col-33 elementor-top-column elementor-element elementor-element-d152e93\" data-id=\"d152e93\" data-element_type=\"column\">\n\t\t\t<div class=\"elementor-widget-wrap elementor-element-populated\">\n\t\t\t\t\t\t<div class=\"elementor-element elementor-element-eeedc57 elementor-widget elementor-widget-text-editor\" data-id=\"eeedc57\" data-element_type=\"widget\" data-widget_type=\"text-editor.default\">\n\t\t\t\t<div class=\"elementor-widget-container\">\n\t\t\t\t\t\t\t\t\t<p>E-mail: <a href=\"mailto:inquiry@mmis.ca\">inquiry@mmis.ca<\/a><br \/>T\u00e9l\u00e9phone #: <a href=\"Tel:9058411717\">905 841 1717<\/a><br \/>Gratuit: <a href=\"Tel:1-877-873-6647\">1-877-873-6647<\/a><\/p>\t\t\t\t\t\t\t\t<\/div>\n\t\t\t\t<\/div>\n\t\t\t\t\t<\/div>\n\t\t<\/div>\n\t\t\t\t\t<\/div>\n\t\t<\/footer>\n\t\t\t\t<\/div>\n\t\t<\/div>\n\t\t\t\t\t\t<\/div>\n\t\t\t\t<\/div>\n\t\t\t\t\t<\/div>\n\t\t<\/div>\n\t\t\t\t\t<\/div>\n\t\t<\/section>\n\t\t\t\t<\/div>","protected":false},"excerpt":{"rendered":"<p>Kosher Sausage Casings: Premium Quality for Wholesale Businesses The wholesale business can rely on MMIS Mondo as a trusted supplier for high-quality kosher sausage casings. Our casings are certified by recognized kosher authorities to meet strict religious and quality standards. The commercial design of our casings allows your production to operate efficiently while maintaining smooth [&hellip;]<\/p>","protected":false},"author":2,"featured_media":0,"parent":0,"menu_order":0,"comment_status":"closed","ping_status":"closed","template":"","meta":{"footnotes":""},"class_list":["post-4594","page","type-page","status-publish","hentry"],"aioseo_notices":[],"_links":{"self":[{"href":"https:\/\/mmis.ca\/fr\/wp-json\/wp\/v2\/pages\/4594","targetHints":{"allow":["GET"]}}],"collection":[{"href":"https:\/\/mmis.ca\/fr\/wp-json\/wp\/v2\/pages"}],"about":[{"href":"https:\/\/mmis.ca\/fr\/wp-json\/wp\/v2\/types\/page"}],"author":[{"embeddable":true,"href":"https:\/\/mmis.ca\/fr\/wp-json\/wp\/v2\/users\/2"}],"replies":[{"embeddable":true,"href":"https:\/\/mmis.ca\/fr\/wp-json\/wp\/v2\/comments?post=4594"}],"version-history":[{"count":13,"href":"https:\/\/mmis.ca\/fr\/wp-json\/wp\/v2\/pages\/4594\/revisions"}],"predecessor-version":[{"id":4741,"href":"https:\/\/mmis.ca\/fr\/wp-json\/wp\/v2\/pages\/4594\/revisions\/4741"}],"wp:attachment":[{"href":"https:\/\/mmis.ca\/fr\/wp-json\/wp\/v2\/media?parent=4594"}],"curies":[{"name":"wp","href":"https:\/\/api.w.org\/{rel}","templated":true}]}}