{"id":8,"date":"2017-03-01T21:32:32","date_gmt":"2017-03-01T21:32:32","guid":{"rendered":"http:\/\/www.mmis.ca\/wordpress\/?page_id=8"},"modified":"2025-02-19T11:41:53","modified_gmt":"2025-02-19T11:41:53","slug":"about-us","status":"publish","type":"page","link":"https:\/\/mmis.ca\/fr\/a-propos-de-nous\/","title":{"rendered":"\u00c0 propos"},"content":{"rendered":"<div data-elementor-type=\"wp-page\" data-elementor-id=\"8\" class=\"elementor elementor-8\" data-elementor-post-type=\"page\">\n\t\t\t\t\t\t<section class=\"elementor-section elementor-top-section elementor-element elementor-element-906e376 elementor-section-boxed elementor-section-height-default elementor-section-height-default\" data-id=\"906e376\" data-element_type=\"section\">\n\t\t\t\t\t\t<div class=\"elementor-container elementor-column-gap-default\">\n\t\t\t\t\t<div class=\"elementor-column elementor-col-100 elementor-top-column elementor-element elementor-element-6f6d435\" data-id=\"6f6d435\" data-element_type=\"column\">\n\t\t\t<div class=\"elementor-widget-wrap elementor-element-populated\">\n\t\t\t\t\t\t<div class=\"elementor-element elementor-element-bc50e4c elementor-widget elementor-widget-text-editor\" data-id=\"bc50e4c\" data-element_type=\"widget\" data-widget_type=\"text-editor.default\">\n\t\t\t\t<div class=\"elementor-widget-container\">\n\t\t\t\t\t\t\t\t\t<p><span style=\"font-size: medium;\">Depuis sa fondation en 1979, MMIS Inc. a fourni au march\u00e9 canadien des boyaux artificiels de fabrication europ\u00e9enne de la gamme Walsroder de renomm\u00e9e mondiale (qui fait maintenant partie de la compagnie Viskase Inc.). Nous repr\u00e9sentons toujours la gamme de boyaux Europ\u00e9ens de Viskase au Canada \u00e0 ce jour. Au fur et \u00e0 mesure que MMIS grandissait, les phosphates BRIFISOL bien connus de la compagnie ICL ont \u00e9t\u00e9 ajout\u00e9s \u00e0 notre gamme de produits en 1983. <\/span><\/p>\t\t\t\t\t\t\t\t<\/div>\n\t\t\t\t<\/div>\n\t\t\t\t<div class=\"elementor-element elementor-element-53d2566 elementor-widget elementor-widget-image\" data-id=\"53d2566\" data-element_type=\"widget\" data-widget_type=\"image.default\">\n\t\t\t\t<div class=\"elementor-widget-container\">\n\t\t\t\t\t\t\t\t\t\t\t\t\t\t\t<img fetchpriority=\"high\" decoding=\"async\" width=\"2560\" height=\"1236\" src=\"https:\/\/mmis.ca\/wp-content\/uploads\/2020\/04\/slider-1-scaled.jpg\" class=\"attachment-full size-full wp-image-980\" alt=\"\" srcset=\"https:\/\/mmis.ca\/wp-content\/uploads\/2020\/04\/slider-1-scaled.jpg 2560w, https:\/\/mmis.ca\/wp-content\/uploads\/2020\/04\/slider-1-300x145.jpg 300w, https:\/\/mmis.ca\/wp-content\/uploads\/2020\/04\/slider-1-1024x494.jpg 1024w, https:\/\/mmis.ca\/wp-content\/uploads\/2020\/04\/slider-1-768x371.jpg 768w, https:\/\/mmis.ca\/wp-content\/uploads\/2020\/04\/slider-1-1536x741.jpg 1536w, https:\/\/mmis.ca\/wp-content\/uploads\/2020\/04\/slider-1-2048x988.jpg 2048w, https:\/\/mmis.ca\/wp-content\/uploads\/2020\/04\/slider-1-24x12.jpg 24w, https:\/\/mmis.ca\/wp-content\/uploads\/2020\/04\/slider-1-36x17.jpg 36w, https:\/\/mmis.ca\/wp-content\/uploads\/2020\/04\/slider-1-48x23.jpg 48w\" sizes=\"(max-width: 2560px) 100vw, 2560px\" \/>\t\t\t\t\t\t\t\t\t\t\t\t\t\t\t<\/div>\n\t\t\t\t<\/div>\n\t\t\t\t<div class=\"elementor-element elementor-element-7520104 elementor-widget elementor-widget-text-editor\" data-id=\"7520104\" data-element_type=\"widget\" data-widget_type=\"text-editor.default\">\n\t\t\t\t<div class=\"elementor-widget-container\">\n\t\t\t\t\t\t\t\t\t<p><span style=\"font-size: medium;\">MMIS Inc. Head Office, Aurora, Ontario (1989 \u2013 2020)<\/span><\/p><p>MMIS Mondo Ltd. a commenc\u00e9 \u00e0 m\u00e9langer des formules d'\u00e9pices en 2001. L'entreprise a obtenu la certification HACCP en 2012 et a ensuite \u00e9t\u00e9 certifi\u00e9e SQF (<em>Aliments s\u00fbrs et de qualit\u00e9<\/em>) certifi\u00e9e en 2017. Safe Quality Food \u00e9tablit la norme mondiale en mati\u00e8re de s\u00e9curit\u00e9 alimentaire. MMIS Mondo s'efforce constamment de r\u00e9pondre aux besoins changeants de l'industrie. En 2018, une gamme compl\u00e8te de produits clean label (Mondo Pure) a \u00e9t\u00e9 d\u00e9velopp\u00e9e et lanc\u00e9e. Au cours des ann\u00e9es suivantes, d'autres certifications, telles que biologique et casher, ont \u00e9t\u00e9 ajout\u00e9es, permettant ainsi de conqu\u00e9rir de nouveaux clients et march\u00e9s. Apr\u00e8s 30 ans \u00e0 Aurora, en Ontario, MMIS a d\u00e9m\u00e9nag\u00e9 \u00e0 Barrie, \u00e9galement en Ontario, en 2020. Ces nouvelles installations, consid\u00e9rablement agrandies, ont \u00e9t\u00e9 con\u00e7ues pour r\u00e9pondre aux r\u00e9glementations les plus strictes en mati\u00e8re d'hygi\u00e8ne et de s\u00e9curit\u00e9 alimentaire et pour r\u00e9duire consid\u00e9rablement notre empreinte carbone.<\/p>\t\t\t\t\t\t\t\t<\/div>\n\t\t\t\t<\/div>\n\t\t\t\t<div class=\"elementor-element elementor-element-12f87e1 elementor-widget elementor-widget-image\" data-id=\"12f87e1\" data-element_type=\"widget\" data-widget_type=\"image.default\">\n\t\t\t\t<div class=\"elementor-widget-container\">\n\t\t\t\t\t\t\t\t\t\t\t\t\t\t\t<img decoding=\"async\" width=\"2560\" height=\"1407\" src=\"https:\/\/mmis.ca\/wp-content\/uploads\/2020\/05\/BARRIE-PLANT-ABOUT-US-1-scaled.jpg\" class=\"attachment-full size-full wp-image-1118\" alt=\"\" srcset=\"https:\/\/mmis.ca\/wp-content\/uploads\/2020\/05\/BARRIE-PLANT-ABOUT-US-1-scaled.jpg 2560w, https:\/\/mmis.ca\/wp-content\/uploads\/2020\/05\/BARRIE-PLANT-ABOUT-US-1-300x165.jpg 300w, https:\/\/mmis.ca\/wp-content\/uploads\/2020\/05\/BARRIE-PLANT-ABOUT-US-1-1024x563.jpg 1024w, https:\/\/mmis.ca\/wp-content\/uploads\/2020\/05\/BARRIE-PLANT-ABOUT-US-1-768x422.jpg 768w, https:\/\/mmis.ca\/wp-content\/uploads\/2020\/05\/BARRIE-PLANT-ABOUT-US-1-1536x844.jpg 1536w, https:\/\/mmis.ca\/wp-content\/uploads\/2020\/05\/BARRIE-PLANT-ABOUT-US-1-2048x1126.jpg 2048w, https:\/\/mmis.ca\/wp-content\/uploads\/2020\/05\/BARRIE-PLANT-ABOUT-US-1-24x13.jpg 24w, https:\/\/mmis.ca\/wp-content\/uploads\/2020\/05\/BARRIE-PLANT-ABOUT-US-1-36x20.jpg 36w, https:\/\/mmis.ca\/wp-content\/uploads\/2020\/05\/BARRIE-PLANT-ABOUT-US-1-48x26.jpg 48w\" sizes=\"(max-width: 2560px) 100vw, 2560px\" \/>\t\t\t\t\t\t\t\t\t\t\t\t\t\t\t<\/div>\n\t\t\t\t<\/div>\n\t\t\t\t<div class=\"elementor-element elementor-element-ef65a82 elementor-widget elementor-widget-text-editor\" data-id=\"ef65a82\" data-element_type=\"widget\" data-widget_type=\"text-editor.default\">\n\t\t\t\t<div class=\"elementor-widget-container\">\n\t\t\t\t\t\t\t\t\t<p><span style=\"font-size: medium;\">MMIS Inc. si\u00e8ge social, Barrie, Ontario (2020 -)<\/span><\/p>\t\t\t\t\t\t\t\t<\/div>\n\t\t\t\t<\/div>\n\t\t\t\t<section class=\"elementor-section elementor-inner-section elementor-element elementor-element-ed2ca69 elementor-section-boxed elementor-section-height-default elementor-section-height-default\" data-id=\"ed2ca69\" data-element_type=\"section\">\n\t\t\t\t\t\t<div class=\"elementor-container elementor-column-gap-default\">\n\t\t\t\t\t<div class=\"elementor-column elementor-col-50 elementor-inner-column elementor-element elementor-element-efb231f\" data-id=\"efb231f\" data-element_type=\"column\">\n\t\t\t<div class=\"elementor-widget-wrap elementor-element-populated\">\n\t\t\t\t\t\t<div class=\"elementor-element elementor-element-a474929 elementor-widget elementor-widget-image\" data-id=\"a474929\" data-element_type=\"widget\" data-widget_type=\"image.default\">\n\t\t\t\t<div class=\"elementor-widget-container\">\n\t\t\t\t\t\t\t\t\t\t\t\t\t\t\t<img decoding=\"async\" width=\"768\" height=\"1024\" src=\"https:\/\/mmis.ca\/wp-content\/uploads\/2017\/03\/About-Us-3-768x1024.jpg\" class=\"attachment-large size-large wp-image-551\" alt=\"\" srcset=\"https:\/\/mmis.ca\/wp-content\/uploads\/2017\/03\/About-Us-3-768x1024.jpg 768w, https:\/\/mmis.ca\/wp-content\/uploads\/2017\/03\/About-Us-3-225x300.jpg 225w, https:\/\/mmis.ca\/wp-content\/uploads\/2017\/03\/About-Us-3-18x24.jpg 18w, https:\/\/mmis.ca\/wp-content\/uploads\/2017\/03\/About-Us-3-27x36.jpg 27w, https:\/\/mmis.ca\/wp-content\/uploads\/2017\/03\/About-Us-3-36x48.jpg 36w\" sizes=\"(max-width: 768px) 100vw, 768px\" \/>\t\t\t\t\t\t\t\t\t\t\t\t\t\t\t<\/div>\n\t\t\t\t<\/div>\n\t\t\t\t\t<\/div>\n\t\t<\/div>\n\t\t\t\t<div class=\"elementor-column elementor-col-50 elementor-inner-column elementor-element elementor-element-faf5bff\" data-id=\"faf5bff\" data-element_type=\"column\">\n\t\t\t<div class=\"elementor-widget-wrap elementor-element-populated\">\n\t\t\t\t\t\t<div class=\"elementor-element elementor-element-e814fbb elementor-widget elementor-widget-text-editor\" data-id=\"e814fbb\" data-element_type=\"widget\" data-widget_type=\"text-editor.default\">\n\t\t\t\t<div class=\"elementor-widget-container\">\n\t\t\t\t\t\t\t\t\t<p><span style=\"font-size: medium;\">Les fils du pr\u00e9sident Bert Zetzl sont maintenant copropri\u00e9taires et dirigent les op\u00e9rations quotidiennes des entreprises. Alexander a obtenu un doctorat. En chimie alimentaire de l'Universit\u00e9 de Guelph et travaill\u00e9 pour ICL en Europe avant de rejoindre MMIS en 2015. Christopher Zetzl, hon.B.Comm., A travaill\u00e9 pendant plusieurs ann\u00e9es pour l'une des plus grandes banques du Canada \u00e0 divers titres avant de rejoindre MMIS en 2017.<\/span><\/p><p><span style=\"font-size: medium;\">Nous sommes impatients de poursuivre la tradition familiale de servir l'industrie nord-am\u00e9ricaine pendant de nombreuses ann\u00e9es. Nous remercions nos employ\u00e9s tr\u00e8s fid\u00e8les et d\u00e9vou\u00e9s qui ont contribu\u00e9 au succ\u00e8s de nos entreprises au fil des ans. Nous sommes \u00e9galement reconnaissants pour les relations commerciales avec nos nombreux clients fid\u00e8les. <\/span><\/p>\t\t\t\t\t\t\t\t<\/div>\n\t\t\t\t<\/div>\n\t\t\t\t\t<\/div>\n\t\t<\/div>\n\t\t\t\t\t<\/div>\n\t\t<\/section>\n\t\t\t\t\t<\/div>\n\t\t<\/div>\n\t\t\t\t\t<\/div>\n\t\t<\/section>\n\t\t\t\t<section class=\"elementor-section elementor-top-section elementor-element elementor-element-0d92501 elementor-section-full_width elementor-section-height-default elementor-section-height-default\" data-id=\"0d92501\" data-element_type=\"section\">\n\t\t\t\t\t\t<div class=\"elementor-container elementor-column-gap-default\">\n\t\t\t\t\t<div class=\"elementor-column elementor-col-100 elementor-top-column elementor-element elementor-element-d8346c3\" data-id=\"d8346c3\" data-element_type=\"column\">\n\t\t\t<div class=\"elementor-widget-wrap elementor-element-populated\">\n\t\t\t\t\t\t<div class=\"elementor-element elementor-element-678ede5 elementor-widget elementor-widget-shortcode\" data-id=\"678ede5\" data-element_type=\"widget\" data-widget_type=\"shortcode.default\">\n\t\t\t\t<div class=\"elementor-widget-container\">\n\t\t\t\t\t\t\t<div class=\"elementor-shortcode\">\t\t<div data-elementor-type=\"wp-post\" data-elementor-id=\"1005\" class=\"elementor elementor-1005\" data-elementor-post-type=\"elementor-hf\">\n\t\t\t\t\t\t<footer class=\"elementor-section elementor-top-section elementor-element elementor-element-1adf6c3 elementor-section-full_width elementor-section-height-default elementor-section-height-default\" data-id=\"1adf6c3\" data-element_type=\"section\" data-settings=\"{&quot;background_background&quot;:&quot;gradient&quot;}\">\n\t\t\t\t\t\t<div class=\"elementor-container elementor-column-gap-default\">\n\t\t\t\t\t<div class=\"elementor-column elementor-col-33 elementor-top-column elementor-element elementor-element-f375590\" data-id=\"f375590\" data-element_type=\"column\">\n\t\t\t<div class=\"elementor-widget-wrap elementor-element-populated\">\n\t\t\t\t\t\t<div class=\"elementor-element elementor-element-4aa5181 elementor-widget elementor-widget-text-editor\" data-id=\"4aa5181\" data-element_type=\"widget\" data-widget_type=\"text-editor.default\">\n\t\t\t\t<div class=\"elementor-widget-container\">\n\t\t\t\t\t\t\t\t\t<p>Notre emplacement: 151 King Street,<br \/>Barrie, Ontario, L4N 6B5<br \/>Servir le Canada et l'Am\u00e9rique du Nord<\/p>\t\t\t\t\t\t\t\t<\/div>\n\t\t\t\t<\/div>\n\t\t\t\t\t<\/div>\n\t\t<\/div>\n\t\t\t\t<div class=\"elementor-column elementor-col-33 elementor-top-column elementor-element elementor-element-bfb550a\" data-id=\"bfb550a\" data-element_type=\"column\">\n\t\t\t<div class=\"elementor-widget-wrap elementor-element-populated\">\n\t\t\t\t\t\t<div class=\"elementor-element elementor-element-458c3b4 elementor-widget elementor-widget-image\" data-id=\"458c3b4\" data-element_type=\"widget\" data-widget_type=\"image.default\">\n\t\t\t\t<div class=\"elementor-widget-container\">\n\t\t\t\t\t\t\t\t\t\t\t\t\t\t\t<img loading=\"lazy\" decoding=\"async\" width=\"300\" height=\"78\" src=\"https:\/\/mmis.ca\/wp-content\/uploads\/2017\/04\/newlogos-300x78.png\" class=\"attachment-medium size-medium wp-image-390\" alt=\"\" srcset=\"https:\/\/mmis.ca\/wp-content\/uploads\/2017\/04\/newlogos-300x78.png 300w, https:\/\/mmis.ca\/wp-content\/uploads\/2017\/04\/newlogos-768x200.png 768w, https:\/\/mmis.ca\/wp-content\/uploads\/2017\/04\/newlogos-1024x267.png 1024w, https:\/\/mmis.ca\/wp-content\/uploads\/2017\/04\/newlogos.png 1037w\" sizes=\"(max-width: 300px) 100vw, 300px\" \/>\t\t\t\t\t\t\t\t\t\t\t\t\t\t\t<\/div>\n\t\t\t\t<\/div>\n\t\t\t\t\t<\/div>\n\t\t<\/div>\n\t\t\t\t<div class=\"elementor-column elementor-col-33 elementor-top-column elementor-element elementor-element-d152e93\" data-id=\"d152e93\" data-element_type=\"column\">\n\t\t\t<div class=\"elementor-widget-wrap elementor-element-populated\">\n\t\t\t\t\t\t<div class=\"elementor-element elementor-element-eeedc57 elementor-widget elementor-widget-text-editor\" data-id=\"eeedc57\" data-element_type=\"widget\" data-widget_type=\"text-editor.default\">\n\t\t\t\t<div class=\"elementor-widget-container\">\n\t\t\t\t\t\t\t\t\t<p>E-mail: <a href=\"mailto:inquiry@mmis.ca\">inquiry@mmis.ca<\/a><br \/>T\u00e9l\u00e9phone #: <a href=\"Tel:9058411717\">905 841 1717<\/a><br \/>Gratuit: <a href=\"Tel:1-877-873-6647\">1-877-873-6647<\/a><\/p>\t\t\t\t\t\t\t\t<\/div>\n\t\t\t\t<\/div>\n\t\t\t\t\t<\/div>\n\t\t<\/div>\n\t\t\t\t\t<\/div>\n\t\t<\/footer>\n\t\t\t\t<\/div>\n\t\t<\/div>\n\t\t\t\t\t\t<\/div>\n\t\t\t\t<\/div>\n\t\t\t\t\t<\/div>\n\t\t<\/div>\n\t\t\t\t\t<\/div>\n\t\t<\/section>\n\t\t\t\t<\/div>","protected":false},"excerpt":{"rendered":"<p>Since its founding in 1979, MMIS Inc. has supplied the Canadian market with European-made artificial casings from the world renowned Walsroder line (now part of Viskase Companies, Inc.). Our Canadian converting department cut and pre-tied millions of casings since then. We still represent Viskase\u2019s line of European made casings in Canada to this day. As [&hellip;]<\/p>","protected":false},"author":1,"featured_media":0,"parent":0,"menu_order":0,"comment_status":"closed","ping_status":"closed","template":"","meta":{"footnotes":""},"class_list":["post-8","page","type-page","status-publish","hentry"],"aioseo_notices":[],"_links":{"self":[{"href":"https:\/\/mmis.ca\/fr\/wp-json\/wp\/v2\/pages\/8","targetHints":{"allow":["GET"]}}],"collection":[{"href":"https:\/\/mmis.ca\/fr\/wp-json\/wp\/v2\/pages"}],"about":[{"href":"https:\/\/mmis.ca\/fr\/wp-json\/wp\/v2\/types\/page"}],"author":[{"embeddable":true,"href":"https:\/\/mmis.ca\/fr\/wp-json\/wp\/v2\/users\/1"}],"replies":[{"embeddable":true,"href":"https:\/\/mmis.ca\/fr\/wp-json\/wp\/v2\/comments?post=8"}],"version-history":[{"count":105,"href":"https:\/\/mmis.ca\/fr\/wp-json\/wp\/v2\/pages\/8\/revisions"}],"predecessor-version":[{"id":4137,"href":"https:\/\/mmis.ca\/fr\/wp-json\/wp\/v2\/pages\/8\/revisions\/4137"}],"wp:attachment":[{"href":"https:\/\/mmis.ca\/fr\/wp-json\/wp\/v2\/media?parent=8"}],"curies":[{"name":"wp","href":"https:\/\/api.w.org\/{rel}","templated":true}]}}